{"id":9114,"date":"2022-01-03T10:07:18","date_gmt":"2022-01-03T08:07:18","guid":{"rendered":"https:\/\/saariselka.com\/?page_id=9114"},"modified":"2023-06-12T12:38:31","modified_gmt":"2023-06-12T09:38:31","slug":"info","status":"publish","type":"page","link":"https:\/\/saariselka.com\/en\/info\/","title":{"rendered":"Info"},"content":{"rendered":"<p>[et_pb_section fb_built=&#8221;1&#8243; _builder_version=&#8221;4.16&#8243; _module_preset=&#8221;default&#8221; background_color=&#8221;rgba(52,56,55,0.2)&#8221; background_image=&#8221;https:\/\/saariselka.com\/wp-content\/uploads\/2021\/10\/Saariselan-keskusvaraamo_revontulet_1.jpg&#8221; background_position=&#8221;top_center&#8221; background_blend=&#8221;overlay&#8221; custom_padding=&#8221;199px||199px||true|false&#8221; saved_tabs=&#8221;all&#8221; locked=&#8221;off&#8221; global_colors_info=&#8221;{}&#8221;][et_pb_row _builder_version=&#8221;4.16&#8243; _module_preset=&#8221;default&#8221; global_colors_info=&#8221;{}&#8221;][et_pb_column type=&#8221;4_4&#8243; _builder_version=&#8221;4.16&#8243; _module_preset=&#8221;default&#8221; global_colors_info=&#8221;{}&#8221;][et_pb_text _builder_version=&#8221;4.16&#8243; _dynamic_attributes=&#8221;content&#8221; _module_preset=&#8221;default&#8221; text_orientation=&#8221;center&#8221; background_layout=&#8221;dark&#8221; custom_margin=&#8221;0px||0px||true|false&#8221; custom_padding=&#8221;||||true|false&#8221; global_colors_info=&#8221;{}&#8221;]@ET-DC@eyJkeW5hbWljIjp0cnVlLCJjb250ZW50IjoicG9zdF90aXRsZSIsInNldHRpbmdzIjp7ImJlZm9yZSI6IjxoMT4iLCJhZnRlciI6IjwvaDE+In19@[\/et_pb_text][\/et_pb_column][\/et_pb_row][\/et_pb_section][et_pb_section fb_built=&#8221;1&#8243; _builder_version=&#8221;4.16&#8243; _module_preset=&#8221;default&#8221; global_colors_info=&#8221;{}&#8221;][et_pb_row _builder_version=&#8221;4.16&#8243; _module_preset=&#8221;default&#8221; global_colors_info=&#8221;{}&#8221;][et_pb_column type=&#8221;4_4&#8243; _builder_version=&#8221;4.16&#8243; _module_preset=&#8221;default&#8221; global_colors_info=&#8221;{}&#8221;][et_pb_text _builder_version=&#8221;4.21.0&#8243; _module_preset=&#8221;default&#8221; text_orientation=&#8221;center&#8221; global_colors_info=&#8221;{}&#8221;]<\/p>\n<h2 style=\"text-align: center;\">Welcome to Lapponia Tours&#8217; info pages<\/h2>\n<p>[\/et_pb_text][et_pb_text _builder_version=&#8221;4.21.0&#8243; _module_preset=&#8221;default&#8221; text_orientation=&#8221;center&#8221; hover_enabled=&#8221;0&#8243; global_colors_info=&#8221;{}&#8221; sticky_enabled=&#8221;0&#8243;]<\/p>\n<p>These Northern regions are our backyard. Lapponia Tours offers travel services in Northern Lapland , Finland. Our focus is on the Inari-Saariselk\u00e4 tourism area, where we offer a variety of holiday services to travelers and business guests. Our selection includes cottages, apartments, hotels, activities and other services such as transportation and catering services.<\/p>\n<p><strong>Welcome to Saariselka!<\/strong><\/p>\n<p>[\/et_pb_text][\/et_pb_column][\/et_pb_row][\/et_pb_section][et_pb_section fb_built=&#8221;1&#8243; _builder_version=&#8221;4.16&#8243; _module_preset=&#8221;default&#8221; custom_padding=&#8221;0px||0px||false|false&#8221; locked=&#8221;off&#8221; global_colors_info=&#8221;{}&#8221;][et_pb_row column_structure=&#8221;1_2,1_2&#8243; use_custom_gutter=&#8221;on&#8221; gutter_width=&#8221;1&#8243; make_equal=&#8221;on&#8221; _builder_version=&#8221;4.16&#8243; _module_preset=&#8221;default&#8221; width=&#8221;100%&#8221; max_width=&#8221;100%&#8221; custom_padding=&#8221;0px||0px||false|false&#8221; global_colors_info=&#8221;{}&#8221;][et_pb_column type=&#8221;1_2&#8243; _builder_version=&#8221;4.16&#8243; _module_preset=&#8221;default&#8221; background_enable_color=&#8221;off&#8221; background_image=&#8221;https:\/\/saariselka.com\/wp-content\/uploads\/2021\/08\/117636367_3139705246065406_6471040818552228421_n-1024&#215;672.jpeg&#8221; custom_padding=&#8221;160px||160px||true|false&#8221; global_colors_info=&#8221;{}&#8221;][et_pb_divider show_divider=&#8221;off&#8221; _builder_version=&#8221;4.16&#8243; _module_preset=&#8221;default&#8221; global_colors_info=&#8221;{}&#8221;][\/et_pb_divider][\/et_pb_column][et_pb_column type=&#8221;1_2&#8243; _builder_version=&#8221;4.16&#8243; _module_preset=&#8221;default&#8221; background_color=&#8221;#343837&#8243; custom_padding=&#8221;130px|8%|130px|8%|true|true&#8221; global_colors_info=&#8221;{}&#8221;][et_pb_button button_url=&#8221;https:\/\/saariselka.com\/en\/info\/booking-terms-and-conditions\/&#8221; button_text=&#8221;Booking terms&#8221; _builder_version=&#8221;4.21.0&#8243; _module_preset=&#8221;default&#8221; custom_margin=&#8221;10px||10px||false|false&#8221; global_colors_info=&#8221;{}&#8221;][\/et_pb_button][et_pb_button button_url=&#8221;https:\/\/saariselka.com\/en\/info\/about-us\/&#8221; button_text=&#8221;About us&#8221; _builder_version=&#8221;4.21.0&#8243; _module_preset=&#8221;default&#8221; custom_margin=&#8221;10px||10px||false|false&#8221; global_colors_info=&#8221;{}&#8221;][\/et_pb_button][et_pb_button button_url=&#8221;https:\/\/saariselka.com\/en\/info\/about-area\/&#8221; button_text=&#8221;About area&#8221; _builder_version=&#8221;4.21.0&#8243; _module_preset=&#8221;default&#8221; custom_margin=&#8221;10px||10px||false|false&#8221; global_colors_info=&#8221;{}&#8221;][\/et_pb_button][et_pb_button button_url=&#8221;https:\/\/saariselka.com\/en\/info\/activity-enthusiasts\/&#8221; button_text=&#8221;On your own&#8221; _builder_version=&#8221;4.21.0&#8243; _module_preset=&#8221;default&#8221; custom_margin=&#8221;10px||10px||false|false&#8221; global_colors_info=&#8221;{}&#8221;][\/et_pb_button][et_pb_button button_url=&#8221;https:\/\/saariselka.com\/en\/info\/groups-and-incentive\/&#8221; button_text=&#8221;Groups and Incentives&#8221; _builder_version=&#8221;4.21.0&#8243; _module_preset=&#8221;default&#8221; custom_margin=&#8221;10px||10px||false|false&#8221; global_colors_info=&#8221;{}&#8221;][\/et_pb_button][et_pb_button button_url=&#8221;https:\/\/saariselka.com\/en\/info\/current-topics\/&#8221; button_text=&#8221;Current topics&#8221; _builder_version=&#8221;4.21.0&#8243; _module_preset=&#8221;default&#8221; custom_margin=&#8221;10px||10px||false|false&#8221; global_colors_info=&#8221;{}&#8221;][\/et_pb_button][\/et_pb_column][\/et_pb_row][\/et_pb_section]<\/p>\n","protected":false},"excerpt":{"rendered":"<p>Welcome to Lapponia Tours&#8217; info pagesThese Northern regions are our backyard. Lapponia Tours offers travel services in Northern Lapland , Finland. Our focus is on the Inari-Saariselk\u00e4 tourism area, where we offer a variety of holiday services to travelers and business guests. Our selection includes cottages, apartments, hotels, activities and other services such as transportation [&hellip;]<\/p>\n","protected":false},"author":1,"featured_media":0,"parent":0,"menu_order":0,"comment_status":"closed","ping_status":"closed","template":"","meta":{"_et_pb_use_builder":"on","_et_pb_old_content":"[et_pb_section fb_built=\"1\" _builder_version=\"4.12.0\" _module_preset=\"default\" background_color=\"rgba(52,56,55,0.2)\" background_image=\"https:\/\/saariselka.com\/wp-content\/uploads\/2021\/10\/Saariselan-keskusvaraamo_revontulet_1.jpg\" background_position=\"top_center\" background_blend=\"overlay\" custom_padding=\"199px||199px||true|false\" saved_tabs=\"all\" locked=\"off\" global_colors_info=\"{}\"][et_pb_row _builder_version=\"4.9.4\" _module_preset=\"default\" global_colors_info=\"{}\"][et_pb_column type=\"4_4\" _builder_version=\"4.9.4\" _module_preset=\"default\" global_colors_info=\"{}\"][et_pb_text _builder_version=\"4.10.4\" _dynamic_attributes=\"content\" _module_preset=\"default\" text_orientation=\"center\" background_layout=\"dark\" custom_margin=\"0px||0px||true|false\" custom_padding=\"||||true|false\" hover_enabled=\"0\" global_colors_info=\"{}\" sticky_enabled=\"0\"]@ET-DC@eyJkeW5hbWljIjp0cnVlLCJjb250ZW50IjoicG9zdF90aXRsZSIsInNldHRpbmdzIjp7ImJlZm9yZSI6IjxoMT4iLCJhZnRlciI6IjwvaDE+In19@[\/et_pb_text][\/et_pb_column][\/et_pb_row][\/et_pb_section][et_pb_section fb_built=\"1\" _builder_version=\"4.10.8\" _module_preset=\"default\" global_colors_info=\"{}\"][et_pb_row _builder_version=\"4.10.8\" _module_preset=\"default\" global_colors_info=\"{}\"][et_pb_column type=\"4_4\" _builder_version=\"4.10.8\" _module_preset=\"default\" global_colors_info=\"{}\"][et_pb_text _builder_version=\"4.10.8\" _module_preset=\"default\" text_orientation=\"center\" hover_enabled=\"0\" global_colors_info=\"{}\" sticky_enabled=\"0\"]<h2>Omaa kokemusta Lapista!<\/h2>[\/et_pb_text][et_pb_text _builder_version=\"4.14.2\" _module_preset=\"default\" text_orientation=\"center\" hover_enabled=\"0\" global_colors_info=\"{}\" sticky_enabled=\"0\"]<p>N\u00e4m\u00e4 pohjoiset alueet ovat takapihojamme. Olemme kattavin matkailupalvelu kauppa Pohjois-Lapissa. Toimintamme painottuu Inari-Saariselk\u00e4 matkailualueelle, jossa tarjoamme matkailijoille ja yritysvieraille majoitus- ja muita lomapalveluja. Kattavassa valikoimassamme on m\u00f6kkej\u00e4, huoneistoja, hotelleja, aktiviteettej\u00e4 sek\u00e4 muita oheispalveluita kuten kuljetus- ja ruokailupalvelut.<\/p>\r\n<p>Haluamme tarjota juuri Sinulle yksil\u00f6llisi\u00e4 vaihtoehtoja lomailun, harrastamisen, virkist\u00e4ytymisen ja rentoutumisen tarpeisiin yhdell\u00e4 sivustolla ja yhdess\u00e4 kaupassa. Tarjoamme k\u00e4ytt\u00f6\u00f6si oman kokemuksemme Pohjois-Lapista!<\/p>\r\n<p><strong>Tervetuloa Saarisel\u00e4lle!<\/strong><br \/><em>Saarisel\u00e4n Keskusvaraamon henkil\u00f6kunta<\/em><\/p>\r\n<p><em>----------------------------<\/em><\/p>\r\n<h2 style=\"text-align: left;\">Welcome to Saarisel\u00e4n Keskusvaraamo<\/h2>\r\n<p style=\"text-align: left;\">Saariselk\u00e4 Booking offers a wide range of quality travel services in Lapland since 1987. We are located in Saariselk\u00e4, just 20 minute drive from the Ivalo airport and close to Norwegian and Russian boarders. We were founded 1986 and have ever since developed our services both for domestic and international customers.<\/p>\r\n<ul style=\"text-align: left;\">\r\n<li style=\"text-align: left;\">Wide range of accommodation: luxury cabins, holiday apartments, hotels and igloos<\/li>\r\n<li style=\"text-align: left;\">Exciting activities all-year-round: safaris with huskies, reindeer and snow mobiles, mountain biking, hiking, kayaking, skiing, snowshoes and much more<\/li>\r\n<li style=\"text-align: left;\">Tailor-made itineraries for VIP customers<\/li>\r\n<li style=\"text-align: left;\">Exclusive incentive programs for corporates<\/li>\r\n<li style=\"text-align: left;\">Catering and housekeeping services<\/li>\r\n<\/ul>\r\n<p style=\"text-align: left;\"><strong>Welcome to Saariselk\u00e4!<\/strong><\/p>[\/et_pb_text][\/et_pb_column][\/et_pb_row][\/et_pb_section]","_et_gb_content_width":"","footnotes":""},"class_list":["post-9114","page","type-page","status-publish","hentry"],"_links":{"self":[{"href":"https:\/\/saariselka.com\/en\/wp-json\/wp\/v2\/pages\/9114","targetHints":{"allow":["GET"]}}],"collection":[{"href":"https:\/\/saariselka.com\/en\/wp-json\/wp\/v2\/pages"}],"about":[{"href":"https:\/\/saariselka.com\/en\/wp-json\/wp\/v2\/types\/page"}],"author":[{"embeddable":true,"href":"https:\/\/saariselka.com\/en\/wp-json\/wp\/v2\/users\/1"}],"replies":[{"embeddable":true,"href":"https:\/\/saariselka.com\/en\/wp-json\/wp\/v2\/comments?post=9114"}],"version-history":[{"count":24,"href":"https:\/\/saariselka.com\/en\/wp-json\/wp\/v2\/pages\/9114\/revisions"}],"predecessor-version":[{"id":19190,"href":"https:\/\/saariselka.com\/en\/wp-json\/wp\/v2\/pages\/9114\/revisions\/19190"}],"wp:attachment":[{"href":"https:\/\/saariselka.com\/en\/wp-json\/wp\/v2\/media?parent=9114"}],"curies":[{"name":"wp","href":"https:\/\/api.w.org\/{rel}","templated":true}]}}