{"id":9089,"date":"2021-12-31T11:20:41","date_gmt":"2021-12-31T09:20:41","guid":{"rendered":"https:\/\/saariselka.com\/?page_id=9089"},"modified":"2023-06-05T12:47:26","modified_gmt":"2023-06-05T09:47:26","slug":"about-us","status":"publish","type":"page","link":"https:\/\/saariselka.com\/en\/info\/about-us\/","title":{"rendered":"About us"},"content":{"rendered":"<p>[et_pb_section fb_built=&#8221;1&#8243; _builder_version=&#8221;4.16&#8243; _module_preset=&#8221;default&#8221; background_color=&#8221;rgba(52,56,55,0.2)&#8221; background_image=&#8221;https:\/\/saariselka.com\/wp-content\/uploads\/2021\/05\/aerial-top-view-of-snow-winter-forest-with-road-in-P87SQGE.jpg&#8221; background_blend=&#8221;overlay&#8221; custom_padding=&#8221;199px||199px||true|false&#8221; saved_tabs=&#8221;all&#8221; locked=&#8221;off&#8221; global_colors_info=&#8221;{}&#8221;][et_pb_row _builder_version=&#8221;4.16&#8243; _module_preset=&#8221;default&#8221; global_colors_info=&#8221;{}&#8221;][et_pb_column type=&#8221;4_4&#8243; _builder_version=&#8221;4.16&#8243; _module_preset=&#8221;default&#8221; global_colors_info=&#8221;{}&#8221;][et_pb_text _builder_version=&#8221;4.16&#8243; _dynamic_attributes=&#8221;content&#8221; _module_preset=&#8221;default&#8221; text_orientation=&#8221;center&#8221; background_layout=&#8221;dark&#8221; custom_margin=&#8221;0px||0px||true|false&#8221; custom_padding=&#8221;||||true|false&#8221; global_colors_info=&#8221;{}&#8221;]@ET-DC@eyJkeW5hbWljIjp0cnVlLCJjb250ZW50IjoicG9zdF90aXRsZSIsInNldHRpbmdzIjp7ImJlZm9yZSI6IjxoMT4iLCJhZnRlciI6IjwvaDE+In19@[\/et_pb_text][et_pb_text _builder_version=&#8221;4.21.0&#8243; _module_preset=&#8221;default&#8221; text_font=&#8221;|800||on|||||&#8221; text_font_size=&#8221;20px&#8221; text_line_height=&#8221;25px&#8221; text_orientation=&#8221;center&#8221; background_layout=&#8221;dark&#8221; global_colors_info=&#8221;{}&#8221;]<\/p>\n<p>About the company Lapponia Tours<\/p>\n<p>[\/et_pb_text][\/et_pb_column][\/et_pb_row][\/et_pb_section][et_pb_section fb_built=&#8221;1&#8243; _builder_version=&#8221;4.16&#8243; _module_preset=&#8221;default&#8221; background_color=&#8221;#FFFFFF&#8221; locked=&#8221;off&#8221; global_colors_info=&#8221;{}&#8221;][et_pb_row _builder_version=&#8221;4.16&#8243; _module_preset=&#8221;default&#8221; global_colors_info=&#8221;{}&#8221;][et_pb_column type=&#8221;4_4&#8243; _builder_version=&#8221;4.16&#8243; _module_preset=&#8221;default&#8221; hover_enabled=&#8221;0&#8243; global_colors_info=&#8221;{}&#8221; sticky_enabled=&#8221;0&#8243;][et_pb_text _builder_version=&#8221;4.21.0&#8243; _module_preset=&#8221;default&#8221; hover_enabled=&#8221;0&#8243; global_colors_info=&#8221;{}&#8221; text_orientation=&#8221;center&#8221; sticky_enabled=&#8221;0&#8243;]<\/p>\n<h2>Lapponia Tours Ltd<\/h2>\n<p>[\/et_pb_text][et_pb_text _builder_version=&#8221;4.21.0&#8243; _module_preset=&#8221;default&#8221; hover_enabled=&#8221;0&#8243; global_colors_info=&#8221;{}&#8221; text_orientation=&#8221;center&#8221; sticky_enabled=&#8221;0&#8243;]<\/p>\n<p>Lapponia Tours is a local company where you can book accommodation, activities, safaris, transfers and catering services in Saariselk\u00e4 travel region. Safari producer Top Safaris is a part of Lapponia Tours. Company offers activities and safaris from own production.\u00a0This is short brief about us.<\/p>\n<p>[\/et_pb_text][\/et_pb_column][\/et_pb_row][\/et_pb_section][et_pb_section fb_built=&#8221;1&#8243; _builder_version=&#8221;4.21.0&#8243; _module_preset=&#8221;default&#8221; background_color=&#8221;#F2F2F2&#8243; hover_enabled=&#8221;0&#8243; locked=&#8221;off&#8221; global_colors_info=&#8221;{}&#8221; sticky_enabled=&#8221;0&#8243;][et_pb_row _builder_version=&#8221;4.16&#8243; _module_preset=&#8221;default&#8221; global_colors_info=&#8221;{}&#8221; column_structure=&#8221;1_2,1_2&#8243;][et_pb_column type=&#8221;1_2&#8243; _builder_version=&#8221;4.16&#8243; _module_preset=&#8221;default&#8221; global_colors_info=&#8221;{}&#8221;][et_pb_text _builder_version=&#8221;4.21.0&#8243; _module_preset=&#8221;default&#8221; hover_enabled=&#8221;0&#8243; global_colors_info=&#8221;{}&#8221; sticky_enabled=&#8221;0&#8243;]<\/p>\n<h3>About our history and business idea<\/h3>\n<p>Lapponia Tours is a local company which is established in the municipality of Inari.<\/p>\n<p>The business idea is to offer tourism services for domestic and foreign customers in northern Lapland.<\/p>\n<ul>\n<li>Accommodation: Cabins, apartments and hotels<\/li>\n<li>Activities: Safaris, daily programs and events<\/li>\n<li>Transfer services: Airport transfers and local transfers for groups<\/li>\n<li>Catering services: Breakfasts, lunches, dinners and grocery shoppings<\/li>\n<li>Conference services: Meeting rooms, appliances and caterings<\/li>\n<\/ul>\n<p>Lapponia Tours sells via different channels tourism services that are provided by different companies. Our professionalism and local knowledge ensure that we will find the most suitable services for each customer and group.<\/p>\n<p>[\/et_pb_text][\/et_pb_column][et_pb_column type=&#8221;1_2&#8243; _builder_version=&#8221;4.16&#8243; _module_preset=&#8221;default&#8221; global_colors_info=&#8221;{}&#8221;][et_pb_text _builder_version=&#8221;4.21.0&#8243; _module_preset=&#8221;default&#8221; hover_enabled=&#8221;0&#8243; global_colors_info=&#8221;{}&#8221; sticky_enabled=&#8221;0&#8243;]<\/p>\n<h3>About us<\/h3>\n<p>The most important values behind our work are reliability, empathy, loyalty, good sense of humour, flexibility, accuracy, and desire to learn. All our choices, attitudes, and decisions are based on these values. Our actions are open and honest both towards our partners and customers, and in our internal actions.<\/p>\n<p>Our cooperation inside the company is based on good partnership, participation, and mutual appreciation. The problems and different point of views are taken out and solved. We take responsibility of our actions and all possible mistakes will be fixed.<\/p>\n<p>[\/et_pb_text][\/et_pb_column][\/et_pb_row][\/et_pb_section]<\/p>\n","protected":false},"excerpt":{"rendered":"<p>About the company Lapponia ToursLapponia Tours LtdLapponia Tours is a local company where you can book accommodation, activities, safaris, transfers and catering services in Saariselk\u00e4 travel region. Safari producer Top Safaris is a part of Lapponia Tours. Company offers activities and safaris from own production.\u00a0This is short brief about us.About our history and business idea [&hellip;]<\/p>\n","protected":false},"author":1,"featured_media":0,"parent":9114,"menu_order":0,"comment_status":"closed","ping_status":"closed","template":"","meta":{"_et_pb_use_builder":"on","_et_pb_old_content":"<p>[et_pb_section fb_built=\"1\" _builder_version=\"4.10.4\" _module_preset=\"default\" background_color=\"rgba(52,56,55,0.2)\" background_image=\"https:\/\/saariselka.com\/wp-content\/uploads\/2021\/05\/aerial-top-view-of-snow-winter-forest-with-road-in-P87SQGE.jpg\" background_blend=\"overlay\" custom_padding=\"199px||199px||true|false\" saved_tabs=\"all\" locked=\"off\" global_colors_info=\"{}\"][et_pb_row _builder_version=\"4.9.4\" _module_preset=\"default\" global_colors_info=\"{}\"][et_pb_column type=\"4_4\" _builder_version=\"4.9.4\" _module_preset=\"default\" global_colors_info=\"{}\"][et_pb_text _builder_version=\"4.10.4\" _dynamic_attributes=\"content\" _module_preset=\"default\" text_orientation=\"center\" background_layout=\"dark\" custom_margin=\"0px||0px||true|false\" custom_padding=\"||||true|false\" global_colors_info=\"{}\"]@ET-DC@eyJkeW5hbWljIjp0cnVlLCJjb250ZW50IjoicG9zdF90aXRsZSIsInNldHRpbmdzIjp7ImJlZm9yZSI6IjxoMT4iLCJhZnRlciI6IjwvaDE+In19@[\/et_pb_text][et_pb_text _builder_version=\"4.14.2\" _module_preset=\"default\" text_font=\"|800||on|||||\" text_font_size=\"20px\" text_line_height=\"25px\" text_orientation=\"center\" background_layout=\"dark\" hover_enabled=\"0\" global_colors_info=\"{}\" sticky_enabled=\"0\"]<\/p><p>Saarisel\u00e4n Keskusvaraamon tarina \/ About us<\/p><p>[\/et_pb_text][\/et_pb_column][\/et_pb_row][\/et_pb_section][et_pb_section fb_built=\"1\" _builder_version=\"4.9.4\" _module_preset=\"default\" background_color=\"#FFFFFF\" locked=\"off\" global_colors_info=\"{}\"][et_pb_row _builder_version=\"4.9.4\" _module_preset=\"default\" global_colors_info=\"{}\"][et_pb_column type=\"4_4\" _builder_version=\"4.9.4\" _module_preset=\"default\" global_colors_info=\"{}\"][et_pb_text _builder_version=\"4.13.1\" _module_preset=\"default\" global_colors_info=\"{}\"]<\/p><h2>Saarisel\u00e4n Keskusvaraamo Oy<\/h2><p>[\/et_pb_text][et_pb_text _builder_version=\"4.14.2\" _module_preset=\"default\" hover_enabled=\"0\" global_colors_info=\"{}\" sticky_enabled=\"0\"]<\/p><p>\u00a0<\/p><p><strong>Saarisel\u00e4n Keskusvaraamo<\/strong> (Saariselk\u00e4 Booking) on koko Pohjois-Lapin kattava paikallinen lomapalvelutalo. Valikoimassa on majoituskohteita ja aktiviteetteja sek\u00e4 kuljetus- ja ruokailupalveluja yrityksille, yksityisille ja j\u00e4rjest\u00f6ille.\u00a0 Saarisel\u00e4n Keskusvaraamolla on Inari-Saariselk\u00e4 alueen laajin valikoima lomailuun suunnattuja vuokrattavia m\u00f6kkej\u00e4, huoneistoja ja hotellihuoneita. Valikoimassa on n. 300 kohdetta, 2-16 henkil\u00f6lle. M\u00f6kkien ja huoneistojen lis\u00e4ksi myyd\u00e4\u00e4n vuodenaikojen mukaan vaihtuvia aktiviteetteja ja muita ohjelmapalveluita.<\/p><p>24 h Saariselk\u00e4 Booking on reaaliaikainen Lomavaraamo, josta voi ostaa lennot ja majapaikan samaan aikaan. Majapaikaksi voi valita hotellin, huoneiston tai m\u00f6kin. Lis\u00e4ksi vuodeaikojen mukaan vaihtuvia aktiviteetteja sek\u00e4 muita oheispalveluja.<\/p><h3>Historia lyhyesti<\/h3><p>Saarisel\u00e4n Keskusvaraamo Oy on paikallinen vuonna 1987 Inarin kuntaan perustettu yritys. Saariselk\u00e4l\u00e4inen yritys on toiminut nykyisell\u00e4 nimell\u00e4\u00e4n vuodesta 2006, siihen asti yritys toimi nimell\u00e4 Lapin Sampo Oy. Vuosien varrella nimi on vaihtunut, mutta majoituskohteiden vuokraus on s\u00e4ilynyt p\u00e4\u00e4tuotteena. Palveluvalikoima on lis\u00e4\u00e4ntynyt huimasti ja t\u00e4ll\u00e4 hetkell\u00e4 tarjonta kattaa majoituskohteita, aktiviteetteja, kuljetus- ja cateringpalveluita koti- ja ulkomaisille asiakkaille.<\/p><h3>Toiminta-ajatus<\/h3><p>Toiminta-ajatus on tarjota kotimaisille ja ulkomaisille asiakkaille matkailupalveluja Pohjois-Lapin alueella.<\/p><ul><li>Majoitusta: M\u00f6kit, huoneistot ja hotellit<\/li><li>Aktiviteetteja: Safarit, viikko-ohjelmat ja tapahtumat<\/li><li>Kuljetuspalvelut: Lentokentt\u00e4kuljetukset ja kuljetukset ryhmille<\/li><li>Cateringpalvelut: Aamiaiset, lounaat, p\u00e4iv\u00e4lliset ja ruokaostokset<\/li><li>Kokouspalvelut: Tilat, v\u00e4lineet ja tarjoilut<\/li><\/ul><p>Saarisel\u00e4n Keskusvaraamo v\u00e4litt\u00e4\u00e4 muiden tuottamia matkailupalveluita usean jakelukanavan kautta. Ammattitaito ja paikallistuntemus takaavat sen, ett\u00e4 valikoimista l\u00f6ytyy kullekin asiakkaalle tai asiakasryhm\u00e4lle parhaiten soveltuvat matkailupalvelut.<\/p><h3>Toimintaa ohjaavat arvot<\/h3><p>Toimintaa ohjaavat perusarvot ovat luotettavuus, empaattisuus, lojaalisuus, humoristisuus, joustavuus, t\u00e4sm\u00e4llisyys ja uudistumishaluisuus.<br \/>Valinnat, kannanotot ja ratkaisut perustuvat n\u00e4ihin perusarvoihin. Toiminta on avointa ja rehellist\u00e4 sek\u00e4 sidosryhmi\u00e4 ja asiakkaita kohtaan ett\u00e4 sis\u00e4isess\u00e4 kanssak\u00e4ymisess\u00e4. Yhteisty\u00f6 Keskusvaraamon sis\u00e4ll\u00e4 perustuu hyv\u00e4\u00e4n ty\u00f6toveruuteen, osallistumiseen ja keskin\u00e4iseen arvostukseen. Havaitut ongelmat ja omat n\u00e4k\u00f6kannat tuodaan rohkeasti esille. Tehdyist\u00e4 ratkaisuista otetaan vastuu. Virheet korjataan.<\/p><p>--------------------<\/p><h1>Saariselk\u00e4 Booking Ltd<\/h1><p>is a local company where you can make accommodation and activity bookings for the entire northern Lapland. From Saariselk\u00e4 Booking you can book accommodation, activities, transfers, and catering services for individuals, companies and organizations.<\/p><p>From Saariselk\u00e4 Bookings real time 24 h online web shop you can book flights and accommodation in a hotel, apartment, or cabin. Besides, you can book also activities that vary depending on the season.<\/p><h3>About our history and business idea<\/h3><p>Saariselk\u00e4 Booking (Saarisel\u00e4n Keskusvaraamo Ltd.) is a local company which is established in the municipality of Inari in 1987. The company has operated on its current name since 2006. Previously the name was Lapin Sampo Ltd.<\/p><p>The business idea is to offer tourism services for domestic and foreign customers in northern Lapland.<\/p><ul><li>Accommodation: cabins, apartments and hotels<\/li><li>Activities: safaris, daily programs and events<\/li><li>Transfer services: airport transfers and transfers for groups<\/li><li>Catering services: breakfasts, lunches, dinners and grocery shoppings<\/li><li>Conference services: meeting rooms, appliances and caterings<\/li><\/ul><p>Saariselk\u00e4 Booking sells via different channels tourism services that are provided by different companies. Our professionalism and local knowledge ensure that we will find the most suitable services for each customer and group.<\/p><p>The most important values behind our work are reliability, empathy, loyalty, good sense of humour, flexibility, accuracy, and desire to learn. All our choices, attitudes, and decisions are based on these values. Our actions are open and honest both towards our partners and customers, and in our internal actions. Our cooperation inside Saariselk\u00e4 Booking is based on good partnership, participation, and mutual appreciation. The problems and different point of views are taken out and solved. We take responsibility of our actions and all possible mistakes will be fixed.<\/p><p>[\/et_pb_text][\/et_pb_column][\/et_pb_row][\/et_pb_section]<\/p>","_et_gb_content_width":"","footnotes":""},"class_list":["post-9089","page","type-page","status-publish","hentry"],"_links":{"self":[{"href":"https:\/\/saariselka.com\/en\/wp-json\/wp\/v2\/pages\/9089","targetHints":{"allow":["GET"]}}],"collection":[{"href":"https:\/\/saariselka.com\/en\/wp-json\/wp\/v2\/pages"}],"about":[{"href":"https:\/\/saariselka.com\/en\/wp-json\/wp\/v2\/types\/page"}],"author":[{"embeddable":true,"href":"https:\/\/saariselka.com\/en\/wp-json\/wp\/v2\/users\/1"}],"replies":[{"embeddable":true,"href":"https:\/\/saariselka.com\/en\/wp-json\/wp\/v2\/comments?post=9089"}],"version-history":[{"count":34,"href":"https:\/\/saariselka.com\/en\/wp-json\/wp\/v2\/pages\/9089\/revisions"}],"predecessor-version":[{"id":19144,"href":"https:\/\/saariselka.com\/en\/wp-json\/wp\/v2\/pages\/9089\/revisions\/19144"}],"up":[{"embeddable":true,"href":"https:\/\/saariselka.com\/en\/wp-json\/wp\/v2\/pages\/9114"}],"wp:attachment":[{"href":"https:\/\/saariselka.com\/en\/wp-json\/wp\/v2\/media?parent=9089"}],"curies":[{"name":"wp","href":"https:\/\/api.w.org\/{rel}","templated":true}]}}