{"id":9084,"date":"2021-12-31T11:19:27","date_gmt":"2021-12-31T09:19:27","guid":{"rendered":"https:\/\/saariselka.com\/?page_id=9084"},"modified":"2023-06-12T10:44:47","modified_gmt":"2023-06-12T07:44:47","slug":"about-area","status":"publish","type":"page","link":"https:\/\/saariselka.com\/en\/info\/about-area\/","title":{"rendered":"About area"},"content":{"rendered":"<p>[et_pb_section fb_built=&#8221;1&#8243; _builder_version=&#8221;4.16&#8243; _module_preset=&#8221;default&#8221; background_color=&#8221;rgba(52,56,55,0.2)&#8221; background_image=&#8221;https:\/\/saariselka.com\/wp-content\/uploads\/2022\/01\/alueet-revontulet-scaled.jpg&#8221; background_blend=&#8221;overlay&#8221; custom_padding=&#8221;199px||199px||true|false&#8221; saved_tabs=&#8221;all&#8221; locked=&#8221;off&#8221; global_colors_info=&#8221;{}&#8221;][et_pb_row _builder_version=&#8221;4.16&#8243; _module_preset=&#8221;default&#8221; global_colors_info=&#8221;{}&#8221;][et_pb_column type=&#8221;4_4&#8243; _builder_version=&#8221;4.16&#8243; _module_preset=&#8221;default&#8221; global_colors_info=&#8221;{}&#8221;][et_pb_text _builder_version=&#8221;4.16&#8243; _dynamic_attributes=&#8221;content&#8221; _module_preset=&#8221;default&#8221; text_orientation=&#8221;center&#8221; background_layout=&#8221;dark&#8221; custom_margin=&#8221;0px||0px||true|false&#8221; custom_padding=&#8221;||||true|false&#8221; global_colors_info=&#8221;{}&#8221;]@ET-DC@eyJkeW5hbWljIjp0cnVlLCJjb250ZW50IjoicG9zdF90aXRsZSIsInNldHRpbmdzIjp7ImJlZm9yZSI6IjxoMT4iLCJhZnRlciI6IjwvaDE+In19@[\/et_pb_text][et_pb_text _builder_version=&#8221;4.16&#8243; _module_preset=&#8221;default&#8221; text_font=&#8221;|800||on|||||&#8221; text_font_size=&#8221;20px&#8221; text_line_height=&#8221;25px&#8221; text_orientation=&#8221;center&#8221; background_layout=&#8221;dark&#8221; global_colors_info=&#8221;{}&#8221;]<\/p>\n<p>Inari-Saariselk\u00e4 travel area<\/p>\n<p>[\/et_pb_text][\/et_pb_column][\/et_pb_row][\/et_pb_section][et_pb_section fb_built=&#8221;1&#8243; _builder_version=&#8221;4.16&#8243; _module_preset=&#8221;default&#8221; background_color=&#8221;#FFFFFF&#8221; locked=&#8221;off&#8221; global_colors_info=&#8221;{}&#8221;][et_pb_row _builder_version=&#8221;4.16&#8243; _module_preset=&#8221;default&#8221; global_colors_info=&#8221;{}&#8221;][et_pb_column type=&#8221;4_4&#8243; _builder_version=&#8221;4.16&#8243; _module_preset=&#8221;default&#8221; global_colors_info=&#8221;{}&#8221;][et_pb_text _builder_version=&#8221;4.16&#8243; _module_preset=&#8221;default&#8221; text_orientation=&#8221;center&#8221; global_colors_info=&#8221;{}&#8221;]<\/p>\n<h2>Saariselk\u00e4 Northern Lapland<\/h2>\n<p>[\/et_pb_text][et_pb_text _builder_version=&#8221;4.21.0&#8243; _module_preset=&#8221;default&#8221; text_orientation=&#8221;center&#8221; global_colors_info=&#8221;{}&#8221;]<\/p>\n<p>About area -sites\u00a0 includes short introductions of Inari-Saariselk\u00e4 travel region and villages in it.<\/p>\n<p>Some of Europe\u2019s largest wilderness areas are in Finland\u2019s Northern Lapland. The Urho Kekkonen and Lemmenjoki National Parks are Finlands largest conservation areas and popular destinations for outdoor pursuits: Lakes and rivers, hundreds of fells, hills and swamps and the magic created by seasons and light. Untouched nature inhabited by bears, wolverines, wolves and other elusive animals.<\/p>\n<p>In Saariselk\u00e4 fell village hotels, restaurants and other services are within walking distance of one another. There fore Saariselk\u00e4 is perfect base for thrilling and refreshing holiday in Finland\u2019s Northern Lapland.<\/p>\n<p>Welcome to Finland\u2019s Northern Lapland to Saariselk\u00e4!<\/p>\n<p>[\/et_pb_text][\/et_pb_column][\/et_pb_row][et_pb_row column_structure=&#8221;3_4,1_4&#8243; _builder_version=&#8221;4.16&#8243; _module_preset=&#8221;default&#8221; global_colors_info=&#8221;{}&#8221;][et_pb_column type=&#8221;3_4&#8243; _builder_version=&#8221;4.16&#8243; _module_preset=&#8221;default&#8221; global_colors_info=&#8221;{}&#8221;][et_pb_text _builder_version=&#8221;4.21.0&#8243; _module_preset=&#8221;default&#8221; text_orientation=&#8221;center&#8221; global_colors_info=&#8221;{}&#8221;]<\/p>\n<p><img loading=\"lazy\" decoding=\"async\" src=\"https:\/\/saariselka.com\/wp-content\/uploads\/2021\/12\/pohjois_lapin_kartta-1024x683.jpg\" alt=\"pohjois_lapin_kartta\" class=\"wp-image-7619 alignnone size-large\" width=\"1024\" height=\"683\" srcset=\"https:\/\/saariselka.com\/wp-content\/uploads\/2021\/12\/pohjois_lapin_kartta-1024x683.jpg 1024w, https:\/\/saariselka.com\/wp-content\/uploads\/2021\/12\/pohjois_lapin_kartta-980x653.jpg 980w, https:\/\/saariselka.com\/wp-content\/uploads\/2021\/12\/pohjois_lapin_kartta-480x320.jpg 480w\" sizes=\"(min-width: 0px) and (max-width: 480px) 480px, (min-width: 481px) and (max-width: 980px) 980px, (min-width: 981px) 1024px, 100vw\" \/><\/p>\n<p>[\/et_pb_text][\/et_pb_column][et_pb_column type=&#8221;1_4&#8243; _builder_version=&#8221;4.16&#8243; _module_preset=&#8221;default&#8221; global_colors_info=&#8221;{}&#8221;][et_pb_button button_url=&#8221;https:\/\/saariselka.com\/en\/about-area\/saariselka\/&#8221; button_text=&#8221;Saariselk\u00e4&#8221; _builder_version=&#8221;4.16&#8243; _module_preset=&#8221;default&#8221; global_colors_info=&#8221;{}&#8221;][\/et_pb_button][et_pb_button button_url=&#8221;https:\/\/saariselka.com\/en\/about-area\/inari\/&#8221; button_text=&#8221;Inari&#8221; _builder_version=&#8221;4.16&#8243; _module_preset=&#8221;default&#8221; global_colors_info=&#8221;{}&#8221;][\/et_pb_button][et_pb_button button_url=&#8221;https:\/\/saariselka.com\/en\/about-area\/ivalo\/&#8221; button_text=&#8221;Ivalo&#8221; _builder_version=&#8221;4.16&#8243; _module_preset=&#8221;default&#8221; global_colors_info=&#8221;{}&#8221;][\/et_pb_button][et_pb_button button_url=&#8221;https:\/\/saariselka.com\/en\/about-area\/kiilopaa\/&#8221; button_text=&#8221;Kiilop\u00e4\u00e4&#8221; _builder_version=&#8221;4.16&#8243; _module_preset=&#8221;default&#8221; global_colors_info=&#8221;{}&#8221;][\/et_pb_button][et_pb_button button_url=&#8221;https:\/\/saariselka.com\/en\/about-area\/lemmenjoki\/&#8221; button_text=&#8221;Lemmenjoki&#8221; _builder_version=&#8221;4.16&#8243; _module_preset=&#8221;default&#8221; global_colors_info=&#8221;{}&#8221;][\/et_pb_button][et_pb_button button_url=&#8221;https:\/\/saariselka.com\/en\/about-area\/utsjoki\/&#8221; button_text=&#8221;Utsjoki&#8221; _builder_version=&#8221;4.16&#8243; _module_preset=&#8221;default&#8221; global_colors_info=&#8221;{}&#8221;][\/et_pb_button][\/et_pb_column][\/et_pb_row][\/et_pb_section]<\/p>\n","protected":false},"excerpt":{"rendered":"<p>Inari-Saariselk\u00e4 travel areaSaariselk\u00e4 Northern LaplandAbout area -sites\u00a0 includes short introductions of Inari-Saariselk\u00e4 travel region and villages in it. Some of Europe\u2019s largest wilderness areas are in Finland\u2019s Northern Lapland. The Urho Kekkonen and Lemmenjoki National Parks are Finlands largest conservation areas and popular destinations for outdoor pursuits: Lakes and rivers, hundreds of fells, hills and [&hellip;]<\/p>\n","protected":false},"author":1,"featured_media":0,"parent":9114,"menu_order":0,"comment_status":"closed","ping_status":"closed","template":"","meta":{"_et_pb_use_builder":"on","_et_pb_old_content":"<p>[et_pb_section fb_built=\"1\" _builder_version=\"4.10.4\" _module_preset=\"default\" background_color=\"rgba(52,56,55,0.2)\" background_image=\"https:\/\/saariselka.com\/wp-content\/uploads\/2021\/05\/aerial-top-view-of-snow-winter-forest-with-road-in-P87SQGE.jpg\" background_blend=\"overlay\" custom_padding=\"199px||199px||true|false\" saved_tabs=\"all\" locked=\"off\" global_colors_info=\"{}\"][et_pb_row _builder_version=\"4.9.4\" _module_preset=\"default\" global_colors_info=\"{}\"][et_pb_column type=\"4_4\" _builder_version=\"4.9.4\" _module_preset=\"default\" global_colors_info=\"{}\"][et_pb_text _builder_version=\"4.10.4\" _dynamic_attributes=\"content\" _module_preset=\"default\" text_orientation=\"center\" background_layout=\"dark\" custom_margin=\"0px||0px||true|false\" custom_padding=\"||||true|false\" global_colors_info=\"{}\"]@ET-DC@eyJkeW5hbWljIjp0cnVlLCJjb250ZW50IjoicG9zdF90aXRsZSIsInNldHRpbmdzIjp7ImJlZm9yZSI6IjxoMT4iLCJhZnRlciI6IjwvaDE+In19@[\/et_pb_text][et_pb_text _builder_version=\"4.10.4\" _module_preset=\"default\" text_font=\"|800||on|||||\" text_font_size=\"20px\" text_line_height=\"25px\" text_orientation=\"center\" background_layout=\"dark\" global_colors_info=\"{}\"]<\/p><p>Lorem ipsum dolor sit amet<\/p><p>[\/et_pb_text][\/et_pb_column][\/et_pb_row][\/et_pb_section][et_pb_section fb_built=\"1\" _builder_version=\"4.9.4\" _module_preset=\"default\" background_color=\"#FFFFFF\" locked=\"off\" global_colors_info=\"{}\"][et_pb_row _builder_version=\"4.9.4\" _module_preset=\"default\" global_colors_info=\"{}\"][et_pb_column type=\"4_4\" _builder_version=\"4.9.4\" _module_preset=\"default\" global_colors_info=\"{}\"][et_pb_text _builder_version=\"4.10.4\" _module_preset=\"default\" text_orientation=\"center\" global_colors_info=\"{}\"]<\/p><h2>Saariselk\u00e4 ja Pohjois-Lappi<\/h2><p>[\/et_pb_text][et_pb_text _builder_version=\"4.10.4\" _module_preset=\"default\" text_orientation=\"center\" global_colors_info=\"{}\"]<\/p><p>Pohjois-Lapissa ovat Euroopan laajimmat er\u00e4maat. Saarisel\u00e4n matkailualueen vieress\u00e4 on <a href=\"https:\/\/www.luontoon.fi\/urhokekkosenkansallispuisto\">Urho Kekkosen kansallispuisto<\/a>, joka on yksi suurimmista luonnonsuojelualueista ja suosittu retkeilyalue. J\u00e4rvet, joet, tunturit, vaarat, j\u00e4ng\u00e4t ja suot sek\u00e4 vuodenaikojen ja valojen taika lumoavat sukupolvesta toiseen. Koskematonta luontoa asuttavat karhut, ahmat, sudet ja muut piileskelij\u00e4t.<\/p><p>[\/et_pb_text][\/et_pb_column][\/et_pb_row][et_pb_row _builder_version=\"4.9.2\" _module_preset=\"default\" global_colors_info=\"{}\"][et_pb_column type=\"4_4\" _builder_version=\"4.9.2\" _module_preset=\"default\" global_colors_info=\"{}\"][et_pb_text _builder_version=\"4.10.5\" _module_preset=\"default\" hover_enabled=\"0\" global_colors_info=\"{}\" sticky_enabled=\"0\"]<\/p><p>[ess_grid alias=\"Tietoa alueista\"]<\/p><p>[\/et_pb_text][\/et_pb_column][\/et_pb_row][\/et_pb_section]<\/p>","_et_gb_content_width":"","footnotes":""},"class_list":["post-9084","page","type-page","status-publish","hentry"],"_links":{"self":[{"href":"https:\/\/saariselka.com\/en\/wp-json\/wp\/v2\/pages\/9084","targetHints":{"allow":["GET"]}}],"collection":[{"href":"https:\/\/saariselka.com\/en\/wp-json\/wp\/v2\/pages"}],"about":[{"href":"https:\/\/saariselka.com\/en\/wp-json\/wp\/v2\/types\/page"}],"author":[{"embeddable":true,"href":"https:\/\/saariselka.com\/en\/wp-json\/wp\/v2\/users\/1"}],"replies":[{"embeddable":true,"href":"https:\/\/saariselka.com\/en\/wp-json\/wp\/v2\/comments?post=9084"}],"version-history":[{"count":16,"href":"https:\/\/saariselka.com\/en\/wp-json\/wp\/v2\/pages\/9084\/revisions"}],"predecessor-version":[{"id":19164,"href":"https:\/\/saariselka.com\/en\/wp-json\/wp\/v2\/pages\/9084\/revisions\/19164"}],"up":[{"embeddable":true,"href":"https:\/\/saariselka.com\/en\/wp-json\/wp\/v2\/pages\/9114"}],"wp:attachment":[{"href":"https:\/\/saariselka.com\/en\/wp-json\/wp\/v2\/media?parent=9084"}],"curies":[{"name":"wp","href":"https:\/\/api.w.org\/{rel}","templated":true}]}}