{"id":9057,"date":"2021-12-31T10:26:09","date_gmt":"2021-12-31T08:26:09","guid":{"rendered":"https:\/\/saariselka.com\/?page_id=9057"},"modified":"2025-10-23T14:27:51","modified_gmt":"2025-10-23T11:27:51","slug":"activities","status":"publish","type":"page","link":"https:\/\/saariselka.com\/en\/activities\/","title":{"rendered":"Activities"},"content":{"rendered":"<p>[et_pb_section fb_built=&#8221;1&#8243; _builder_version=&#8221;4.21.0&#8243; _module_preset=&#8221;default&#8221; background_color=&#8221;rgba(52,56,55,0.2)&#8221; background_image=&#8221;https:\/\/saariselka.com\/wp-content\/uploads\/2022\/01\/Saariselan-keskusvaraamo_Lumikenkaily_3.jpg&#8221; background_blend=&#8221;overlay&#8221; custom_padding=&#8221;199px||199px||true|false&#8221; saved_tabs=&#8221;all&#8221; locked=&#8221;off&#8221; global_colors_info=&#8221;{}&#8221;][et_pb_row _builder_version=&#8221;4.16&#8243; _module_preset=&#8221;default&#8221; global_colors_info=&#8221;{}&#8221;][et_pb_column type=&#8221;4_4&#8243; _builder_version=&#8221;4.16&#8243; _module_preset=&#8221;default&#8221; global_colors_info=&#8221;{}&#8221;][et_pb_text _builder_version=&#8221;4.16&#8243; _dynamic_attributes=&#8221;content&#8221; _module_preset=&#8221;default&#8221; text_orientation=&#8221;center&#8221; background_layout=&#8221;dark&#8221; custom_margin=&#8221;0px||0px||true|false&#8221; custom_padding=&#8221;||||true|false&#8221; global_colors_info=&#8221;{}&#8221;]@ET-DC@eyJkeW5hbWljIjp0cnVlLCJjb250ZW50IjoicG9zdF90aXRsZSIsInNldHRpbmdzIjp7ImJlZm9yZSI6IjxoMT4iLCJhZnRlciI6IjwvaDE+In19@[\/et_pb_text][et_pb_text _builder_version=&#8221;4.16&#8243; _module_preset=&#8221;default&#8221; text_font=&#8221;|800||on|||||&#8221; text_font_size=&#8221;20px&#8221; text_line_height=&#8221;25px&#8221; text_orientation=&#8221;center&#8221; background_layout=&#8221;dark&#8221; custom_padding=&#8221;||2px|||&#8221; global_colors_info=&#8221;{}&#8221;]<\/p>\n<p>Safaries, excursions and daily activities<\/p>\n<p>[\/et_pb_text][\/et_pb_column][\/et_pb_row][\/et_pb_section][et_pb_section fb_built=&#8221;1&#8243; _builder_version=&#8221;4.27.4&#8243; _module_preset=&#8221;default&#8221; locked=&#8221;off&#8221; global_colors_info=&#8221;{}&#8221;][et_pb_row module_id=&#8221;snowmobile_adventures&#8221; _builder_version=&#8221;4.27.4&#8243; _module_preset=&#8221;default&#8221; global_colors_info=&#8221;{}&#8221;][et_pb_column type=&#8221;4_4&#8243; _builder_version=&#8221;4.27.4&#8243; _module_preset=&#8221;default&#8221; global_colors_info=&#8221;{}&#8221;][et_pb_heading title=&#8221;Snowmobile Adventures&#8221; admin_label=&#8221;Snowmobile Adventures&#8221; _builder_version=&#8221;4.27.4&#8243; _module_preset=&#8221;default&#8221; title_level=&#8221;h3&#8243; global_colors_info=&#8221;{}&#8221;][\/et_pb_heading][et_pb_text admin_label=&#8221;Teksti&#8221; _builder_version=&#8221;4.27.4&#8243; _module_preset=&#8221;default&#8221; max_width=&#8221;42em&#8221; global_colors_info=&#8221;{}&#8221;]<\/p>\n<p>Experience the thrill of Arctic Adventure on a snowmobile safari in Saariselk\u00e4, the heart of Finnish Lapland. Our guided tours are designed from 1 hours tour up to 6 hours to suit every level of adventure. Whether you\u00b4re an experienced rider or a fist time explorer, we offer an unforgettable way to discover the magic of north.<\/p>\n<p>[\/et_pb_text][et_pb_text admin_label=&#8221;Fareharbor&#8221; _builder_version=&#8221;4.27.4&#8243; _module_preset=&#8221;default&#8221; global_colors_info=&#8221;{}&#8221;]<\/p>\n<script src=\"https:\/\/fareharbor.com\/embeds\/script\/items\/saariselkabooking\/?fallback=simple&full-items=yes&flow=1406572\"><\/script>\n<p>[\/et_pb_text][\/et_pb_column][\/et_pb_row][et_pb_row module_id=&#8221;northern_lights&#8221; _builder_version=&#8221;4.27.4&#8243; _module_preset=&#8221;default&#8221; global_colors_info=&#8221;{}&#8221;][et_pb_column type=&#8221;4_4&#8243; _builder_version=&#8221;4.27.4&#8243; _module_preset=&#8221;default&#8221; global_colors_info=&#8221;{}&#8221;][et_pb_heading title=&#8221;Northern Lights tours &#8221; admin_label=&#8221;Northern Lights tours &#8221; _builder_version=&#8221;4.27.4&#8243; _module_preset=&#8221;default&#8221; title_level=&#8221;h3&#8243; global_colors_info=&#8221;{}&#8221;][\/et_pb_heading][et_pb_text _builder_version=&#8221;4.27.4&#8243; _module_preset=&#8221;default&#8221; max_width=&#8221;42em&#8221; global_colors_info=&#8221;{}&#8221;]<\/p>\n<p>Saariselk\u00e4 is one of the best places to experience the Northern Lights \u2013 far from city lights, surrounded by pure Arctic nature. Choose your preferred way to explore: by snowmobile, reindeer sleigh, snowshoes, or car. A local guide will lead you to the most scenic spots for aurora watching and make the evening unforgettable, even if the sky stays quiet.<\/p>\n<p>[\/et_pb_text][et_pb_text admin_label=&#8221;Fareharbor&#8221; _builder_version=&#8221;4.27.4&#8243; _module_preset=&#8221;default&#8221; global_colors_info=&#8221;{}&#8221;]<\/p>\n<script src=\"https:\/\/fareharbor.com\/embeds\/script\/items\/saariselkabooking\/?fallback=simple&full-items=yes&flow=1406575\"><\/script>\n<p>[\/et_pb_text][\/et_pb_column][\/et_pb_row][et_pb_row module_id=&#8221;reindeer_experiences&#8221; _builder_version=&#8221;4.27.4&#8243; _module_preset=&#8221;default&#8221; hover_enabled=&#8221;0&#8243; global_colors_info=&#8221;{}&#8221; sticky_enabled=&#8221;0&#8243;][et_pb_column type=&#8221;4_4&#8243; _builder_version=&#8221;4.27.4&#8243; _module_preset=&#8221;default&#8221; global_colors_info=&#8221;{}&#8221;][et_pb_heading title=&#8221;Reindeer Experiences &#8221; admin_label=&#8221;Reindeer Experiences &#8221; _builder_version=&#8221;4.27.4&#8243; _module_preset=&#8221;default&#8221; title_level=&#8221;h3&#8243; global_colors_info=&#8221;{}&#8221;][\/et_pb_heading][et_pb_text _builder_version=&#8221;4.27.4&#8243; _module_preset=&#8221;default&#8221; global_colors_info=&#8221;{}&#8221;]<\/p>\n<p>Join our Reindeer Tour in Saariselk\u00e4 for an authentic encounter with S\u00e1mi culture and traditional reindeer herding. The sleigh ride takes you to a peaceful forest without daily life hustle and bustle. The magic of Nordic Forest with frost and snow on the tree will make your fairy tale dream comes true.<\/p>\n<p>[\/et_pb_text][et_pb_text admin_label=&#8221;Fareharbor&#8221; _builder_version=&#8221;4.27.4&#8243; _module_preset=&#8221;default&#8221; global_colors_info=&#8221;{}&#8221;]<\/p>\n<script src=\"https:\/\/fareharbor.com\/embeds\/script\/items\/saariselkabooking\/?fallback=simple&full-items=yes&flow=1406573\"><\/script>\n<p>[\/et_pb_text][\/et_pb_column][\/et_pb_row][et_pb_row column_structure=&#8221;1_2,1_2&#8243; module_id=&#8221;santas_secret_cabin&#8221; _builder_version=&#8221;4.27.4&#8243; _module_preset=&#8221;default&#8221; global_colors_info=&#8221;{}&#8221;][et_pb_column type=&#8221;1_2&#8243; _builder_version=&#8221;4.27.4&#8243; _module_preset=&#8221;default&#8221; global_colors_info=&#8221;{}&#8221;][et_pb_heading title=&#8221;Santa\u00b4s Secret Cabin&#8221; admin_label=&#8221;Santa\u00b4s Secret Cabin&#8221; _builder_version=&#8221;4.27.4&#8243; _module_preset=&#8221;default&#8221; title_level=&#8221;h3&#8243; global_colors_info=&#8221;{}&#8221;][\/et_pb_heading][et_pb_text _builder_version=&#8221;4.27.4&#8243; _module_preset=&#8221;default&#8221; global_colors_info=&#8221;{}&#8221;]<\/p>\n<p>Ho ho ho! Do you dream to meet Santa Claus in person? Embark on a journey to the depths of the Secret cabin and discover what our elves are up to! Our cheerful elves can\u00b4t wait to share the Christmas magic with you. Make sure you stay on the nice list, as you might get a chance to meet Santa himself.<\/p>\n<p>[\/et_pb_text][\/et_pb_column][et_pb_column type=&#8221;1_2&#8243; _builder_version=&#8221;4.27.4&#8243; _module_preset=&#8221;default&#8221; global_colors_info=&#8221;{}&#8221;][et_pb_text admin_label=&#8221;Fareharbor&#8221; _builder_version=&#8221;4.27.4&#8243; _module_preset=&#8221;default&#8221; global_colors_info=&#8221;{}&#8221;]<\/p>\n<script src=\"https:\/\/fareharbor.com\/embeds\/script\/items\/saariselkabooking\/?fallback=simple&full-items=yes&flow=1495016\"><\/script>\n<p>[\/et_pb_text][\/et_pb_column][\/et_pb_row][et_pb_row module_id=&#8221;winter_activities&#8221; _builder_version=&#8221;4.27.4&#8243; _module_preset=&#8221;default&#8221; global_colors_info=&#8221;{}&#8221;][et_pb_column type=&#8221;4_4&#8243; _builder_version=&#8221;4.27.4&#8243; _module_preset=&#8221;default&#8221; global_colors_info=&#8221;{}&#8221;][et_pb_heading title=&#8221;Winter Adventures &#8221; admin_label=&#8221;Winter Adventures &#8221; _builder_version=&#8221;4.27.4&#8243; _module_preset=&#8221;default&#8221; title_level=&#8221;h3&#8243; global_colors_info=&#8221;{}&#8221;][\/et_pb_heading][et_pb_text _builder_version=&#8221;4.27.4&#8243; _module_preset=&#8221;default&#8221; max_width=&#8221;40em&#8221; global_colors_info=&#8221;{}&#8221;]<\/p>\n<p>Ice fishing \/ snowshoes \/ Cross country skiing \/ Biking<\/p>\n<p>Saariselk\u00e4 locates right next to Urho Kekkonen National Park, where nests many natural trails. Discover the best winter adventures in Saariselk\u00e4. Live like a real Finn, whose favourites like snowshoeing, ice fishing, electric fatbike trips and cross-country skiing. Explore the surrounding nature in the most authentic way.<\/p>\n<p>[\/et_pb_text][et_pb_text admin_label=&#8221;Fareharbor&#8221; _builder_version=&#8221;4.27.4&#8243; _module_preset=&#8221;default&#8221; global_colors_info=&#8221;{}&#8221;]<\/p>\n<script src=\"https:\/\/fareharbor.com\/embeds\/script\/items\/saariselkabooking\/?fallback=simple&full-items=yes&flow=1406578\"><\/script>\n<p>[\/et_pb_text][\/et_pb_column][\/et_pb_row][\/et_pb_section][et_pb_section fb_built=&#8221;1&#8243; _builder_version=&#8221;4.20.2&#8243; _module_preset=&#8221;default&#8221; custom_padding=&#8221;0px|0px|0px|0px|false|false&#8221; locked=&#8221;off&#8221; global_colors_info=&#8221;{}&#8221;][et_pb_row column_structure=&#8221;1_2,1_2&#8243; use_custom_gutter=&#8221;on&#8221; gutter_width=&#8221;1&#8243; make_equal=&#8221;on&#8221; _builder_version=&#8221;4.21.0&#8243; _module_preset=&#8221;default&#8221; width=&#8221;100%&#8221; max_width=&#8221;100%&#8221; custom_margin=&#8221;0px|0px|0px|0px|false|false&#8221; custom_padding=&#8221;0px|0px|0px|0px|false|false&#8221; global_colors_info=&#8221;{}&#8221;][et_pb_column type=&#8221;1_2&#8243; _builder_version=&#8221;4.20.2&#8243; _module_preset=&#8221;default&#8221; background_color=&#8221;#F2F2F2&#8243; custom_padding=&#8221;40px|4%|40px|4%|true|true&#8221; global_colors_info=&#8221;{}&#8221;][et_pb_text _builder_version=&#8221;4.20.2&#8243; _module_preset=&#8221;default&#8221; custom_padding=&#8221;20px|20px|20px|20px|false|false&#8221; global_colors_info=&#8221;{}&#8221;]<iframe loading=\"lazy\" style=\"border: 0;\" src=\"https:\/\/www.google.com\/maps\/embed?pb=!1m18!1m12!1m3!1d1467.3873504020667!2d27.412957157177733!3d68.42104604512055!2m3!1f0!2f0!3f0!3m2!1i1024!2i768!4f13.1!3m3!1m2!1s0x45cd4312e5ac4c8f%3A0xf6d304c54a20c473!2sLapponia%20Tours%20(Top%20Safaris)!5e0!3m2!1sfi!2sfi!4v1669982471499!5m2!1sfi!2sfi\" width=\"600\" height=\"450\" allowfullscreen=\"allowfullscreen\" data-mce-fragment=\"1\"><\/iframe><br \/>\n[\/et_pb_text][\/et_pb_column][et_pb_column type=&#8221;1_2&#8243; _builder_version=&#8221;4.21.0&#8243; _module_preset=&#8221;default&#8221; background_color=&#8221;#343837&#8243; background_enable_image=&#8221;off&#8221; custom_padding=&#8221;40px|4%|40px|4%|true|true&#8221; global_colors_info=&#8221;{}&#8221;][et_pb_text _builder_version=&#8221;4.21.0&#8243; _module_preset=&#8221;default&#8221; background_layout=&#8221;dark&#8221; custom_padding=&#8221;20px|20px|20px|20px|false|false&#8221; global_colors_info=&#8221;{}&#8221;]<\/p>\n<h2>Lapponia Tours Safari House<\/h2>\n<p>&nbsp;<\/p>\n<blockquote>\n<h4>Walk-in address:\u00a0 Honkapolku 1, 99830 Saariselk\u00e4<\/h4>\n<\/blockquote>\n<p>Phone:\u00a0 +358 16 667 033<\/p>\n<p>Email:\u00a0 sales@lapponiatours.com<\/p>\n<p>[\/et_pb_text][et_pb_button button_url=&#8221;tel:+35816667033&#8243; button_text=&#8221;Call to safari house&#8221; module_class=&#8221;original-activity-button&#8221; _builder_version=&#8221;4.21.0&#8243; _module_preset=&#8221;default&#8221; custom_margin=&#8221;20px|40px|20px|40px|false|false&#8221; custom_padding=&#8221;||||false|false&#8221; global_colors_info=&#8221;{}&#8221;][\/et_pb_button][et_pb_button button_url=&#8221;mailto:sales@saariselka.com&#8221; button_text=&#8221;Sent email to Safari House&#8221; module_class=&#8221;original-activity-button&#8221; _builder_version=&#8221;4.21.0&#8243; _module_preset=&#8221;default&#8221; custom_margin=&#8221;20px|40px|20px|40px|false|false&#8221; global_colors_info=&#8221;{}&#8221;][\/et_pb_button][et_pb_button button_url=&#8221;https:\/\/fareharbor.com\/embeds\/book\/saariselkabooking\/?full-items=yes&#038;flow=960515&#8243; button_text=&#8221;ONLINE RENTAL SHOP&#8221; _builder_version=&#8221;4.21.0&#8243; _module_preset=&#8221;default&#8221; custom_margin=&#8221;20px|40px|20px|40px|false|false&#8221; global_colors_info=&#8221;{}&#8221;][\/et_pb_button][\/et_pb_column][\/et_pb_row][\/et_pb_section]<\/p>\n","protected":false},"excerpt":{"rendered":"<p>Safaries, excursions and daily activitiesExperience the thrill of Arctic Adventure on a snowmobile safari in Saariselk\u00e4, the heart of Finnish Lapland. Our guided tours are designed from 1 hours tour up to 6 hours to suit every level of adventure. Whether you\u00b4re an experienced rider or a fist time explorer, we offer an unforgettable way [&hellip;]<\/p>\n","protected":false},"author":1,"featured_media":0,"parent":0,"menu_order":0,"comment_status":"closed","ping_status":"closed","template":"saariselka-api-aktiviteetit.php","meta":{"_et_pb_use_builder":"on","_et_pb_old_content":"<p>[et_pb_section fb_built=\"1\" _builder_version=\"4.10.4\" _module_preset=\"default\" background_color=\"rgba(52,56,55,0.2)\" background_image=\"https:\/\/saariselka.com\/wp-content\/uploads\/2021\/05\/aerial-top-view-of-snow-winter-forest-with-road-in-P87SQGE.jpg\" background_blend=\"overlay\" custom_padding=\"199px||199px||true|false\" saved_tabs=\"all\" locked=\"off\" global_colors_info=\"{}\"][et_pb_row _builder_version=\"4.9.4\" _module_preset=\"default\" global_colors_info=\"{}\"][et_pb_column type=\"4_4\" _builder_version=\"4.9.4\" _module_preset=\"default\" global_colors_info=\"{}\"][et_pb_text _builder_version=\"4.10.4\" _dynamic_attributes=\"content\" _module_preset=\"default\" text_orientation=\"center\" background_layout=\"dark\" custom_margin=\"0px||0px||true|false\" custom_padding=\"||||true|false\" global_colors_info=\"{}\"]@ET-DC@eyJkeW5hbWljIjp0cnVlLCJjb250ZW50IjoicG9zdF90aXRsZSIsInNldHRpbmdzIjp7ImJlZm9yZSI6IjxoMT4iLCJhZnRlciI6IjwvaDE+In19@[\/et_pb_text][et_pb_text _builder_version=\"4.13.1\" _module_preset=\"default\" text_font=\"|800||on|||||\" text_font_size=\"20px\" text_line_height=\"25px\" text_orientation=\"center\" background_layout=\"dark\" global_colors_info=\"{}\"]<\/p><p>Inari-Saariselk\u00e4 alueen viikko-ohjelmat ja safarit<\/p><p>[\/et_pb_text][\/et_pb_column][\/et_pb_row][\/et_pb_section][et_pb_section fb_built=\"1\" _builder_version=\"4.9.4\" _module_preset=\"default\" background_color=\"#FFFFFF\" locked=\"off\" global_colors_info=\"{}\"][et_pb_row _builder_version=\"4.9.4\" _module_preset=\"default\" global_colors_info=\"{}\"][et_pb_column type=\"4_4\" _builder_version=\"4.9.4\" _module_preset=\"default\" global_colors_info=\"{}\"][et_pb_text _builder_version=\"4.10.4\" _module_preset=\"default\" text_orientation=\"center\" global_colors_info=\"{}\"]<\/p><h2>Inari-Saariselk\u00e4 ohjelmapalvelut<\/h2><p>[\/et_pb_text][et_pb_text _builder_version=\"4.13.1\" _module_preset=\"default\" text_orientation=\"center\" global_colors_info=\"{}\"]<\/p><p>T\u00e4lle sivulle listautuvat Inari-Saariselk\u00e4 matkailualueen ohjelmapalvelut: Safarit, retket, viikko-ohjelmat ja muut ohjelmapalvelut. Huskyt, porot, moottorikelkat, revontulet, kullankaivuu, maastopy\u00f6r\u00e4t ja vaikka mit\u00e4 muuta.<\/p><p><strong>Varaukset ja maksu viimeist\u00e4\u00e4n safaria edelt\u00e4v\u00e4n\u00e4 p\u00e4iv\u00e4n\u00e4 klo 16 menness\u00e4.<\/strong><\/p><p>[\/et_pb_text][\/et_pb_column][\/et_pb_row][et_pb_row _builder_version=\"4.9.2\" _module_preset=\"default\" global_colors_info=\"{}\"][et_pb_column type=\"4_4\" _builder_version=\"4.9.2\" _module_preset=\"default\" global_colors_info=\"{}\"][et_pb_text _builder_version=\"4.10.5\" _module_preset=\"default\" global_colors_info=\"{}\"]<\/p><p>[ess_grid alias=\"aktiviteetit\"]<\/p><p>[\/et_pb_text][\/et_pb_column][\/et_pb_row][et_pb_row _builder_version=\"4.10.6\" _module_preset=\"default\" background_enable_color=\"off\" background_image=\"https:\/\/saariselka.com\/wp-content\/uploads\/2021\/09\/Lapponia-Tours_ruska_1920px_2.jpg\" background_blend=\"hue\" global_colors_info=\"{}\"][et_pb_column type=\"4_4\" _builder_version=\"4.10.5\" _module_preset=\"default\" custom_padding=\"40px|40px|40px|40px|true|true\" global_colors_info=\"{}\"][et_pb_text _builder_version=\"4.10.6\" _module_preset=\"default\" text_font=\"|600|||||||\" text_font_size=\"18px\" text_orientation=\"center\" background_layout=\"dark\" global_colors_info=\"{}\"]<\/p><h2>Lomavaraamo<\/h2><p>Varaa t\u00e4st\u00e4 majoitus tai aktiviteetti. Kaikki tarvittava Pohjois-Lapin lomallesi.<\/p><p>[\/et_pb_text][et_pb_code _builder_version=\"4.10.6\" _module_preset=\"default\" text_orientation=\"center\" global_colors_info=\"{}\"]<iframe class=\"cboxIframe\" src=\"https:\/\/varaamo.saariselka.com\/intres\/shops\/saariselka\/acc\/common\/searchbox.aspx?defaultInterface=acc&culture=fi&style=https:\/\/saariselka.com\/saariselka\/wp-content\/themes\/saariselka\/css\/booking-iframe.css\" name=\"1630671430584\" height=\"450\" frameborder=\"0\" allowfullscreen=\"allowfullscreen\" data-mce-fragment=\"1\"><\/iframe>[\/et_pb_code][\/et_pb_column][\/et_pb_row][\/et_pb_section]<\/p>","_et_gb_content_width":"","footnotes":""},"class_list":["post-9057","page","type-page","status-publish","hentry"],"_links":{"self":[{"href":"https:\/\/saariselka.com\/en\/wp-json\/wp\/v2\/pages\/9057","targetHints":{"allow":["GET"]}}],"collection":[{"href":"https:\/\/saariselka.com\/en\/wp-json\/wp\/v2\/pages"}],"about":[{"href":"https:\/\/saariselka.com\/en\/wp-json\/wp\/v2\/types\/page"}],"author":[{"embeddable":true,"href":"https:\/\/saariselka.com\/en\/wp-json\/wp\/v2\/users\/1"}],"replies":[{"embeddable":true,"href":"https:\/\/saariselka.com\/en\/wp-json\/wp\/v2\/comments?post=9057"}],"version-history":[{"count":44,"href":"https:\/\/saariselka.com\/en\/wp-json\/wp\/v2\/pages\/9057\/revisions"}],"predecessor-version":[{"id":19880,"href":"https:\/\/saariselka.com\/en\/wp-json\/wp\/v2\/pages\/9057\/revisions\/19880"}],"wp:attachment":[{"href":"https:\/\/saariselka.com\/en\/wp-json\/wp\/v2\/media?parent=9057"}],"curies":[{"name":"wp","href":"https:\/\/api.w.org\/{rel}","templated":true}]}}