{"id":9053,"date":"2021-08-27T12:05:34","date_gmt":"2021-08-27T09:05:34","guid":{"rendered":"https:\/\/saariselka.com\/?page_id=9053"},"modified":"2023-06-06T12:39:07","modified_gmt":"2023-06-06T09:39:07","slug":"accommodation","status":"publish","type":"page","link":"https:\/\/saariselka.com\/en\/accommodation\/","title":{"rendered":"Cottages"},"content":{"rendered":"<p>[et_pb_section fb_built=&#8221;1&#8243; _builder_version=&#8221;4.21.0&#8243; _module_preset=&#8221;default&#8221; background_color=&#8221;#FFFFFF&#8221; custom_padding=&#8221;0px||0px||false|false&#8221; locked=&#8221;off&#8221; global_colors_info=&#8221;{}&#8221;][et_pb_row column_structure=&#8221;1_4,1_2,1_4&#8243; use_custom_gutter=&#8221;on&#8221; gutter_width=&#8221;1&#8243; make_equal=&#8221;on&#8221; _builder_version=&#8221;4.21.0&#8243; _module_preset=&#8221;default&#8221; background_color=&#8221;#FFFFFF&#8221; width=&#8221;100%&#8221; max_width=&#8221;100%&#8221; custom_padding=&#8221;0px||0px||false|false&#8221; locked=&#8221;off&#8221; global_colors_info=&#8221;{}&#8221;][et_pb_column type=&#8221;1_4&#8243; _builder_version=&#8221;4.21.0&#8243; _module_preset=&#8221;default&#8221; background_image=&#8221;https:\/\/saariselka.com\/wp-content\/uploads\/2023\/05\/Lomarengas_SunFamily_1000x1240_Final_HighRes_20180918.jpg&#8221; custom_padding=&#8221;160px||160px||true|false&#8221; global_colors_info=&#8221;{}&#8221;][\/et_pb_column][et_pb_column type=&#8221;1_2&#8243; _builder_version=&#8221;4.21.0&#8243; _module_preset=&#8221;default&#8221; background_color=&#8221;#FFFFFF&#8221; background_enable_image=&#8221;off&#8221; custom_padding=&#8221;130px|8%|130px|8%|true|true&#8221; global_colors_info=&#8221;{}&#8221;][et_pb_image src=&#8221;https:\/\/saariselka.com\/wp-content\/uploads\/2023\/05\/LomarengasSaariselka_logo_RGB-300&#215;64.jpg&#8221; title_text=&#8221;Lomarengas+Saariselka\u0308_logo_RGB&#8221; url=&#8221;https:\/\/www.lomarengas.fi\/en\/cottage-search\/lappi\/ski-resort\/saariselka?utm_source=saariselkacom_fi&#038;utm_medium=organic&#8221; align=&#8221;center&#8221; _builder_version=&#8221;4.21.0&#8243; _module_preset=&#8221;default&#8221; global_colors_info=&#8221;{}&#8221;][\/et_pb_image][et_pb_text _builder_version=&#8221;4.21.0&#8243; _module_preset=&#8221;default&#8221; text_text_color=&#8221;#0763a7&#8243; text_orientation=&#8221;center&#8221; background_layout=&#8221;dark&#8221; custom_padding=&#8221;40px||||false|false&#8221; link_option_url=&#8221;https:\/\/www.lomarengas.fi\/en\/cottage-search\/lappi\/ski-resort\/saariselka?utm_source=saariselkacom_fi&#038;utm_medium=organic&#8221; global_colors_info=&#8221;{}&#8221;]<\/p>\n<h1><span style=\"color: #0763a7;\">Cottages &amp; Apartments<br \/><\/span><\/h1>\n<p>[\/et_pb_text][\/et_pb_column][et_pb_column type=&#8221;1_4&#8243; _builder_version=&#8221;4.21.0&#8243; _module_preset=&#8221;default&#8221; background_image=&#8221;https:\/\/saariselka.com\/wp-content\/uploads\/2023\/05\/Lomarengas_kesakuva_2020_fog_RGB_72dpi.jpg&#8221; custom_padding=&#8221;160px||160px||true|false&#8221; global_colors_info=&#8221;{}&#8221;][\/et_pb_column][\/et_pb_row][\/et_pb_section][et_pb_section fb_built=&#8221;1&#8243; _builder_version=&#8221;4.21.0&#8243; _module_preset=&#8221;default&#8221; background_color=&#8221;#FFFFFF&#8221; locked=&#8221;off&#8221; global_colors_info=&#8221;{}&#8221;][et_pb_row _builder_version=&#8221;4.21.0&#8243; _module_preset=&#8221;default&#8221; box_shadow_style=&#8221;preset1&#8243; global_colors_info=&#8221;{}&#8221;][et_pb_column type=&#8221;4_4&#8243; _builder_version=&#8221;4.16&#8243; _module_preset=&#8221;default&#8221; global_colors_info=&#8221;{}&#8221;][et_pb_text _builder_version=&#8221;4.21.0&#8243; _module_preset=&#8221;default&#8221; text_orientation=&#8221;center&#8221; global_colors_info=&#8221;{}&#8221;]<\/p>\n<h2>The widest range of cottages and apartments in Saariselk\u00e4<\/h2>\n<p>[\/et_pb_text][et_pb_text _builder_version=&#8221;4.21.0&#8243; _module_preset=&#8221;default&#8221; text_orientation=&#8221;center&#8221; global_colors_info=&#8221;{}&#8221;]<\/p>\n<p>Book accommodation in Saariselk\u00e4 through Lomarengas!<\/p>\n<p>All of Saariselk\u00e4&#8217;s wonderful cottages, villas and apartments have been transferred to Lomarengas from June 1, 2023 . <br \/>On Lomarengas&#8217; website you can find more than <a href=\"https:\/\/www.lomarengas.fi\/en\/cottage-search\/lappi\/ski-resort\/saariselka?utm_source=saariselkacom_fi&#038;utm_medium=organic\" target=\"_blank\" rel=\"noopener\"> 350 accommodation options in Saariselka<\/a>.<\/p>\n<p>Welcome to check-out the Lomarengas.fi accommodations!<\/p>\n<p><a href=\"https:\/\/www.lomarengas.fi\/en\/cottage-search\/lappi\/ski-resort\/saariselka?utm_source=saariselkacom_fi&#038;utm_medium=organic\" target=\"_blank\" rel=\"noopener\">Lomarengas Saariselk\u00e4<\/a><\/p>\n<p>[\/et_pb_text][et_pb_image src=&#8221;https:\/\/saariselka.com\/wp-content\/uploads\/2023\/05\/Lomarengas_logo-300&#215;99.png&#8221; title_text=&#8221;Lomarengas_logo&#8221; url=&#8221;https:\/\/www.lomarengas.fi\/en\/cottage-search\/lappi\/ski-resort\/saariselka?utm_source=saariselkacom_fi&#038;utm_medium=organic&#8221; align=&#8221;center&#8221; _builder_version=&#8221;4.21.0&#8243; _module_preset=&#8221;default&#8221; global_colors_info=&#8221;{}&#8221;][\/et_pb_image][\/et_pb_column][\/et_pb_row][\/et_pb_section]<\/p>\n","protected":false},"excerpt":{"rendered":"<p>Cottages &amp; ApartmentsThe widest range of cottages and apartments in Saariselk\u00e4Book accommodation in Saariselk\u00e4 through Lomarengas! All of Saariselk\u00e4&#8217;s wonderful cottages, villas and apartments have been transferred to Lomarengas from June 1, 2023 . On Lomarengas&#8217; website you can find more than 350 accommodation options in Saariselka. Welcome to check-out the Lomarengas.fi accommodations! Lomarengas Saariselk\u00e4<\/p>\n","protected":false},"author":1,"featured_media":0,"parent":0,"menu_order":0,"comment_status":"closed","ping_status":"closed","template":"saariselka-api-majoitus.php","meta":{"_et_pb_use_builder":"on","_et_pb_old_content":"","_et_gb_content_width":"","footnotes":""},"class_list":["post-9053","page","type-page","status-publish","hentry"],"_links":{"self":[{"href":"https:\/\/saariselka.com\/en\/wp-json\/wp\/v2\/pages\/9053","targetHints":{"allow":["GET"]}}],"collection":[{"href":"https:\/\/saariselka.com\/en\/wp-json\/wp\/v2\/pages"}],"about":[{"href":"https:\/\/saariselka.com\/en\/wp-json\/wp\/v2\/types\/page"}],"author":[{"embeddable":true,"href":"https:\/\/saariselka.com\/en\/wp-json\/wp\/v2\/users\/1"}],"replies":[{"embeddable":true,"href":"https:\/\/saariselka.com\/en\/wp-json\/wp\/v2\/comments?post=9053"}],"version-history":[{"count":15,"href":"https:\/\/saariselka.com\/en\/wp-json\/wp\/v2\/pages\/9053\/revisions"}],"predecessor-version":[{"id":19150,"href":"https:\/\/saariselka.com\/en\/wp-json\/wp\/v2\/pages\/9053\/revisions\/19150"}],"wp:attachment":[{"href":"https:\/\/saariselka.com\/en\/wp-json\/wp\/v2\/media?parent=9053"}],"curies":[{"name":"wp","href":"https:\/\/api.w.org\/{rel}","templated":true}]}}