{"id":18986,"date":"2023-05-31T11:03:55","date_gmt":"2023-05-31T08:03:55","guid":{"rendered":"https:\/\/saariselka.com\/?page_id=18986"},"modified":"2023-06-12T11:46:15","modified_gmt":"2023-06-12T08:46:15","slug":"accommodation","status":"publish","type":"page","link":"https:\/\/saariselka.com\/de\/accommodation\/","title":{"rendered":"Unterkunft"},"content":{"rendered":"<p>[et_pb_section fb_built=&#8220;1&#8243; _builder_version=&#8220;4.21.0&#8243; _module_preset=&#8220;default&#8220; background_color=&#8220;#FFFFFF&#8220; custom_padding=&#8220;0px||0px||false|false&#8220; locked=&#8220;off&#8220; global_colors_info=&#8220;{}&#8220;][et_pb_row column_structure=&#8220;1_4,1_2,1_4&#8243; use_custom_gutter=&#8220;on&#8220; gutter_width=&#8220;1&#8243; make_equal=&#8220;on&#8220; _builder_version=&#8220;4.21.0&#8243; _module_preset=&#8220;default&#8220; background_color=&#8220;#FFFFFF&#8220; width=&#8220;100%&#8220; max_width=&#8220;100%&#8220; custom_padding=&#8220;0px||0px||false|false&#8220; locked=&#8220;off&#8220; global_colors_info=&#8220;{}&#8220;][et_pb_column type=&#8220;1_4&#8243; _builder_version=&#8220;4.21.0&#8243; _module_preset=&#8220;default&#8220; background_image=&#8220;https:\/\/saariselka.com\/wp-content\/uploads\/2023\/05\/Lomarengas_SunFamily_1000x1240_Final_HighRes_20180918.jpg&#8220; custom_padding=&#8220;160px||160px||true|false&#8220; global_colors_info=&#8220;{}&#8220;][\/et_pb_column][et_pb_column type=&#8220;1_2&#8243; _builder_version=&#8220;4.21.0&#8243; _module_preset=&#8220;default&#8220; background_color=&#8220;#FFFFFF&#8220; background_enable_image=&#8220;off&#8220; custom_padding=&#8220;130px|8%|130px|8%|true|true&#8220; global_colors_info=&#8220;{}&#8220;][et_pb_image src=&#8220;https:\/\/saariselka.com\/wp-content\/uploads\/2023\/05\/LomarengasSaariselka_logo_RGB-300&#215;64.jpg&#8220; title_text=&#8220;Lomarengas+Saariselka\u0308_logo_RGB&#8220; url=&#8220;https:\/\/www.lomarengas.fi\/en\/cottage-search\/lappi\/ski-resort\/saariselka?utm_source=saariselkacom_fi&#038;utm_medium=organic&#8220; align=&#8220;center&#8220; _builder_version=&#8220;4.21.0&#8243; _module_preset=&#8220;default&#8220; global_colors_info=&#8220;{}&#8220;][\/et_pb_image][et_pb_text _builder_version=&#8220;4.21.0&#8243; _module_preset=&#8220;default&#8220; text_text_color=&#8220;#0763a7&#8243; text_orientation=&#8220;center&#8220; background_layout=&#8220;dark&#8220; custom_padding=&#8220;40px||||false|false&#8220; link_option_url=&#8220;https:\/\/www.lomarengas.fi\/en\/cottage-search\/lappi\/ski-resort\/saariselka?utm_source=saariselkacom_fi&#038;utm_medium=organic&#8220; global_colors_info=&#8220;{}&#8220;]<\/p>\n<h1><span style=\"color: #0763a7;\">Cottages &amp; Apartments<br \/>\n<\/span><\/h1>\n<p>[\/et_pb_text][\/et_pb_column][et_pb_column type=&#8220;1_4&#8243; _builder_version=&#8220;4.21.0&#8243; _module_preset=&#8220;default&#8220; background_image=&#8220;https:\/\/saariselka.com\/wp-content\/uploads\/2023\/05\/Lomarengas_kesakuva_2020_fog_RGB_72dpi.jpg&#8220; custom_padding=&#8220;160px||160px||true|false&#8220; global_colors_info=&#8220;{}&#8220;][\/et_pb_column][\/et_pb_row][\/et_pb_section][et_pb_section fb_built=&#8220;1&#8243; _builder_version=&#8220;4.21.0&#8243; _module_preset=&#8220;default&#8220; background_color=&#8220;#FFFFFF&#8220; locked=&#8220;off&#8220; global_colors_info=&#8220;{}&#8220;][et_pb_row _builder_version=&#8220;4.21.0&#8243; _module_preset=&#8220;default&#8220; box_shadow_style=&#8220;preset1&#8243; global_colors_info=&#8220;{}&#8220;][et_pb_column type=&#8220;4_4&#8243; _builder_version=&#8220;4.16&#8243; _module_preset=&#8220;default&#8220; global_colors_info=&#8220;{}&#8220;][et_pb_text _builder_version=&#8220;4.21.0&#8243; _module_preset=&#8220;default&#8220; text_orientation=&#8220;center&#8220; global_colors_info=&#8220;{}&#8220;]<\/p>\n<h2>Die gr\u00f6\u00dfte Auswahl an Ferienh\u00e4usern und Apartments in Saariselk\u00e4<\/h2>\n<p>[\/et_pb_text][et_pb_text _builder_version=&#8220;4.21.0&#8243; _module_preset=&#8220;default&#8220; text_orientation=&#8220;center&#8220; global_colors_info=&#8220;{}&#8220;]Buchen Sie Unterk\u00fcnfte in Saariselk\u00e4 \u00fcber Lomarengas!<\/p>\n<p>Alle wunderbaren Ferienh\u00e4user, Villen und Apartments von Saariselk\u00e4 wurden ab dem 1. Juni 2023 auf Lomarengas \u00fcbertragen.<br \/>\nAuf der Lomarengas-Website finden Sie mehr als 350 Unterkunftsm\u00f6glichkeiten in Saariselka.<\/p>\n<p>Willkommen beim Check-out der Unterk\u00fcnfte auf Lomarengas.fi!<\/p>\n<p><a href=\"https:\/\/www.lomarengas.fi\/en\/cottage-search\/lappi\/ski-resort\/saariselka?utm_source=saariselkacom_fi&amp;utm_medium=organic\" target=\"_blank\" rel=\"noopener\">Lomarengas Saariselk\u00e4<\/a>[\/et_pb_text][et_pb_image src=&#8220;https:\/\/saariselka.com\/wp-content\/uploads\/2023\/05\/Lomarengas_logo-300&#215;99.png&#8220; title_text=&#8220;Lomarengas_logo&#8220; url=&#8220;https:\/\/www.lomarengas.fi\/mokkihaku\/kainuu\/hiihtokeskus\/saariselka?utm_source=saariselkacom_fi&#038;utm_medium=organic&#8220; align=&#8220;center&#8220; _builder_version=&#8220;4.21.0&#8243; _module_preset=&#8220;default&#8220; global_colors_info=&#8220;{}&#8220;][\/et_pb_image][\/et_pb_column][\/et_pb_row][\/et_pb_section]<\/p>\n","protected":false},"excerpt":{"rendered":"<p>Cottages &amp; Apartments Die gr\u00f6\u00dfte Auswahl an Ferienh\u00e4usern und Apartments in Saariselk\u00e4Buchen Sie Unterk\u00fcnfte in Saariselk\u00e4 \u00fcber Lomarengas! Alle wunderbaren Ferienh\u00e4user, Villen und Apartments von Saariselk\u00e4 wurden ab dem 1. Juni 2023 auf Lomarengas \u00fcbertragen. Auf der Lomarengas-Website finden Sie mehr als 350 Unterkunftsm\u00f6glichkeiten in Saariselka. Willkommen beim Check-out der Unterk\u00fcnfte auf Lomarengas.fi! Lomarengas Saariselk\u00e4<\/p>\n","protected":false},"author":3,"featured_media":0,"parent":0,"menu_order":0,"comment_status":"closed","ping_status":"closed","template":"saariselka-api-majoitus.php","meta":{"_et_pb_use_builder":"on","_et_pb_old_content":"<p>[et_pb_section fb_built=\"1\" _builder_version=\"4.21.0\" _module_preset=\"default\" background_color=\"#FFFFFF\" custom_padding=\"0px||0px||false|false\" locked=\"off\" global_colors_info=\"{}\"][et_pb_row column_structure=\"1_4,1_2,1_4\" use_custom_gutter=\"on\" gutter_width=\"1\" make_equal=\"on\" _builder_version=\"4.21.0\" _module_preset=\"default\" background_color=\"#FFFFFF\" width=\"100%\" max_width=\"100%\" custom_padding=\"0px||0px||false|false\" locked=\"off\" global_colors_info=\"{}\"][et_pb_column type=\"1_4\" _builder_version=\"4.21.0\" _module_preset=\"default\" background_image=\"https:\/\/saariselka.com\/wp-content\/uploads\/2023\/05\/Lomarengas_SunFamily_1000x1240_Final_HighRes_20180918.jpg\" custom_padding=\"160px||160px||true|false\" global_colors_info=\"{}\"][\/et_pb_column][et_pb_column type=\"1_2\" _builder_version=\"4.21.0\" _module_preset=\"default\" background_color=\"#FFFFFF\" background_enable_image=\"off\" custom_padding=\"130px|8%|130px|8%|true|true\" global_colors_info=\"{}\"][et_pb_image src=\"https:\/\/saariselka.com\/wp-content\/uploads\/2023\/05\/LomarengasSaariselka_logo_RGB-300x64.jpg\" title_text=\"Lomarengas+Saariselka\u0308_logo_RGB\" url=\"https:\/\/www.lomarengas.fi\/mokkihaku\/kainuu\/hiihtokeskus\/saariselka?utm_source=saariselkacom_fi&utm_medium=organic\" align=\"center\" _builder_version=\"4.21.0\" _module_preset=\"default\" global_colors_info=\"{}\"][\/et_pb_image][et_pb_text _builder_version=\"4.21.0\" _module_preset=\"default\" text_text_color=\"#0763a7\" text_orientation=\"center\" background_layout=\"dark\" custom_padding=\"40px||||false|false\" link_option_url=\"https:\/\/www.lomarengas.fi\/mokkihaku\/kainuu\/hiihtokeskus\/saariselka?utm_source=saariselkacom_fi&utm_medium=organic\" hover_enabled=\"0\" global_colors_info=\"{}\" sticky_enabled=\"0\"]<\/p><h1><span style=\"color: #0763a7;\">Cottages & Apartments<br \/><\/span><\/h1><p>[\/et_pb_text][\/et_pb_column][et_pb_column type=\"1_4\" _builder_version=\"4.21.0\" _module_preset=\"default\" background_image=\"https:\/\/saariselka.com\/wp-content\/uploads\/2023\/05\/Lomarengas_kesakuva_2020_fog_RGB_72dpi.jpg\" custom_padding=\"160px||160px||true|false\" global_colors_info=\"{}\"][\/et_pb_column][\/et_pb_row][\/et_pb_section][et_pb_section fb_built=\"1\" _builder_version=\"4.21.0\" _module_preset=\"default\" background_color=\"#FFFFFF\" locked=\"off\" global_colors_info=\"{}\"][et_pb_row _builder_version=\"4.21.0\" _module_preset=\"default\" box_shadow_style=\"preset1\" global_colors_info=\"{}\"][et_pb_column type=\"4_4\" _builder_version=\"4.16\" _module_preset=\"default\" global_colors_info=\"{}\"][et_pb_text _builder_version=\"4.21.0\" _module_preset=\"default\" text_orientation=\"center\" hover_enabled=\"0\" global_colors_info=\"{}\" sticky_enabled=\"0\"]<\/p><h2>The widest range of cottages and apartments in Saariselk\u00e4<\/h2><p>[\/et_pb_text][et_pb_text _builder_version=\"4.21.0\" _module_preset=\"default\" text_orientation=\"center\" hover_enabled=\"0\" global_colors_info=\"{}\" sticky_enabled=\"0\"]<\/p><p>Book accommodation in Saariselk\u00e4 through Lomarengas!<\/p><p>All of Saariselk\u00e4's wonderful cottages, villas and apartments have been transferred to Lomarengas from June 1, 2023 . <br \/>On Lomarengas' website you can find more than <a href=\"https:\/\/www.lomarengas.fi\/mokkihaku\/kainuu\/hiihtokeskus\/saariselka?utm_source=saariselkacom_fi&utm_medium=organic\" target=\"_blank\" rel=\"noopener\"> 350 accommodation options in Saariselka<\/a>.<\/p><p>Welcome to check-out the Lomarengas.fi accommodations!<\/p><p><a href=\"https:\/\/www.lomarengas.fi\/mokkihaku\/kainuu\/hiihtokeskus\/saariselka?utm_source=saariselkacom_fi&utm_medium=organic\" target=\"_blank\" rel=\"noopener\">Lomarengas Saariselk\u00e4<\/a><\/p><p>[\/et_pb_text][et_pb_image src=\"https:\/\/saariselka.com\/wp-content\/uploads\/2023\/05\/Lomarengas_logo-300x99.png\" title_text=\"Lomarengas_logo\" url=\"https:\/\/www.lomarengas.fi\/mokkihaku\/kainuu\/hiihtokeskus\/saariselka?utm_source=saariselkacom_fi&utm_medium=organic\" align=\"center\" _builder_version=\"4.21.0\" _module_preset=\"default\" global_colors_info=\"{}\"][\/et_pb_image][\/et_pb_column][\/et_pb_row][\/et_pb_section]<\/p>","_et_gb_content_width":"","footnotes":""},"class_list":["post-18986","page","type-page","status-publish","hentry"],"_links":{"self":[{"href":"https:\/\/saariselka.com\/de\/wp-json\/wp\/v2\/pages\/18986","targetHints":{"allow":["GET"]}}],"collection":[{"href":"https:\/\/saariselka.com\/de\/wp-json\/wp\/v2\/pages"}],"about":[{"href":"https:\/\/saariselka.com\/de\/wp-json\/wp\/v2\/types\/page"}],"author":[{"embeddable":true,"href":"https:\/\/saariselka.com\/de\/wp-json\/wp\/v2\/users\/3"}],"replies":[{"embeddable":true,"href":"https:\/\/saariselka.com\/de\/wp-json\/wp\/v2\/comments?post=18986"}],"version-history":[{"count":10,"href":"https:\/\/saariselka.com\/de\/wp-json\/wp\/v2\/pages\/18986\/revisions"}],"predecessor-version":[{"id":19183,"href":"https:\/\/saariselka.com\/de\/wp-json\/wp\/v2\/pages\/18986\/revisions\/19183"}],"wp:attachment":[{"href":"https:\/\/saariselka.com\/de\/wp-json\/wp\/v2\/media?parent=18986"}],"curies":[{"name":"wp","href":"https:\/\/api.w.org\/{rel}","templated":true}]}}