{"id":10913,"date":"2022-01-11T14:19:17","date_gmt":"2022-01-11T12:19:17","guid":{"rendered":"https:\/\/saariselka.com\/?page_id=10913"},"modified":"2022-03-11T15:47:19","modified_gmt":"2022-03-11T13:47:19","slug":"history","status":"publish","type":"page","link":"https:\/\/saariselka.com\/de\/info\/about-area\/saariselka\/history\/","title":{"rendered":"Geschichte"},"content":{"rendered":"<p>[et_pb_section fb_built=&#8220;1&#8243; _builder_version=&#8220;4.10.7&#8243; _module_preset=&#8220;default&#8220; background_color=&#8220;rgba(52,56,55,0.2)&#8220; background_image=&#8220;https:\/\/saariselka.com\/wp-content\/uploads\/2021\/09\/Lapponia-Tours_Tunturit_kesa.jpg&#8220; background_blend=&#8220;overlay&#8220; custom_padding=&#8220;199px||199px||true|false&#8220; saved_tabs=&#8220;all&#8220; locked=&#8220;off&#8220; global_colors_info=&#8220;{}&#8220;][et_pb_row _builder_version=&#8220;4.9.4&#8243; _module_preset=&#8220;default&#8220; global_colors_info=&#8220;{}&#8220;][et_pb_column type=&#8220;4_4&#8243; _builder_version=&#8220;4.9.4&#8243; _module_preset=&#8220;default&#8220; global_colors_info=&#8220;{}&#8220;][et_pb_text _builder_version=&#8220;4.10.4&#8243; _dynamic_attributes=&#8220;content&#8220; _module_preset=&#8220;default&#8220; text_orientation=&#8220;center&#8220; background_layout=&#8220;dark&#8220; custom_margin=&#8220;0px||0px||true|false&#8220; custom_padding=&#8220;||||true|false&#8220; global_colors_info=&#8220;{}&#8220;]@ET-DC@eyJkeW5hbWljIjp0cnVlLCJjb250ZW50IjoicG9zdF90aXRsZSIsInNldHRpbmdzIjp7ImJlZm9yZSI6IjxoMT4iLCJhZnRlciI6IjwvaDE+In19@[\/et_pb_text][et_pb_text _builder_version=&#8220;4.14.5&#8243; _module_preset=&#8220;default&#8220; text_font=&#8220;|800||on|||||&#8220; text_font_size=&#8220;20px&#8220; text_line_height=&#8220;25px&#8220; text_orientation=&#8220;center&#8220; background_layout=&#8220;dark&#8220; global_colors_info=&#8220;{}&#8220;]<\/p>\n<p>Hier ein kleiner Einstieg zur Entstehung\u00a0 des Ferienortes Saariselk\u00e4, wie zur Geschichte von Saariselk\u00e4<\/p>\n<p>[\/et_pb_text][\/et_pb_column][\/et_pb_row][\/et_pb_section][et_pb_section fb_built=&#8220;1&#8243; _builder_version=&#8220;4.10.7&#8243; _module_preset=&#8220;default&#8220; custom_padding=&#8220;0px||0px||false|false&#8220; locked=&#8220;off&#8220; global_colors_info=&#8220;{}&#8220;][et_pb_row column_structure=&#8220;1_2,1_2&#8243; use_custom_gutter=&#8220;on&#8220; gutter_width=&#8220;1&#8243; make_equal=&#8220;on&#8220; _builder_version=&#8220;4.13.1&#8243; _module_preset=&#8220;default&#8220; width=&#8220;100%&#8220; max_width=&#8220;100%&#8220; custom_padding=&#8220;0px||0px||false|false&#8220; global_colors_info=&#8220;{}&#8220;][et_pb_column type=&#8220;1_2&#8243; _builder_version=&#8220;4.10.7&#8243; _module_preset=&#8220;default&#8220; background_color=&#8220;#F4F4F4&#8243; custom_padding=&#8220;130px|8%|130px|8%|true|true&#8220; global_colors_info=&#8220;{}&#8220;][et_pb_text _builder_version=&#8220;4.14.5&#8243; _module_preset=&#8220;default&#8220; global_colors_info=&#8220;{}&#8220;]<\/p>\n<h3>Die erste Touristen Unterkunft am Fusse des Kaunisp\u00e4\u00e4-Fj\u00e4lls<\/h3>\n<p>Die atembraubende Aussicht von der Anh\u00f6he des Kaunisp\u00e4\u00e4-Fj\u00e4lls auf die \u00f6stliche Fj\u00e4llandschaft hat immer schon lappland-hungrige Reisende angezogen.<\/p>\n<ul>\n<li>Die nat\u00fcrliche Entwicklungstendenz vom Tourismus in diesem Gebiet waren Unterk\u00fcnfte und Dienstleistungsangebote f\u00fcr Reisenden.<\/li>\n<\/ul>\n<p>Der Finnische Tourismusverband er\u00f6ffnete im M\u00e4rz 1949 das Gasthaus Alamaja, im Tal zwischen den Fj\u00e4llen Kaunisp\u00e4\u00e4 und Urup\u00e4\u00e4. Am gleichen Ort, wo alles seinen Anfang hatte, also \u00f6stlich von der jetzigen Hauptstrasse, stehen die einzigen Geb\u00e4ude dieser Gegend.<\/p>\n<p>[\/et_pb_text][\/et_pb_column][et_pb_column type=&#8220;1_2&#8243; _builder_version=&#8220;4.13.1&#8243; _module_preset=&#8220;default&#8220; background_enable_color=&#8220;off&#8220; background_image=&#8220;https:\/\/saariselka.com\/wp-content\/uploads\/2021\/12\/saariselan_historiaa01.jpg&#8220; custom_padding=&#8220;160px||160px||true|false&#8220; global_colors_info=&#8220;{}&#8220;][et_pb_divider show_divider=&#8220;off&#8220; _builder_version=&#8220;4.10.7&#8243; _module_preset=&#8220;default&#8220; global_colors_info=&#8220;{}&#8220;][\/et_pb_divider][\/et_pb_column][\/et_pb_row][\/et_pb_section][et_pb_section fb_built=&#8220;1&#8243; _builder_version=&#8220;4.10.7&#8243; _module_preset=&#8220;default&#8220; custom_padding=&#8220;0px||0px||false|false&#8220; locked=&#8220;off&#8220; global_colors_info=&#8220;{}&#8220;][et_pb_row column_structure=&#8220;1_2,1_2&#8243; use_custom_gutter=&#8220;on&#8220; gutter_width=&#8220;1&#8243; make_equal=&#8220;on&#8220; _builder_version=&#8220;4.13.1&#8243; _module_preset=&#8220;default&#8220; width=&#8220;100%&#8220; max_width=&#8220;100%&#8220; custom_padding=&#8220;0px||0px||false|false&#8220; global_colors_info=&#8220;{}&#8220;][et_pb_column type=&#8220;1_2&#8243; _builder_version=&#8220;4.13.1&#8243; _module_preset=&#8220;default&#8220; background_image=&#8220;https:\/\/saariselka.com\/wp-content\/uploads\/2021\/12\/saariselan_historiaa02.jpg&#8220; custom_padding=&#8220;160px||160px||true|false&#8220; global_colors_info=&#8220;{}&#8220;][et_pb_divider show_divider=&#8220;off&#8220; _builder_version=&#8220;4.10.7&#8243; _module_preset=&#8220;default&#8220; global_colors_info=&#8220;{}&#8220;][\/et_pb_divider][\/et_pb_column][et_pb_column type=&#8220;1_2&#8243; _builder_version=&#8220;4.10.7&#8243; _module_preset=&#8220;default&#8220; background_color=&#8220;#343837&#8243; custom_padding=&#8220;130px|8%|130px|8%|true|true&#8220; global_colors_info=&#8220;{}&#8220;][et_pb_text _builder_version=&#8220;4.14.5&#8243; _module_preset=&#8220;default&#8220; background_layout=&#8220;dark&#8220; global_colors_info=&#8220;{}&#8220;]Das h\u00fcttenartige Geb\u00e4ude hat eine interessante Vergangenheit. Der erste Standort war irgendwo nahe Rovaniemi und diente dort als deutsche Soldatenkantine in der Kriegszeit. Danach wurde das Geb\u00e4ude nach Rovaniemi verschoben, wo es als B\u00e4ckerei und auch Unterkunft f\u00fcr das Hotel Pohjanhovi genutzt wurde, welches zur Nachkriegszeit wieder aufgebaut wurde.<\/p>\n<p>Bis Ende der 60-ziger diente das Alamaja-Geb\u00e4ude dem Tourismus, wurde aber erst 1984 abgerissen.[\/et_pb_text][et_pb_text _builder_version=&#8220;4.13.1&#8243; _module_preset=&#8220;default&#8220; background_layout=&#8220;dark&#8220; custom_margin=&#8220;40px||||false|false&#8220; global_colors_info=&#8220;{}&#8220;]<em>Kuvateksti: Talvinen tunturimaisema<\/em><br \/>\n[\/et_pb_text][\/et_pb_column][\/et_pb_row][\/et_pb_section][et_pb_section fb_built=&#8220;1&#8243; _builder_version=&#8220;4.10.7&#8243; _module_preset=&#8220;default&#8220; custom_padding=&#8220;0px||0px||false|false&#8220; locked=&#8220;off&#8220; global_colors_info=&#8220;{}&#8220;][et_pb_row column_structure=&#8220;1_2,1_2&#8243; use_custom_gutter=&#8220;on&#8220; gutter_width=&#8220;1&#8243; make_equal=&#8220;on&#8220; _builder_version=&#8220;4.13.1&#8243; _module_preset=&#8220;default&#8220; width=&#8220;100%&#8220; max_width=&#8220;100%&#8220; custom_padding=&#8220;0px||0px||false|false&#8220; global_colors_info=&#8220;{}&#8220;][et_pb_column type=&#8220;1_2&#8243; _builder_version=&#8220;4.10.7&#8243; _module_preset=&#8220;default&#8220; background_color=&#8220;#F4F4F4&#8243; custom_padding=&#8220;130px|8%|130px|8%|true|true&#8220; global_colors_info=&#8220;{}&#8220;][et_pb_text _builder_version=&#8220;4.14.5&#8243; _module_preset=&#8220;default&#8220; global_colors_info=&#8220;{}&#8220;]<\/p>\n<h4>Die Bauarbeiten des Gasthauses Yl\u00e4maja wurden wegen Wassermangels abgebrochen<\/h4>\n<p>Das erste Bauprojekt auf der Anh\u00f6he des Kaunisp\u00e4\u00e4-Fj\u00e4lls ist\u00a0 die Fj\u00e4llh\u00fctte des Vereins der Freunde der Lappland Kinder im Jahre 1950, die H\u00fctte der Feuerwacht wird nicht dazu gez\u00e4hlt.<\/p>\n<p>Das Holzbaumaterial wurde bereits an Ort und Stelle gebracht, als festgestellt wurde, dass die Wasserzufuhr zu damaligen Umst\u00e4nden unm\u00f6glich war. Das Projekt wurde abgebrochen.<\/p>\n<p>[\/et_pb_text][\/et_pb_column][et_pb_column type=&#8220;1_2&#8243; _builder_version=&#8220;4.13.1&#8243; _module_preset=&#8220;default&#8220; background_enable_color=&#8220;off&#8220; background_image=&#8220;https:\/\/saariselka.com\/wp-content\/uploads\/2021\/12\/saariselan_historiaa05.jpg&#8220; custom_padding=&#8220;160px||160px||true|false&#8220; global_colors_info=&#8220;{}&#8220;][et_pb_divider show_divider=&#8220;off&#8220; _builder_version=&#8220;4.10.7&#8243; _module_preset=&#8220;default&#8220; global_colors_info=&#8220;{}&#8220;][\/et_pb_divider][\/et_pb_column][\/et_pb_row][\/et_pb_section][et_pb_section fb_built=&#8220;1&#8243; _builder_version=&#8220;4.10.7&#8243; _module_preset=&#8220;default&#8220; custom_padding=&#8220;0px||0px||false|false&#8220; locked=&#8220;off&#8220; global_colors_info=&#8220;{}&#8220;][et_pb_row column_structure=&#8220;1_2,1_2&#8243; use_custom_gutter=&#8220;on&#8220; gutter_width=&#8220;1&#8243; make_equal=&#8220;on&#8220; _builder_version=&#8220;4.13.1&#8243; _module_preset=&#8220;default&#8220; width=&#8220;100%&#8220; max_width=&#8220;100%&#8220; custom_padding=&#8220;0px||0px||false|false&#8220; global_colors_info=&#8220;{}&#8220;][et_pb_column type=&#8220;1_2&#8243; _builder_version=&#8220;4.13.1&#8243; _module_preset=&#8220;default&#8220; background_image=&#8220;https:\/\/saariselka.com\/wp-content\/uploads\/2021\/12\/saariselan_historiaa04.jpg&#8220; custom_padding=&#8220;160px||160px||true|false&#8220; global_colors_info=&#8220;{}&#8220;][et_pb_divider show_divider=&#8220;off&#8220; _builder_version=&#8220;4.10.7&#8243; _module_preset=&#8220;default&#8220; global_colors_info=&#8220;{}&#8220;][\/et_pb_divider][\/et_pb_column][et_pb_column type=&#8220;1_2&#8243; _builder_version=&#8220;4.13.1&#8243; _module_preset=&#8220;default&#8220; background_color=&#8220;#FFFFFF&#8220; custom_padding=&#8220;130px|8%|130px|8%|true|true&#8220; global_colors_info=&#8220;{}&#8220;][et_pb_text _builder_version=&#8220;4.14.5&#8243; _module_preset=&#8220;default&#8220; global_colors_info=&#8220;{}&#8220;]<\/p>\n<h4>Vom Tuberkolose Sanatorium f\u00fcr Kinder zum Wanderzentrum Saariselk\u00e4<\/h4>\n<p>Der Verein Freunde der Lappland Kinder suchte weiterhin nach einem geeigneten Ort zur Durchf\u00fchrung von Sommerlager \/ Sanatorium f\u00fcr Kinder und wird f\u00fcndig. Die Fj\u00e4ll-H\u00fctte von Laanila wurde 1953 erbaut, am Ufer des Flusses Lutto und am S\u00fcdfuss des Kaunisp\u00e4\u00e4 Fj\u00e4ll\u2019s. Am selben Ort wurde sp\u00e4ter der Saariselk\u00e4\u2019s Fj\u00e4llzenter erbaut, mit dem heutigen Namen Santa\u2019s Hotel Tunturi.<\/p>\n<p>Die Fj\u00e4ll-H\u00fctten wurde Sommer und Winter rege genutzt, nicht nur f\u00fcr Kinder-Sommerlager. Das Lagerzentrum wurde 1958 durch Brand zerst\u00f6rt. Nur drei kleine Geb\u00e4ude wurden vom Feuer verschont, ua. die Sauna, Luttotupa.<\/p>\n<p>[\/et_pb_text][\/et_pb_column][\/et_pb_row][\/et_pb_section][et_pb_section fb_built=&#8220;1&#8243; _builder_version=&#8220;4.10.7&#8243; _module_preset=&#8220;default&#8220; custom_padding=&#8220;0px||0px||false|false&#8220; locked=&#8220;off&#8220; global_colors_info=&#8220;{}&#8220;][et_pb_row column_structure=&#8220;1_2,1_2&#8243; use_custom_gutter=&#8220;on&#8220; gutter_width=&#8220;1&#8243; make_equal=&#8220;on&#8220; _builder_version=&#8220;4.13.1&#8243; _module_preset=&#8220;default&#8220; width=&#8220;100%&#8220; max_width=&#8220;100%&#8220; custom_padding=&#8220;0px||0px||false|false&#8220; global_colors_info=&#8220;{}&#8220;][et_pb_column type=&#8220;1_2&#8243; _builder_version=&#8220;4.10.7&#8243; _module_preset=&#8220;default&#8220; background_color=&#8220;#343837&#8243; custom_padding=&#8220;130px|8%|130px|8%|true|true&#8220; global_colors_info=&#8220;{}&#8220;][et_pb_text _builder_version=&#8220;4.14.5&#8243; _module_preset=&#8220;default&#8220; background_layout=&#8220;dark&#8220; global_colors_info=&#8220;{}&#8220;]<\/p>\n<h3>In Laanila wurde ein modernes Hotel gebaut<\/h3>\n<p>Nochmals einwenig mehr \u00fcber die Funktion des Vereins der Freunde der Lappland Kinder. Sommerlager wurden nicht mehr organisiert, da das Finnische Gesundheitswesen und die Lebensbedingungen enorm verbessert wurden. Der Verein baute von den bekommenen Versicherungsgelder in Laanila ein modernes Hotel.<\/p>\n<blockquote>\n<p>Beim Besitzerwechsel 1961 bekam das Hotel den Namen Laanihovi.<\/p>\n<\/blockquote>\n<p>In der n\u00e4heren Umgebung des Hotels entstanden bald\u00a0 ein Vielzahl von Ferienh\u00e4usern, die von Firmen f\u00fcr ihre Mitarbeiter zur Erholung gebaut wurden.<\/p>\n<p>[\/et_pb_text][\/et_pb_column][et_pb_column type=&#8220;1_2&#8243; _builder_version=&#8220;4.13.1&#8243; _module_preset=&#8220;default&#8220; background_image=&#8220;https:\/\/saariselka.com\/wp-content\/uploads\/2021\/12\/saariselan_historiaa07.jpg&#8220; custom_padding=&#8220;160px||160px||true|false&#8220; global_colors_info=&#8220;{}&#8220;][et_pb_divider show_divider=&#8220;off&#8220; _builder_version=&#8220;4.10.7&#8243; _module_preset=&#8220;default&#8220; global_colors_info=&#8220;{}&#8220;][\/et_pb_divider][\/et_pb_column][\/et_pb_row][\/et_pb_section][et_pb_section fb_built=&#8220;1&#8243; _builder_version=&#8220;4.10.7&#8243; _module_preset=&#8220;default&#8220; custom_padding=&#8220;0px||0px||false|false&#8220; locked=&#8220;off&#8220; global_colors_info=&#8220;{}&#8220;][et_pb_row column_structure=&#8220;1_2,1_2&#8243; use_custom_gutter=&#8220;on&#8220; gutter_width=&#8220;1&#8243; make_equal=&#8220;on&#8220; _builder_version=&#8220;4.13.1&#8243; _module_preset=&#8220;default&#8220; width=&#8220;100%&#8220; max_width=&#8220;100%&#8220; custom_padding=&#8220;0px||0px||false|false&#8220; global_colors_info=&#8220;{}&#8220;][et_pb_column type=&#8220;1_2&#8243; _builder_version=&#8220;4.13.1&#8243; _module_preset=&#8220;default&#8220; background_image=&#8220;https:\/\/saariselka.com\/wp-content\/uploads\/2021\/12\/saariselan_historiaa04.jpg&#8220; custom_padding=&#8220;160px||160px||true|false&#8220; global_colors_info=&#8220;{}&#8220;][et_pb_divider show_divider=&#8220;off&#8220; _builder_version=&#8220;4.10.7&#8243; _module_preset=&#8220;default&#8220; global_colors_info=&#8220;{}&#8220;][\/et_pb_divider][\/et_pb_column][et_pb_column type=&#8220;1_2&#8243; _builder_version=&#8220;4.13.1&#8243; _module_preset=&#8220;default&#8220; background_color=&#8220;#FFFFFF&#8220; custom_padding=&#8220;130px|8%|130px|8%|true|true&#8220; global_colors_info=&#8220;{}&#8220;][et_pb_text _builder_version=&#8220;4.14.5&#8243; _module_preset=&#8220;default&#8220; global_colors_info=&#8220;{}&#8220;]<\/p>\n<h3>Die Strasse von Kiilop\u00e4\u00e4 f\u00fchrte zur Wildnish\u00fctte und Schulungszentrum<\/h3>\n<p>Die Strasse nach Kiilop\u00e4\u00e4 wurde 1963 gebaut. Im gleichen Jahr wurde die Wildnish\u00fctte vom Verein Suomen Latu gebaut, ein Jahr sp\u00e4ter wurde das Fj\u00e4llzentrum Kiilop\u00e4\u00e4 er\u00f6ffnet. Am 1.5.1956 wurde auf dem Kaunisp\u00e4\u00e4-Fj\u00e4ll eine Poststelle er\u00f6ffnet, diese\u00a0 wurde erst am 1.12.1059 ins Dorf hinunter verlegt.<\/p>\n<p>[\/et_pb_text][\/et_pb_column][\/et_pb_row][\/et_pb_section][et_pb_section fb_built=&#8220;1&#8243; _builder_version=&#8220;4.10.7&#8243; _module_preset=&#8220;default&#8220; custom_padding=&#8220;0px||0px||false|false&#8220; locked=&#8220;off&#8220; global_colors_info=&#8220;{}&#8220;][et_pb_row column_structure=&#8220;1_2,1_2&#8243; use_custom_gutter=&#8220;on&#8220; gutter_width=&#8220;1&#8243; make_equal=&#8220;on&#8220; _builder_version=&#8220;4.13.1&#8243; _module_preset=&#8220;default&#8220; width=&#8220;100%&#8220; max_width=&#8220;100%&#8220; custom_padding=&#8220;0px||0px||false|false&#8220; global_colors_info=&#8220;{}&#8220;][et_pb_column type=&#8220;1_2&#8243; _builder_version=&#8220;4.10.7&#8243; _module_preset=&#8220;default&#8220; background_color=&#8220;#343837&#8243; custom_padding=&#8220;130px|8%|130px|8%|true|true&#8220; global_colors_info=&#8220;{}&#8220;][et_pb_text _builder_version=&#8220;4.14.5&#8243; _module_preset=&#8220;default&#8220; background_layout=&#8220;dark&#8220; global_colors_info=&#8220;{}&#8220;]<\/p>\n<blockquote>\n<p><strong>Die Entwicklung von Saariselk\u00e4\u2019s Tourismusgebiet begann 1969.<\/strong><\/p>\n<\/blockquote>\n<p>[\/et_pb_text][\/et_pb_column][et_pb_column type=&#8220;1_2&#8243; _builder_version=&#8220;4.13.1&#8243; _module_preset=&#8220;default&#8220; background_image=&#8220;https:\/\/saariselka.com\/wp-content\/uploads\/2021\/12\/saariselan_historiaa07.jpg&#8220; custom_padding=&#8220;160px||160px||true|false&#8220; global_colors_info=&#8220;{}&#8220;][et_pb_divider show_divider=&#8220;off&#8220; _builder_version=&#8220;4.10.7&#8243; _module_preset=&#8220;default&#8220; global_colors_info=&#8220;{}&#8220;][\/et_pb_divider][\/et_pb_column][\/et_pb_row][\/et_pb_section]<\/p>\n","protected":false},"excerpt":{"rendered":"<p>Hier ein kleiner Einstieg zur Entstehung\u00a0 des Ferienortes Saariselk\u00e4, wie zur Geschichte von Saariselk\u00e4Die erste Touristen Unterkunft am Fusse des Kaunisp\u00e4\u00e4-Fj\u00e4lls Die atembraubende Aussicht von der Anh\u00f6he des Kaunisp\u00e4\u00e4-Fj\u00e4lls auf die \u00f6stliche Fj\u00e4llandschaft hat immer schon lappland-hungrige Reisende angezogen. Die nat\u00fcrliche Entwicklungstendenz vom Tourismus in diesem Gebiet waren Unterk\u00fcnfte und Dienstleistungsangebote f\u00fcr Reisenden. Der Finnische [&hellip;]<\/p>\n","protected":false},"author":3,"featured_media":0,"parent":10906,"menu_order":0,"comment_status":"closed","ping_status":"closed","template":"","meta":{"_et_pb_use_builder":"on","_et_pb_old_content":"","_et_gb_content_width":"","footnotes":""},"class_list":["post-10913","page","type-page","status-publish","hentry"],"_links":{"self":[{"href":"https:\/\/saariselka.com\/de\/wp-json\/wp\/v2\/pages\/10913","targetHints":{"allow":["GET"]}}],"collection":[{"href":"https:\/\/saariselka.com\/de\/wp-json\/wp\/v2\/pages"}],"about":[{"href":"https:\/\/saariselka.com\/de\/wp-json\/wp\/v2\/types\/page"}],"author":[{"embeddable":true,"href":"https:\/\/saariselka.com\/de\/wp-json\/wp\/v2\/users\/3"}],"replies":[{"embeddable":true,"href":"https:\/\/saariselka.com\/de\/wp-json\/wp\/v2\/comments?post=10913"}],"version-history":[{"count":6,"href":"https:\/\/saariselka.com\/de\/wp-json\/wp\/v2\/pages\/10913\/revisions"}],"predecessor-version":[{"id":14252,"href":"https:\/\/saariselka.com\/de\/wp-json\/wp\/v2\/pages\/10913\/revisions\/14252"}],"up":[{"embeddable":true,"href":"https:\/\/saariselka.com\/de\/wp-json\/wp\/v2\/pages\/10906"}],"wp:attachment":[{"href":"https:\/\/saariselka.com\/de\/wp-json\/wp\/v2\/media?parent=10913"}],"curies":[{"name":"wp","href":"https:\/\/api.w.org\/{rel}","templated":true}]}}