{"id":10906,"date":"2022-01-11T14:18:41","date_gmt":"2022-01-11T12:18:41","guid":{"rendered":"https:\/\/saariselka.com\/?page_id=10906"},"modified":"2023-05-31T13:03:42","modified_gmt":"2023-05-31T10:03:42","slug":"saariselka","status":"publish","type":"page","link":"https:\/\/saariselka.com\/de\/info\/about-area\/saariselka\/","title":{"rendered":"Saariselk\u00e4"},"content":{"rendered":"<p>[et_pb_section fb_built=&#8220;1&#8243; _builder_version=&#8220;4.16&#8243; _module_preset=&#8220;default&#8220; background_enable_color=&#8220;off&#8220; background_image=&#8220;https:\/\/saariselka.com\/wp-content\/uploads\/2021\/12\/tietoa_alueista_saariselka01.jpg&#8220; parallax=&#8220;on&#8220; custom_padding=&#8220;199px||199px||true|false&#8220; saved_tabs=&#8220;all&#8220; locked=&#8220;off&#8220; global_colors_info=&#8220;{}&#8220;][et_pb_row _builder_version=&#8220;4.16&#8243; _module_preset=&#8220;default&#8220; global_colors_info=&#8220;{}&#8220;][et_pb_column type=&#8220;4_4&#8243; _builder_version=&#8220;4.16&#8243; _module_preset=&#8220;default&#8220; global_colors_info=&#8220;{}&#8220;][et_pb_text _builder_version=&#8220;4.16&#8243; _dynamic_attributes=&#8220;content&#8220; _module_preset=&#8220;default&#8220; text_orientation=&#8220;center&#8220; background_layout=&#8220;dark&#8220; custom_margin=&#8220;0px||0px||true|false&#8220; custom_padding=&#8220;||||true|false&#8220; global_colors_info=&#8220;{}&#8220;]@ET-DC@eyJkeW5hbWljIjp0cnVlLCJjb250ZW50IjoicG9zdF90aXRsZSIsInNldHRpbmdzIjp7ImJlZm9yZSI6IjxoMT4iLCJhZnRlciI6IjwvaDE+In19@[\/et_pb_text][et_pb_text _builder_version=&#8220;4.16&#8243; _module_preset=&#8220;default&#8220; text_font=&#8220;|800||on|||||&#8220; text_font_size=&#8220;20px&#8220; text_line_height=&#8220;25px&#8220; text_orientation=&#8220;center&#8220; background_layout=&#8220;dark&#8220; custom_padding=&#8220;||0px|||&#8220; global_colors_info=&#8220;{}&#8220;]<\/p>\n<p>Saariselk\u00e4 ist ein traditionelles und idyllisches Ferienziel<\/p>\n<p>[\/et_pb_text][\/et_pb_column][\/et_pb_row][\/et_pb_section][et_pb_section fb_built=&#8220;1&#8243; _builder_version=&#8220;4.16&#8243; _module_preset=&#8220;default&#8220; locked=&#8220;off&#8220; global_colors_info=&#8220;{}&#8220;][et_pb_row _builder_version=&#8220;4.16&#8243; _module_preset=&#8220;default&#8220; global_colors_info=&#8220;{}&#8220;][et_pb_column type=&#8220;4_4&#8243; _builder_version=&#8220;4.16&#8243; _module_preset=&#8220;default&#8220; global_colors_info=&#8220;{}&#8220;][et_pb_text _builder_version=&#8220;4.16&#8243; _module_preset=&#8220;default&#8220; text_orientation=&#8220;center&#8220; global_colors_info=&#8220;{}&#8220;]<\/p>\n<p>Von allen Ferienzentren in Lappland, hat Saariselk\u00e4 die meisten loyalen Freunde, welche immer wieder von Zeit zu Zeit hierhin zur\u00fcckkommen und \u00fcbergl\u00fccklich \u00fcber das Wiedersehen sind.<\/p>\n<p>Es gibt gute Gr\u00fcnde f\u00fcr die Loyaltit\u00e4t: Saariselk\u00e4 kombiniert die Dienstleistungen eines abwechslungsreichen Veranstaltungsortes mit der unber\u00fchrten Natur der einzigarten Fjell-Landschaft \u2013 Erholung pur in der Natur ist somit garantiert.<\/p>\n<p>Saariselk\u00e4 ist exakt das, was man einen himmlischen Ort nennt. Eine Myriade von Fj\u00e4llen, Wanderwegen, Schluchten und B\u00e4che sind bereichert von gl\u00fccklichen Erinnerungen und Momenten, genau das macht doch Ferien zu richtigen Ferien.<\/p>\n<p>[\/et_pb_text][\/et_pb_column][\/et_pb_row][\/et_pb_section][et_pb_section fb_built=&#8220;1&#8243; _builder_version=&#8220;4.16&#8243; _module_preset=&#8220;default&#8220; custom_padding=&#8220;0px||0px||false|false&#8220; global_colors_info=&#8220;{}&#8220;][et_pb_row column_structure=&#8220;1_2,1_2&#8243; use_custom_gutter=&#8220;on&#8220; gutter_width=&#8220;1&#8243; make_equal=&#8220;on&#8220; _builder_version=&#8220;4.16&#8243; _module_preset=&#8220;default&#8220; width=&#8220;100%&#8220; max_width=&#8220;100%&#8220; custom_padding=&#8220;0px||0px||false|false&#8220; global_colors_info=&#8220;{}&#8220;][et_pb_column type=&#8220;1_2&#8243; _builder_version=&#8220;4.16&#8243; _module_preset=&#8220;default&#8220; background_enable_color=&#8220;off&#8220; background_image=&#8220;https:\/\/saariselka.com\/wp-content\/uploads\/2021\/12\/pohjois_lapin_kartta.jpg&#8220; custom_padding=&#8220;160px||160px||true|false&#8220; global_colors_info=&#8220;{}&#8220;][et_pb_divider show_divider=&#8220;off&#8220; _builder_version=&#8220;4.16&#8243; _module_preset=&#8220;default&#8220; global_colors_info=&#8220;{}&#8220;][\/et_pb_divider][\/et_pb_column][et_pb_column type=&#8220;1_2&#8243; _builder_version=&#8220;4.16&#8243; _module_preset=&#8220;default&#8220; background_color=&#8220;#343837&#8243; custom_padding=&#8220;130px|8%|130px|8%|true|true&#8220; global_colors_info=&#8220;{}&#8220;][et_pb_text _builder_version=&#8220;4.16&#8243; _module_preset=&#8220;default&#8220; background_layout=&#8220;dark&#8220; global_colors_info=&#8220;{}&#8220;]<\/p>\n<h3>Saariselk\u00e4 befindet sich in Finnland,<\/h3>\n<ul>\n<li>im n\u00f6rdlichsten Teil des europ\u00e4ischen Kontinents<\/li>\n<li>im n\u00f6rdlichsten Teil Finnlands, in Lappland<\/li>\n<li>In der gr\u00f6ssten finnischen Gemeinde, in Inari<\/li>\n<li>Im Fj\u00e4llgebiet von Saariselk\u00e4, an der Hauptstrasse E75<\/li>\n<li>In Finnlands zweitgr\u00f6sstem Nationalpark, dem Urho Kekkonen Nationalpark<\/li>\n<\/ul>\n<p>[\/et_pb_text][\/et_pb_column][\/et_pb_row][\/et_pb_section][et_pb_section fb_built=&#8220;1&#8243; _builder_version=&#8220;4.16&#8243; _module_preset=&#8220;default&#8220; custom_padding=&#8220;0px||0px||false|false&#8220; locked=&#8220;off&#8220; global_colors_info=&#8220;{}&#8220;][et_pb_row column_structure=&#8220;1_2,1_2&#8243; use_custom_gutter=&#8220;on&#8220; gutter_width=&#8220;1&#8243; make_equal=&#8220;on&#8220; _builder_version=&#8220;4.16&#8243; _module_preset=&#8220;default&#8220; width=&#8220;100%&#8220; max_width=&#8220;100%&#8220; custom_padding=&#8220;0px||0px||false|false&#8220; global_colors_info=&#8220;{}&#8220;][et_pb_column type=&#8220;1_2&#8243; _builder_version=&#8220;4.16&#8243; _module_preset=&#8220;default&#8220; background_color=&#8220;#F4F4F4&#8243; custom_padding=&#8220;130px|8%|130px|8%|true|true&#8220; global_colors_info=&#8220;{}&#8220;][et_pb_text _builder_version=&#8220;4.16&#8243; _module_preset=&#8220;default&#8220; global_colors_info=&#8220;{}&#8220;]<\/p>\n<h3>Lage<\/h3>\n<p>Saariselk\u00e4 ist gut erreichbar per Auto, Flugzeug, Zug und Bus. Saariselk\u00e4 ist einfach zu erkunden, denn alle Dienstleistungsbetriebe sind im Dorfzentrum. Zus\u00e4tzlich gibt es im Gebiet Ski-Bus- und Taxibetrieb. N\u00e4heres finden Sie Mit dem Auto nach Saariselk\u00e4 und in der Saariselk\u00e4-Dorf Beschreibung.<\/p>\n<p>Am Dorfrand von Saariselk\u00e4 beginnt eines der gr\u00f6ssten Naturschutzgebiete Finnlands, und beliebtes Wandergebiet, der Urho Kekkonen Nationalpark. Der UK Nationalpark hat ein dichtes Netz von Wildniss- und Schutzh\u00fctten. Der Nationalpark liegt vorwiegend in der Hochebene von Saariselk\u00e4, dort wo auch die sagenumwobenen Fl\u00fcsse (Lutto- und Suomu-Fluss) entsprungen sind.<\/p>\n<p>[\/et_pb_text][\/et_pb_column][et_pb_column type=&#8220;1_2&#8243; _builder_version=&#8220;4.16&#8243; _module_preset=&#8220;default&#8220; background_enable_color=&#8220;off&#8220; background_image=&#8220;https:\/\/saariselka.com\/wp-content\/uploads\/2021\/08\/117636367_3139705246065406_6471040818552228421_n-e1641292597118.jpeg&#8220; custom_padding=&#8220;160px||160px||true|false&#8220; global_colors_info=&#8220;{}&#8220;][et_pb_divider show_divider=&#8220;off&#8220; _builder_version=&#8220;4.16&#8243; _module_preset=&#8220;default&#8220; global_colors_info=&#8220;{}&#8220;][\/et_pb_divider][\/et_pb_column][\/et_pb_row][\/et_pb_section][et_pb_section fb_built=&#8220;1&#8243; _builder_version=&#8220;4.16&#8243; _module_preset=&#8220;default&#8220; custom_padding=&#8220;0px||0px||false|false&#8220; global_colors_info=&#8220;{}&#8220;][et_pb_row column_structure=&#8220;1_2,1_2&#8243; use_custom_gutter=&#8220;on&#8220; gutter_width=&#8220;1&#8243; make_equal=&#8220;on&#8220; _builder_version=&#8220;4.16&#8243; _module_preset=&#8220;default&#8220; width=&#8220;100%&#8220; max_width=&#8220;100%&#8220; custom_padding=&#8220;0px||0px||false|false&#8220; global_colors_info=&#8220;{}&#8220;][et_pb_column type=&#8220;1_2&#8243; _builder_version=&#8220;4.16&#8243; _module_preset=&#8220;default&#8220; background_image=&#8220;https:\/\/saariselka.com\/wp-content\/uploads\/2021\/08\/Lapponia-Tours_Winter_Lapland_Cover_1920px-1024&#215;577.jpg&#8220; custom_padding=&#8220;160px||160px||true|false&#8220; global_colors_info=&#8220;{}&#8220;][et_pb_divider show_divider=&#8220;off&#8220; _builder_version=&#8220;4.16&#8243; _module_preset=&#8220;default&#8220; global_colors_info=&#8220;{}&#8220;][\/et_pb_divider][\/et_pb_column][et_pb_column type=&#8220;1_2&#8243; _builder_version=&#8220;4.16&#8243; _module_preset=&#8220;default&#8220; background_color=&#8220;#343837&#8243; custom_padding=&#8220;130px|8%|130px|8%|true|true&#8220; global_colors_info=&#8220;{}&#8220;][et_pb_text _builder_version=&#8220;4.16&#8243; _module_preset=&#8220;default&#8220; background_layout=&#8220;dark&#8220; global_colors_info=&#8220;{}&#8220;]<\/p>\n<h3>Skifahren in Saariselk\u00e4<\/h3>\n<p>Die Talstation unseres Skizentrums befindet befindet sich zwischen den beiden Fj\u00e4llen Kaunisp\u00e4\u00e4 und Iisakkip\u00e4\u00e4. Im Skizentrum ist die Vermietung der Ski-Ausr\u00fcstung, Ticket-Verkauf, Ski-Schule und Ski-Bar. Von der Fjellspitze aus haben Sie eine atemberaubende \u00dcbersicht auf alle Skipisten. Unsere Skipisten sind f\u00fcr die ganze Familie, f\u00fcr Anf\u00e4nger und Fortgeschrittene. <a title=\"Summit of Kaunisp\u00e4\u00e4\" href=\"https:\/\/kaunispaanhuippu.fi\/en\/\" target=\"_blank\" rel=\"noopener noreferrer\">Summit of Kaunisp\u00e4\u00e4<\/a><\/p>\n<p>Vom Fjell-Kaunisp\u00e4\u00e4 aus startet Finlands l\u00e4ngste Schlittelbahn von einer L\u00e4nge von 1200 m. <a title=\"Klikkaa t\u00e4st\u00e4 laskettelukeskus Ski Saarisel\u00e4n sivuille\" href=\"https:\/\/skisaariselka.com\/\" target=\"_blank\" rel=\"noopener noreferrer\">Ski Saariselk\u00e4 Sport Resort<\/a><\/p>\n<p>[\/et_pb_text][\/et_pb_column][\/et_pb_row][\/et_pb_section][et_pb_section fb_built=&#8220;1&#8243; _builder_version=&#8220;4.16&#8243; _module_preset=&#8220;default&#8220; custom_padding=&#8220;0px||0px||false|false&#8220; global_colors_info=&#8220;{}&#8220;][et_pb_row column_structure=&#8220;1_2,1_2&#8243; use_custom_gutter=&#8220;on&#8220; gutter_width=&#8220;1&#8243; make_equal=&#8220;on&#8220; _builder_version=&#8220;4.16&#8243; _module_preset=&#8220;default&#8220; width=&#8220;100%&#8220; max_width=&#8220;100%&#8220; custom_padding=&#8220;0px||0px||false|false&#8220; global_colors_info=&#8220;{}&#8220;][et_pb_column type=&#8220;1_2&#8243; _builder_version=&#8220;4.16&#8243; _module_preset=&#8220;default&#8220; background_color=&#8220;#F4F4F4&#8243; custom_padding=&#8220;130px|8%|130px|8%|true|true&#8220; global_colors_info=&#8220;{}&#8220;][et_pb_text _builder_version=&#8220;4.16&#8243; _module_preset=&#8220;default&#8220; global_colors_info=&#8220;{}&#8220;]<\/p>\n<h3>Dienstleistungen im Zentrum von Saariselk\u00e4<\/h3>\n<p>Im Zentrum gibt es ein Lebensmittelgesch\u00e4fte (davon hat einer eine gr\u00f6ssere Auswahl an Textilien) und verschiedene Souvenir- und Geschenk-Boutiquen. Outdoor und Sport-Ausr\u00fcstungen k\u00f6nnen gemietet oder gekauft werden. Alle Hotels sind im Zentrum von Saariselk\u00e4, eines der Hotels hat sogar einen Spa-Bereich. Saariselk\u00e4 hat auch eine gute Auswahl von Restaurants mit excellenter K\u00fcche f\u00fcr jeden Geschmack.<\/p>\n<p>[\/et_pb_text][\/et_pb_column][et_pb_column type=&#8220;1_2&#8243; _builder_version=&#8220;4.16&#8243; _module_preset=&#8220;default&#8220; background_enable_color=&#8220;off&#8220; background_image=&#8220;https:\/\/saariselka.com\/wp-content\/uploads\/2021\/09\/Lapponia-Tours_Tunturit_kesa-1024&#215;548.jpg&#8220; custom_padding=&#8220;160px||160px||true|false&#8220; global_colors_info=&#8220;{}&#8220;][et_pb_divider show_divider=&#8220;off&#8220; _builder_version=&#8220;4.16&#8243; _module_preset=&#8220;default&#8220; global_colors_info=&#8220;{}&#8220;][\/et_pb_divider][\/et_pb_column][\/et_pb_row][\/et_pb_section][et_pb_section fb_built=&#8220;1&#8243; _builder_version=&#8220;4.16&#8243; _module_preset=&#8220;default&#8220; custom_padding=&#8220;0px||0px||false|false&#8220; global_colors_info=&#8220;{}&#8220;][et_pb_row column_structure=&#8220;1_2,1_2&#8243; use_custom_gutter=&#8220;on&#8220; gutter_width=&#8220;1&#8243; make_equal=&#8220;on&#8220; _builder_version=&#8220;4.16&#8243; _module_preset=&#8220;default&#8220; background_image=&#8220;https:\/\/saariselka.com\/wp-content\/uploads\/2021\/12\/saariselan_majoitus-1024&#215;749.jpg&#8220; width=&#8220;100%&#8220; max_width=&#8220;100%&#8220; custom_padding=&#8220;0px||0px||false|false&#8220; global_colors_info=&#8220;{}&#8220;][et_pb_column type=&#8220;1_2&#8243; _builder_version=&#8220;4.16&#8243; _module_preset=&#8220;default&#8220; background_enable_color=&#8220;off&#8220; background_image=&#8220;https:\/\/saariselka.com\/wp-content\/uploads\/2021\/12\/saariselan_majoitus.jpg&#8220; custom_padding=&#8220;160px||160px||true|false&#8220; global_colors_info=&#8220;{}&#8220;][et_pb_divider show_divider=&#8220;off&#8220; _builder_version=&#8220;4.16&#8243; _module_preset=&#8220;default&#8220; global_colors_info=&#8220;{}&#8220;][\/et_pb_divider][\/et_pb_column][et_pb_column type=&#8220;1_2&#8243; _builder_version=&#8220;4.16&#8243; _module_preset=&#8220;default&#8220; background_color=&#8220;#343837&#8243; custom_padding=&#8220;130px|8%|130px|8%|true|true&#8220; global_colors_info=&#8220;{}&#8220;][et_pb_text _builder_version=&#8220;4.16&#8243; _module_preset=&#8220;default&#8220; background_layout=&#8220;dark&#8220; global_colors_info=&#8220;{}&#8220;]<\/p>\n<h3>Unterkunft in Saariselk\u00e4<\/h3>\n<p>Die Auswahl von Ferienh\u00e4user und -Wohnungen ist sehr gross; von grossen, luxori\u00f6sen Ferienh\u00e4usern bis zu kleinen gem\u00fctlichen Einzimmerwohnungen.<\/p>\n<p>F\u00fcr alle gerne in der unber\u00fchrten Natur sein wollen, gibt es aus ausserhalb des Zentrums Gebiete mit Ferienh\u00e4usern. Wie zum Beispiel die Gegend von Luttorinne nur 2 km vom Zentrum entfernt oder Laanila mit 4 km Entfernung.<\/p>\n<p>[\/et_pb_text][et_pb_button button_url=&#8220;\/de\/accommodation\/&#8220; button_text=&#8220;Accommodation&#8220; _builder_version=&#8220;4.16&#8243; _module_preset=&#8220;default&#8220; custom_margin=&#8220;40px||||false|false&#8220; global_colors_info=&#8220;{}&#8220;][\/et_pb_button][et_pb_text _builder_version=&#8220;4.16&#8243; _module_preset=&#8220;default&#8220; background_layout=&#8220;dark&#8220; custom_margin=&#8220;40px||||false|false&#8220; global_colors_info=&#8220;{}&#8220;]<em>Chalet in the Saariselk\u00e4 village<\/em><br \/>\n[\/et_pb_text][\/et_pb_column][\/et_pb_row][\/et_pb_section][et_pb_section fb_built=&#8220;1&#8243; _builder_version=&#8220;4.16&#8243; _module_preset=&#8220;default&#8220; custom_padding=&#8220;0px||0px||false|false&#8220; global_colors_info=&#8220;{}&#8220;][et_pb_row column_structure=&#8220;1_2,1_2&#8243; use_custom_gutter=&#8220;on&#8220; gutter_width=&#8220;1&#8243; make_equal=&#8220;on&#8220; _builder_version=&#8220;4.16&#8243; _module_preset=&#8220;default&#8220; width=&#8220;100%&#8220; max_width=&#8220;100%&#8220; custom_padding=&#8220;0px||0px||false|false&#8220; global_colors_info=&#8220;{}&#8220;][et_pb_column type=&#8220;1_2&#8243; _builder_version=&#8220;4.16&#8243; _module_preset=&#8220;default&#8220; background_color=&#8220;#F4F4F4&#8243; custom_padding=&#8220;130px|8%|130px|8%|true|true&#8220; global_colors_info=&#8220;{}&#8220;][et_pb_text _builder_version=&#8220;4.16&#8243; _module_preset=&#8220;default&#8220; global_colors_info=&#8220;{}&#8220;]<\/p>\n<h3>Things to do<\/h3>\n<p>All the most popular activities in Saariselk\u00e4 have something to do with the fabulous fell sceneries of the area. Mountain bikes, skis, and sledges offer possibilities to go to the nature. Guided tours and safaris are organized all year round.<\/p>\n<p>&nbsp;<\/p>\n<ul>\n<li>200 km of marked trails which of 100 km are inside the Urho Kekkonen national park Urho Kekkonen National Park routes<\/li>\n<li>200 km of maintained cross-country ski tracks Saariselk\u00e4 ski track info<br \/>Safaris and activities of different kinds are organized by different companies, and there is also a possibility for tailor-made services.<\/li>\n<\/ul>\n<p>[\/et_pb_text][et_pb_text _builder_version=&#8220;4.16&#8243; _module_preset=&#8220;default&#8220; custom_margin=&#8220;40px||||false|false&#8220; global_colors_info=&#8220;{}&#8220;]<\/p>\n<p><em>Snow shoeing in the fells of Saariselk\u00e4<\/em><\/p>\n<p>[\/et_pb_text][\/et_pb_column][et_pb_column type=&#8220;1_2&#8243; _builder_version=&#8220;4.16&#8243; _module_preset=&#8220;default&#8220; background_enable_color=&#8220;off&#8220; background_image=&#8220;https:\/\/saariselka.com\/wp-content\/uploads\/2022\/01\/Snow_shoe04_0421kv-1.jpg&#8220; custom_padding=&#8220;160px||160px||true|false&#8220; global_colors_info=&#8220;{}&#8220;][et_pb_divider show_divider=&#8220;off&#8220; _builder_version=&#8220;4.16&#8243; _module_preset=&#8220;default&#8220; global_colors_info=&#8220;{}&#8220;][\/et_pb_divider][\/et_pb_column][\/et_pb_row][\/et_pb_section][et_pb_section fb_built=&#8220;1&#8243; _builder_version=&#8220;4.16&#8243; _module_preset=&#8220;default&#8220; background_color=&#8220;#343837&#8243; global_colors_info=&#8220;{}&#8220;][et_pb_row _builder_version=&#8220;4.16&#8243; _module_preset=&#8220;default&#8220; global_colors_info=&#8220;{}&#8220;][et_pb_column type=&#8220;4_4&#8243; _builder_version=&#8220;4.16&#8243; _module_preset=&#8220;default&#8220; global_colors_info=&#8220;{}&#8220;][et_pb_text _builder_version=&#8220;4.16&#8243; _module_preset=&#8220;default&#8220; text_orientation=&#8220;center&#8220; background_layout=&#8220;dark&#8220; global_colors_info=&#8220;{}&#8220;]<\/p>\n<h2>Good to know about Saariselk\u00e4<\/h2>\n<p>[\/et_pb_text][et_pb_text _builder_version=&#8220;4.16&#8243; _module_preset=&#8220;default&#8220; text_orientation=&#8220;center&#8220; background_layout=&#8220;dark&#8220; global_colors_info=&#8220;{}&#8220;]Most of the services and hotels are located in the center of Saariselk\u00e4. Restaurant Kaunisp\u00e4\u00e4n Huippu, Hotel Laanihovi, Restaurant Laanilan Kievari, and Ski Saariselk\u00e4 are exceptions<\/p>\n<h3>In Saariselk\u00e4 there are also:<\/h3>\n<ul>\n<li>Neste Saariselk\u00e4 gasoline station<\/li>\n<li>Tourist Info Kiehinen<\/li>\n<li>Alko (alcohol shop)<\/li>\n<\/ul>\n<p>Towing service: Lapin Hinauspalvelu (<a href=\"https:\/\/www.falck.fi\/\" target=\"_blank\" rel=\"noopener noreferrer\">Falck<\/a>) 24 h, tel. +358 (0) 16 313 300.<\/p>\n<p><strong>Ivalo is the capital of the municipality of Inari and it is located 30 km north from Saariselk\u00e4. There you can find for example health care center, bank office, and library.<\/strong> <a title=\"Inari municipality\" href=\"https:\/\/www.inari.fi\/en\" target=\"_blank\" rel=\"noopener noreferrer\">Inari municipality<\/a><br \/>\n[\/et_pb_text][\/et_pb_column][\/et_pb_row][\/et_pb_section][et_pb_section fb_built=&#8220;1&#8243; _builder_version=&#8220;4.16&#8243; _module_preset=&#8220;default&#8220; background_color=&#8220;#F4F4F4&#8243; locked=&#8220;off&#8220; global_colors_info=&#8220;{}&#8220;][et_pb_row _builder_version=&#8220;4.16&#8243; _module_preset=&#8220;default&#8220; global_colors_info=&#8220;{}&#8220;][et_pb_column type=&#8220;4_4&#8243; _builder_version=&#8220;4.16&#8243; _module_preset=&#8220;default&#8220; global_colors_info=&#8220;{}&#8220;][et_pb_text _builder_version=&#8220;4.16&#8243; _module_preset=&#8220;default&#8220; header_4_text_color=&#8220;#1552F0&#8243; text_orientation=&#8220;center&#8220; global_colors_info=&#8220;{}&#8220;]<\/p>\n<h3>Wetter Ivalo<\/h3>\n<p>[\/et_pb_text][et_pb_code _builder_version=&#8220;4.16&#8243; _module_preset=&#8220;default&#8220; text_orientation=&#8220;center&#8220; global_colors_info=&#8220;{}&#8220;]<div id=\"simple-weather--0be13eff8827bb96588edb5847151f2f\" class=\"simple-weather simple-weather--vue\" :style=\"atts.inline_css\">\r\n  <template v-if=\"style !== 'widget'\">\r\n    <span v-if=\"hasCurrentWeather()\" class=\"simple-weather__day simple-weather__day--current\">\r\n      <span v-if=\"filter_var(atts.show_units)\" class=\"simple-weather__date\">{{current_weather.dt | momentjs( atts.date )}}<\/span>\r\n      <i class=\"sw\" :class=\"getWeatherIcon(current_weather)\"><\/i>\r\n      <em class=\"simple-weather__temp\">{{current_weather.temp | temp}} &deg;<template v-if=\"filter_var(atts.show_units)\">{{units}}<\/template>\r\n      <\/em>\r\n    <\/span>\r\n    <template v-if=\"weather_feed\">\r\n      <span v-for=\"(day, index) in weather_feed\" v-if=\"isDayVisible(index, day)\" class=\"simple-weather__day\">\r\n        <span v-if=\"filter_var(atts.show_units)\" class=\"simple-weather__date\">{{day.dt | momentjs(atts.date)}}<\/span>\r\n        <i class=\"sw\" :class=\"getWeatherIcon(day)\"><\/i>\r\n        <em class=\"simple-weather__temp\">{{day.temp | temp}} &deg;<em class=\"simple-weather__temp-min\" v-if=\"filter_var(atts.night)\">{{day.temp_min | temp}} &deg;<\/em><template v-if=\"filter_var(atts.show_units)\">{{units}}<\/template><\/em>\r\n      <\/span>\r\n    <\/template>\r\n    <template v-else>\r\n      <span v-html=\"error\" class=\"error\"><\/span>\r\n    <\/template>\r\n  <\/template>\r\n  <template v-else>\r\n    <div class=\"simple-weather-widget\" v-if=\"current_weather.name || weather_feed\" :class=\"atts.inline_css ? 'simple-weather-widget--bg' : ''\">\r\n      <h4 class='widget_title' v-if=\"atts.title || current_weather.name\" v-text=\"atts.title ? atts.title : current_weather.name\"><\/h4>\r\n      <div class=\"temp\">\r\n        <span v-if=\"current_weather.temp\" class=\"degrees\">{{current_weather.temp | temp}} &deg;<\/span>\r\n        <span class=\"details\">\r\n          <template v-if=\"current_weather.humidity\">Humidity: <em class=\"float-right\">{{current_weather.humidity}}%<\/em><br><\/template>\r\n          <template v-if=\"current_weather.clouds\">Clouds: <em class=\"float-right\">{{current_weather.clouds}}%<\/em><br><\/template>\r\n          <template v-if=\"current_weather.wind\">Wind <small>({{current_weather.wind.deg}})<\/small>:\r\n          <em class=\"float-right\">{{current_weather.wind.speed}}<small>{{units_wind}}<\/small><\/em><\/template>\r\n        <\/span>\r\n      <\/div>\r\n      <div class=\"summary\">{{current_weather.desc}}<\/div>\r\n      <div class=\"simple-weather-table\" v-if=\"weather_feed\">\r\n        <div v-for=\"(day, index) in weather_feed\" v-if=\"index < atts.days\" class=\"simple-weather-table__row\">\r\n\t\t\t\t\t<div class=\"simple-weather-table__date\">{{day.dt | momentjs(atts.date)}}<\/div>\r\n\t\t\t\t\t<div class=\"simple-weather-table__icon\"><i class=\"sw\" :class=\"getWeatherIcon(day)\"><\/i><\/div>\r\n\t\t\t\t\t<div class=\"simple-weather-table__temp\">\r\n            {{day.temp | temp}}&deg;\r\n            <span class=\"simple-weather-table__temp-min\">{{day.temp_min | temp}} &deg;<\/span>\r\n          <\/div>\r\n        <\/div>\r\n      <\/div>\r\n    <\/div>\r\n  <\/template>\r\n<\/div>\r\n[\/et_pb_code][\/et_pb_column][\/et_pb_row][\/et_pb_section]<\/p>\n","protected":false},"excerpt":{"rendered":"<p>Saariselk\u00e4 ist ein traditionelles und idyllisches FerienzielVon allen Ferienzentren in Lappland, hat Saariselk\u00e4 die meisten loyalen Freunde, welche immer wieder von Zeit zu Zeit hierhin zur\u00fcckkommen und \u00fcbergl\u00fccklich \u00fcber das Wiedersehen sind. Es gibt gute Gr\u00fcnde f\u00fcr die Loyaltit\u00e4t: Saariselk\u00e4 kombiniert die Dienstleistungen eines abwechslungsreichen Veranstaltungsortes mit der unber\u00fchrten Natur der einzigarten Fjell-Landschaft \u2013 Erholung [&hellip;]<\/p>\n","protected":false},"author":3,"featured_media":8386,"parent":10850,"menu_order":0,"comment_status":"closed","ping_status":"closed","template":"","meta":{"_et_pb_use_builder":"on","_et_pb_old_content":"","_et_gb_content_width":"","footnotes":""},"class_list":["post-10906","page","type-page","status-publish","has-post-thumbnail","hentry"],"_links":{"self":[{"href":"https:\/\/saariselka.com\/de\/wp-json\/wp\/v2\/pages\/10906","targetHints":{"allow":["GET"]}}],"collection":[{"href":"https:\/\/saariselka.com\/de\/wp-json\/wp\/v2\/pages"}],"about":[{"href":"https:\/\/saariselka.com\/de\/wp-json\/wp\/v2\/types\/page"}],"author":[{"embeddable":true,"href":"https:\/\/saariselka.com\/de\/wp-json\/wp\/v2\/users\/3"}],"replies":[{"embeddable":true,"href":"https:\/\/saariselka.com\/de\/wp-json\/wp\/v2\/comments?post=10906"}],"version-history":[{"count":9,"href":"https:\/\/saariselka.com\/de\/wp-json\/wp\/v2\/pages\/10906\/revisions"}],"predecessor-version":[{"id":19019,"href":"https:\/\/saariselka.com\/de\/wp-json\/wp\/v2\/pages\/10906\/revisions\/19019"}],"up":[{"embeddable":true,"href":"https:\/\/saariselka.com\/de\/wp-json\/wp\/v2\/pages\/10850"}],"wp:featuredmedia":[{"embeddable":true,"href":"https:\/\/saariselka.com\/de\/wp-json\/wp\/v2\/media\/8386"}],"wp:attachment":[{"href":"https:\/\/saariselka.com\/de\/wp-json\/wp\/v2\/media?parent=10906"}],"curies":[{"name":"wp","href":"https:\/\/api.w.org\/{rel}","templated":true}]}}