{"id":10898,"date":"2022-01-11T14:17:44","date_gmt":"2022-01-11T12:17:44","guid":{"rendered":"https:\/\/saariselka.com\/?page_id=10898"},"modified":"2022-03-11T15:44:57","modified_gmt":"2022-03-11T13:44:57","slug":"lemmenjoki","status":"publish","type":"page","link":"https:\/\/saariselka.com\/de\/info\/about-area\/lemmenjoki\/","title":{"rendered":"Lemmenjoki"},"content":{"rendered":"<p>[et_pb_section fb_built=&#8220;1&#8243; _builder_version=&#8220;4.10.7&#8243; _module_preset=&#8220;default&#8220; background_color=&#8220;rgba(52,56,55,0.2)&#8220; background_image=&#8220;https:\/\/saariselka.com\/wp-content\/uploads\/2021\/05\/northern-light-on-the-lofoten-islands-norway-long-FQUS26D.jpg&#8220; background_blend=&#8220;overlay&#8220; custom_padding=&#8220;199px||199px||true|false&#8220; saved_tabs=&#8220;all&#8220; locked=&#8220;off&#8220; global_colors_info=&#8220;{}&#8220;][et_pb_row _builder_version=&#8220;4.9.4&#8243; _module_preset=&#8220;default&#8220; global_colors_info=&#8220;{}&#8220;][et_pb_column type=&#8220;4_4&#8243; _builder_version=&#8220;4.9.4&#8243; _module_preset=&#8220;default&#8220; global_colors_info=&#8220;{}&#8220;][et_pb_text _builder_version=&#8220;4.10.4&#8243; _dynamic_attributes=&#8220;content&#8220; _module_preset=&#8220;default&#8220; text_orientation=&#8220;center&#8220; background_layout=&#8220;dark&#8220; custom_margin=&#8220;0px||0px||true|false&#8220; custom_padding=&#8220;||||true|false&#8220; global_colors_info=&#8220;{}&#8220;]@ET-DC@eyJkeW5hbWljIjp0cnVlLCJjb250ZW50IjoicG9zdF90aXRsZSIsInNldHRpbmdzIjp7ImJlZm9yZSI6IjxoMT4iLCJhZnRlciI6IjwvaDE+In19@[\/et_pb_text][et_pb_text _builder_version=&#8220;4.14.5&#8243; _module_preset=&#8220;default&#8220; text_font=&#8220;|800||on|||||&#8220; text_font_size=&#8220;20px&#8220; text_line_height=&#8220;25px&#8220; text_orientation=&#8220;center&#8220; background_layout=&#8220;dark&#8220; global_colors_info=&#8220;{}&#8220;]Im Ort Lemmenjoki lebt man noch im Jahresrythmus der Rentierzucht[\/et_pb_text][\/et_pb_column][\/et_pb_row][\/et_pb_section][et_pb_section fb_built=&#8220;1&#8243; _builder_version=&#8220;4.10.7&#8243; _module_preset=&#8220;default&#8220; global_colors_info=&#8220;{}&#8220;][et_pb_row _builder_version=&#8220;4.10.7&#8243; _module_preset=&#8220;default&#8220; global_colors_info=&#8220;{}&#8220;][et_pb_column type=&#8220;4_4&#8243; _builder_version=&#8220;4.10.7&#8243; _module_preset=&#8220;default&#8220; global_colors_info=&#8220;{}&#8220;][et_pb_text _builder_version=&#8220;4.14.5&#8243; _module_preset=&#8220;default&#8220; text_orientation=&#8220;center&#8220; global_colors_info=&#8220;{}&#8220;]<\/p>\n<h2>Das Dorf Lemmenjoki<\/h2>\n<p>[\/et_pb_text][et_pb_text _builder_version=&#8220;4.14.5&#8243; _module_preset=&#8220;default&#8220; text_orientation=&#8220;center&#8220; global_colors_info=&#8220;{}&#8220;]<\/p>\n<p>Das Dorf Lemmenjoki befindet sich am Ufer des Flusses Lemmenjoki, direkt neben dem gr\u00f6ssten Nationalpark Finnlands.<\/p>\n<p>Im Ort Lemmenjoki lebt man noch im Jahresrythmus der Rentierzucht, denn hier leben die Rentier-S\u00e0mis. Im Sommer ist die Rentierzucht sehr arbeitsintensiv, deshalb lohnt es sich rechtzeitig nach den \u00d6ffnungszeiten der Unterk\u00fcnfte und Sehensw\u00fcrdikeiten zu erkundigen. Der Flussboot-Transport f\u00e4hrt regelm\u00e4ssig nach Fahrplan die Strecke Njurgulahti \u2013Kultalan Hamina \u2013 Njurgulahti.<\/p>\n<p><a href=\"https:\/\/www.inarisaariselka.fi\/about-the-area\/lemmenjoki\/\" target=\"_blank\" rel=\"noopener\">Lemmenjoki als Gebiet<\/a><br \/><a href=\"http:\/\/www.outdoors.fi\/en\/lemmenjokinp\" target=\"_blank\" rel=\"noopener\">Nationalpark Lemmenjoki\u00a0<\/a><\/p>\n<p>[\/et_pb_text][\/et_pb_column][\/et_pb_row][\/et_pb_section][et_pb_section fb_built=&#8220;1&#8243; _builder_version=&#8220;4.10.7&#8243; _module_preset=&#8220;default&#8220; custom_padding=&#8220;0px||0px||false|false&#8220; locked=&#8220;off&#8220; global_colors_info=&#8220;{}&#8220;][et_pb_row column_structure=&#8220;1_2,1_2&#8243; use_custom_gutter=&#8220;on&#8220; gutter_width=&#8220;1&#8243; make_equal=&#8220;on&#8220; _builder_version=&#8220;4.14.2&#8243; _module_preset=&#8220;default&#8220; width=&#8220;100%&#8220; max_width=&#8220;100%&#8220; custom_padding=&#8220;0px||0px||false|false&#8220; global_colors_info=&#8220;{}&#8220;][et_pb_column type=&#8220;1_2&#8243; _builder_version=&#8220;4.10.7&#8243; _module_preset=&#8220;default&#8220; background_color=&#8220;#343837&#8243; custom_padding=&#8220;130px|8%|130px|8%|true|true&#8220; global_colors_info=&#8220;{}&#8220;][et_pb_text _builder_version=&#8220;4.14.5&#8243; _module_preset=&#8220;default&#8220; background_layout=&#8220;dark&#8220; global_colors_info=&#8220;{}&#8220;]<\/p>\n<h3>\u00dcbernachtung<\/h3>\n<p>Im Ort Lemmenjoki und in der n\u00e4heren Umgebung gibt es Ferienh\u00e4user und ein kleines Gasthaus mit Camping- und Wohnmobile-Platz. Im Ort Menesj\u00e4rvi (8 km von Inari entfernt) ist das Hotel Korpikartano.<\/p>\n<ul>\n<li>Ahkun Tupa Feriendorf mit Restaurant\/Caf\u00e9 <\/li>\n<li>Heikki und Kaija Paltto<\/li>\n<li>Lemmenjoki Camping und Ferienh\u00fctten<\/li>\n<li>Lemmenliekki Ferienwohnungen<\/li>\n<li>Valkeaporo v<\/li>\n<\/ul>\n<p><a href=\"https:\/\/inarilapland.fi\/en\/category\/villages\/lemmenjoki-en\/\" target=\"_blank\" rel=\"noopener\">Unterkunfts-Anbieter<\/a>[\/et_pb_text][et_pb_text _builder_version=&#8220;4.14.5&#8243; _module_preset=&#8220;default&#8220; background_layout=&#8220;dark&#8220; custom_margin=&#8220;40px||||false|false&#8220; global_colors_info=&#8220;{}&#8220;]<\/p>\n<p><em>Historischer &#8222;Kaapin Jounin kentt\u00e4&#8220;<\/em><\/p>\n<p>[\/et_pb_text][\/et_pb_column][et_pb_column type=&#8220;1_2&#8243; _builder_version=&#8220;4.14.2&#8243; _module_preset=&#8220;default&#8220; background_enable_color=&#8220;off&#8220; background_image=&#8220;https:\/\/saariselka.com\/wp-content\/uploads\/2021\/12\/lemmenjoki_kaapin_jounin_kentta-1024&#215;768.jpg&#8220; custom_padding=&#8220;160px||160px||true|false&#8220; global_colors_info=&#8220;{}&#8220;][et_pb_divider show_divider=&#8220;off&#8220; _builder_version=&#8220;4.10.7&#8243; _module_preset=&#8220;default&#8220; global_colors_info=&#8220;{}&#8220;][\/et_pb_divider][\/et_pb_column][\/et_pb_row][\/et_pb_section][et_pb_section fb_built=&#8220;1&#8243; _builder_version=&#8220;4.10.7&#8243; _module_preset=&#8220;default&#8220; custom_padding=&#8220;0px||0px||false|false&#8220; locked=&#8220;off&#8220; global_colors_info=&#8220;{}&#8220;][et_pb_row column_structure=&#8220;1_2,1_2&#8243; use_custom_gutter=&#8220;on&#8220; gutter_width=&#8220;1&#8243; make_equal=&#8220;on&#8220; _builder_version=&#8220;4.14.2&#8243; _module_preset=&#8220;default&#8220; width=&#8220;100%&#8220; max_width=&#8220;100%&#8220; custom_padding=&#8220;0px||0px||false|false&#8220; global_colors_info=&#8220;{}&#8220;][et_pb_column type=&#8220;1_2&#8243; _builder_version=&#8220;4.14.2&#8243; _module_preset=&#8220;default&#8220; background_enable_color=&#8220;off&#8220; background_image=&#8220;https:\/\/saariselka.com\/wp-content\/uploads\/2021\/12\/lemmenjoki_huopa-ateljee.jpg&#8220; custom_padding=&#8220;160px||160px||true|false&#8220; global_colors_info=&#8220;{}&#8220;][et_pb_divider show_divider=&#8220;off&#8220; _builder_version=&#8220;4.10.7&#8243; _module_preset=&#8220;default&#8220; global_colors_info=&#8220;{}&#8220;][\/et_pb_divider][\/et_pb_column][et_pb_column type=&#8220;1_2&#8243; _builder_version=&#8220;4.10.7&#8243; _module_preset=&#8220;default&#8220; background_color=&#8220;#F4F4F4&#8243; custom_padding=&#8220;130px|8%|130px|8%|true|true&#8220; global_colors_info=&#8220;{}&#8220;][et_pb_text _builder_version=&#8220;4.14.5&#8243; _module_preset=&#8220;default&#8220; global_colors_info=&#8220;{}&#8220;]<\/p>\n<h3>Aktivit\u00e4ten und Sehensw\u00fcrdigkeiten<\/h3>\n<p><a title=\"Filzatelier, Kaija Paltto\" href=\"https:\/\/www.paltto.fi\/en\/feltmakers-studio\/\" target=\"_blank\" rel=\"noopener\">Filzatelier, Kaija Paltto <\/a><br \/><a title=\"Kammi-Gallerie, Kikka Laakso\" href=\"http:\/\/www.kammigalleria.fi\/kammigalleria_en.htm\" target=\"_blank\" rel=\"noopener\">Kammi-Gallerie, Kikka Laakso <\/a><\/p>\n<ul>\n<li>Joenkielinen-Fj\u00e4ll, 9 km vom Ort Njurkulahti entfernt<\/li>\n<li>Wohngebiet von Kaapin Jouni \u2013 ein bedeutender Ort der Kulturgeschichte des Sami-Volkes<\/li>\n<li>Gold-Gebiet<\/li>\n<li>Wohngebiet von Matti Musta \u2013 ein St\u00fcck Kultur im Lemmenjoki Nationalpark<\/li>\n<li>Wild-Fanggruben<\/li>\n<li>Wasserfall Ravadas<\/li>\n<li>Rentierscheidungsplatz Sallivaara<\/li>\n<\/ul>\n<p>More information on Lemmenjoki National Park: <a href=\"https:\/\/www.outdoors.fi\/en\/lemmenjokinp\" target=\"_blank\" rel=\"noopener\">Lemmenjoki<\/a><br \/>Interesting geological places: <a href=\"https:\/\/www.goldengeopark.fi\/en\/\" target=\"_blank\" rel=\"noopener\">Golden Geopark of Lapland<\/a><\/p>\n<p>[\/et_pb_text][et_pb_text _builder_version=&#8220;4.14.5&#8243; _module_preset=&#8220;default&#8220; custom_margin=&#8220;40px||||false|false&#8220; global_colors_info=&#8220;{}&#8220;]<em>Kaija Paltto Feltmaker\u2019s Studio in Lemmenjoki<\/em><br \/>\n[\/et_pb_text][\/et_pb_column][\/et_pb_row][\/et_pb_section][et_pb_section fb_built=&#8220;1&#8243; _builder_version=&#8220;4.10.7&#8243; _module_preset=&#8220;default&#8220; background_color=&#8220;#F4F4F4&#8243; global_colors_info=&#8220;{}&#8220;][et_pb_row _builder_version=&#8220;4.10.7&#8243; _module_preset=&#8220;default&#8220; global_colors_info=&#8220;{}&#8220;][et_pb_column type=&#8220;4_4&#8243; _builder_version=&#8220;4.10.7&#8243; _module_preset=&#8220;default&#8220; global_colors_info=&#8220;{}&#8220;][et_pb_video src=&#8220;https:\/\/vimeo.com\/107399355&#8243; _builder_version=&#8220;4.10.7&#8243; _module_preset=&#8220;default&#8220; global_colors_info=&#8220;{}&#8220;][\/et_pb_video][\/et_pb_column][\/et_pb_row][\/et_pb_section][et_pb_section fb_built=&#8220;1&#8243; _builder_version=&#8220;4.10.7&#8243; _module_preset=&#8220;default&#8220; background_color=&#8220;#343837&#8243; global_colors_info=&#8220;{}&#8220;][et_pb_row _builder_version=&#8220;4.10.7&#8243; _module_preset=&#8220;default&#8220; global_colors_info=&#8220;{}&#8220;][et_pb_column type=&#8220;4_4&#8243; _builder_version=&#8220;4.10.7&#8243; _module_preset=&#8220;default&#8220; global_colors_info=&#8220;{}&#8220;][et_pb_text _builder_version=&#8220;4.14.5&#8243; _module_preset=&#8220;default&#8220; text_orientation=&#8220;center&#8220; background_layout=&#8220;dark&#8220; global_colors_info=&#8220;{}&#8220;]<\/p>\n<h2>Lemmenjoki auf der Karte<\/h2>\n<p>[\/et_pb_text][et_pb_text _builder_version=&#8220;4.10.7&#8243; _module_preset=&#8220;default&#8220; global_colors_info=&#8220;{}&#8220;]<iframe loading=\"lazy\" style=\"border: 0;\" src=\"https:\/\/www.google.com\/maps\/embed?pb=!1m18!1m12!1m3!1d1445.4684301518603!2d26.23504800113575!3d68.75914436407791!2m3!1f0!2f0!3f0!3m2!1i1024!2i768!4f13.1!3m3!1m2!1s0x0000000000000000%3A0xfd3f60ddc73e32db!2sLemmenjoki+Camping+%26+Cabins!5e0!3m2!1sfi!2sus!4v1451306169417\" width=\"100%\" height=\"450\" frameborder=\"0\" allowfullscreen=\"allowfullscreen\" data-mce-fragment=\"1\"><\/iframe>[\/et_pb_text][\/et_pb_column][\/et_pb_row][\/et_pb_section][et_pb_section fb_built=&#8220;1&#8243; _builder_version=&#8220;4.10.5&#8243; _module_preset=&#8220;default&#8220; background_color=&#8220;#F4F4F4&#8243; locked=&#8220;off&#8220; global_colors_info=&#8220;{}&#8220;][et_pb_row _builder_version=&#8220;4.10.5&#8243; _module_preset=&#8220;default&#8220; global_colors_info=&#8220;{}&#8220;][et_pb_column type=&#8220;4_4&#8243; _builder_version=&#8220;4.10.5&#8243; _module_preset=&#8220;default&#8220; global_colors_info=&#8220;{}&#8220;][et_pb_text _builder_version=&#8220;4.14.5&#8243; _module_preset=&#8220;default&#8220; header_4_text_color=&#8220;#1552F0&#8243; text_orientation=&#8220;center&#8220; global_colors_info=&#8220;{}&#8220;]<\/p>\n<h3>Wetter Ivalo<\/h3>\n<p>[\/et_pb_text][et_pb_code _builder_version=&#8220;4.14.5&#8243; _module_preset=&#8220;default&#8220; text_orientation=&#8220;center&#8220; global_colors_info=&#8220;{}&#8220;]<div id=\"simple-weather--0be13eff8827bb96588edb5847151f2f\" class=\"simple-weather simple-weather--vue\" :style=\"atts.inline_css\">\r\n  <template v-if=\"style !== 'widget'\">\r\n    <span v-if=\"hasCurrentWeather()\" class=\"simple-weather__day simple-weather__day--current\">\r\n      <span v-if=\"filter_var(atts.show_units)\" class=\"simple-weather__date\">{{current_weather.dt | momentjs( atts.date )}}<\/span>\r\n      <i class=\"sw\" :class=\"getWeatherIcon(current_weather)\"><\/i>\r\n      <em class=\"simple-weather__temp\">{{current_weather.temp | temp}} &deg;<template v-if=\"filter_var(atts.show_units)\">{{units}}<\/template>\r\n      <\/em>\r\n    <\/span>\r\n    <template v-if=\"weather_feed\">\r\n      <span v-for=\"(day, index) in weather_feed\" v-if=\"isDayVisible(index, day)\" class=\"simple-weather__day\">\r\n        <span v-if=\"filter_var(atts.show_units)\" class=\"simple-weather__date\">{{day.dt | momentjs(atts.date)}}<\/span>\r\n        <i class=\"sw\" :class=\"getWeatherIcon(day)\"><\/i>\r\n        <em class=\"simple-weather__temp\">{{day.temp | temp}} &deg;<em class=\"simple-weather__temp-min\" v-if=\"filter_var(atts.night)\">{{day.temp_min | temp}} &deg;<\/em><template v-if=\"filter_var(atts.show_units)\">{{units}}<\/template><\/em>\r\n      <\/span>\r\n    <\/template>\r\n    <template v-else>\r\n      <span v-html=\"error\" class=\"error\"><\/span>\r\n    <\/template>\r\n  <\/template>\r\n  <template v-else>\r\n    <div class=\"simple-weather-widget\" v-if=\"current_weather.name || weather_feed\" :class=\"atts.inline_css ? 'simple-weather-widget--bg' : ''\">\r\n      <h4 class='widget_title' v-if=\"atts.title || current_weather.name\" v-text=\"atts.title ? atts.title : current_weather.name\"><\/h4>\r\n      <div class=\"temp\">\r\n        <span v-if=\"current_weather.temp\" class=\"degrees\">{{current_weather.temp | temp}} &deg;<\/span>\r\n        <span class=\"details\">\r\n          <template v-if=\"current_weather.humidity\">Humidity: <em class=\"float-right\">{{current_weather.humidity}}%<\/em><br><\/template>\r\n          <template v-if=\"current_weather.clouds\">Clouds: <em class=\"float-right\">{{current_weather.clouds}}%<\/em><br><\/template>\r\n          <template v-if=\"current_weather.wind\">Wind <small>({{current_weather.wind.deg}})<\/small>:\r\n          <em class=\"float-right\">{{current_weather.wind.speed}}<small>{{units_wind}}<\/small><\/em><\/template>\r\n        <\/span>\r\n      <\/div>\r\n      <div class=\"summary\">{{current_weather.desc}}<\/div>\r\n      <div class=\"simple-weather-table\" v-if=\"weather_feed\">\r\n        <div v-for=\"(day, index) in weather_feed\" v-if=\"index < atts.days\" class=\"simple-weather-table__row\">\r\n\t\t\t\t\t<div class=\"simple-weather-table__date\">{{day.dt | momentjs(atts.date)}}<\/div>\r\n\t\t\t\t\t<div class=\"simple-weather-table__icon\"><i class=\"sw\" :class=\"getWeatherIcon(day)\"><\/i><\/div>\r\n\t\t\t\t\t<div class=\"simple-weather-table__temp\">\r\n            {{day.temp | temp}}&deg;\r\n            <span class=\"simple-weather-table__temp-min\">{{day.temp_min | temp}} &deg;<\/span>\r\n          <\/div>\r\n        <\/div>\r\n      <\/div>\r\n    <\/div>\r\n  <\/template>\r\n<\/div>\r\n[\/et_pb_code][\/et_pb_column][\/et_pb_row][\/et_pb_section]<\/p>\n","protected":false},"excerpt":{"rendered":"<p>Im Ort Lemmenjoki lebt man noch im Jahresrythmus der RentierzuchtDas Dorf LemmenjokiDas Dorf Lemmenjoki befindet sich am Ufer des Flusses Lemmenjoki, direkt neben dem gr\u00f6ssten Nationalpark Finnlands. Im Ort Lemmenjoki lebt man noch im Jahresrythmus der Rentierzucht, denn hier leben die Rentier-S\u00e0mis. Im Sommer ist die Rentierzucht sehr arbeitsintensiv, deshalb lohnt es sich rechtzeitig nach [&hellip;]<\/p>\n","protected":false},"author":3,"featured_media":8266,"parent":10850,"menu_order":0,"comment_status":"closed","ping_status":"closed","template":"","meta":{"_et_pb_use_builder":"on","_et_pb_old_content":"","_et_gb_content_width":"","footnotes":""},"class_list":["post-10898","page","type-page","status-publish","has-post-thumbnail","hentry"],"_links":{"self":[{"href":"https:\/\/saariselka.com\/de\/wp-json\/wp\/v2\/pages\/10898","targetHints":{"allow":["GET"]}}],"collection":[{"href":"https:\/\/saariselka.com\/de\/wp-json\/wp\/v2\/pages"}],"about":[{"href":"https:\/\/saariselka.com\/de\/wp-json\/wp\/v2\/types\/page"}],"author":[{"embeddable":true,"href":"https:\/\/saariselka.com\/de\/wp-json\/wp\/v2\/users\/3"}],"replies":[{"embeddable":true,"href":"https:\/\/saariselka.com\/de\/wp-json\/wp\/v2\/comments?post=10898"}],"version-history":[{"count":6,"href":"https:\/\/saariselka.com\/de\/wp-json\/wp\/v2\/pages\/10898\/revisions"}],"predecessor-version":[{"id":14250,"href":"https:\/\/saariselka.com\/de\/wp-json\/wp\/v2\/pages\/10898\/revisions\/14250"}],"up":[{"embeddable":true,"href":"https:\/\/saariselka.com\/de\/wp-json\/wp\/v2\/pages\/10850"}],"wp:featuredmedia":[{"embeddable":true,"href":"https:\/\/saariselka.com\/de\/wp-json\/wp\/v2\/media\/8266"}],"wp:attachment":[{"href":"https:\/\/saariselka.com\/de\/wp-json\/wp\/v2\/media?parent=10898"}],"curies":[{"name":"wp","href":"https:\/\/api.w.org\/{rel}","templated":true}]}}