{"id":10888,"date":"2022-01-11T14:16:37","date_gmt":"2022-01-11T12:16:37","guid":{"rendered":"https:\/\/saariselka.com\/?page_id=10888"},"modified":"2022-03-11T15:44:05","modified_gmt":"2022-03-11T13:44:05","slug":"kiilopaa","status":"publish","type":"page","link":"https:\/\/saariselka.com\/de\/info\/about-area\/kiilopaa\/","title":{"rendered":"Kiilop\u00e4\u00e4"},"content":{"rendered":"<p>[et_pb_section fb_built=&#8220;1&#8243; _builder_version=&#8220;4.14.2&#8243; _module_preset=&#8220;default&#8220; background_color=&#8220;rgba(52,56,55,0.2)&#8220; background_image=&#8220;https:\/\/saariselka.com\/wp-content\/uploads\/2021\/09\/Lapponia-Tours_Tunturit_kesa.jpg&#8220; background_blend=&#8220;overlay&#8220; custom_padding=&#8220;199px||199px||true|false&#8220; saved_tabs=&#8220;all&#8220; locked=&#8220;off&#8220; global_colors_info=&#8220;{}&#8220;][et_pb_row _builder_version=&#8220;4.9.4&#8243; _module_preset=&#8220;default&#8220; global_colors_info=&#8220;{}&#8220;][et_pb_column type=&#8220;4_4&#8243; _builder_version=&#8220;4.9.4&#8243; _module_preset=&#8220;default&#8220; global_colors_info=&#8220;{}&#8220;][et_pb_text _builder_version=&#8220;4.10.4&#8243; _dynamic_attributes=&#8220;content&#8220; _module_preset=&#8220;default&#8220; text_orientation=&#8220;center&#8220; background_layout=&#8220;dark&#8220; custom_margin=&#8220;0px||0px||true|false&#8220; custom_padding=&#8220;||||true|false&#8220; global_colors_info=&#8220;{}&#8220;]@ET-DC@eyJkeW5hbWljIjp0cnVlLCJjb250ZW50IjoicG9zdF90aXRsZSIsInNldHRpbmdzIjp7ImJlZm9yZSI6IjxoMT4iLCJhZnRlciI6IjwvaDE+In19@[\/et_pb_text][et_pb_text _builder_version=&#8220;4.14.2&#8243; _module_preset=&#8220;default&#8220; text_font=&#8220;|800||on|||||&#8220; text_font_size=&#8220;20px&#8220; text_line_height=&#8220;25px&#8220; text_orientation=&#8220;center&#8220; background_layout=&#8220;dark&#8220; global_colors_info=&#8220;{}&#8220;][\/et_pb_text][\/et_pb_column][\/et_pb_row][\/et_pb_section][et_pb_section fb_built=&#8220;1&#8243; _builder_version=&#8220;4.10.7&#8243; _module_preset=&#8220;default&#8220; global_colors_info=&#8220;{}&#8220;][et_pb_row _builder_version=&#8220;4.10.7&#8243; _module_preset=&#8220;default&#8220; global_colors_info=&#8220;{}&#8220;][et_pb_column type=&#8220;4_4&#8243; _builder_version=&#8220;4.10.7&#8243; _module_preset=&#8220;default&#8220; global_colors_info=&#8220;{}&#8220;][et_pb_text _builder_version=&#8220;4.14.5&#8243; _module_preset=&#8220;default&#8220; text_orientation=&#8220;center&#8220; global_colors_info=&#8220;{}&#8220;]<\/p>\n<h2>Kiilop\u00e4\u00e4, hiking centre and mountain<\/h2>\n<p>[\/et_pb_text][et_pb_text _builder_version=&#8220;4.14.5&#8243; _module_preset=&#8220;default&#8220; text_orientation=&#8220;center&#8220; global_colors_info=&#8220;{}&#8220;]Kiilop\u00e4\u00e4 is both, a hiking center and a mountain in Lapland.<br \/>\nKiilop\u00e4\u00e4 is located 16 km (by road) and beeline 10 km to south from Saariselk\u00e4 village.<\/p>\n<p>Kiilop\u00e4\u00e4 has a longest hiking and camping history in the Saariselk\u00e4 tourism area. First road was made in year 1963. Mostly it is still same road what we use today, crossroads is in Kakslauttanen. Suomen Latu built the first wilderness hut on Kiilop\u00e4\u00e4 in year 1963. Next year they open education center.<br \/>\n[\/et_pb_text][\/et_pb_column][\/et_pb_row][\/et_pb_section][et_pb_section fb_built=&#8220;1&#8243; _builder_version=&#8220;4.10.7&#8243; _module_preset=&#8220;default&#8220; custom_padding=&#8220;0px||0px||false|false&#8220; locked=&#8220;off&#8220; global_colors_info=&#8220;{}&#8220;][et_pb_row column_structure=&#8220;1_2,1_2&#8243; use_custom_gutter=&#8220;on&#8220; gutter_width=&#8220;1&#8243; make_equal=&#8220;on&#8220; _builder_version=&#8220;4.14.2&#8243; _module_preset=&#8220;default&#8220; width=&#8220;100%&#8220; max_width=&#8220;100%&#8220; custom_padding=&#8220;0px||0px||false|false&#8220; global_colors_info=&#8220;{}&#8220;][et_pb_column type=&#8220;1_2&#8243; _builder_version=&#8220;4.14.2&#8243; _module_preset=&#8220;default&#8220; background_image=&#8220;https:\/\/saariselka.com\/wp-content\/uploads\/2021\/12\/Kiilopaa.jpg&#8220; custom_padding=&#8220;160px||160px||true|false&#8220; global_colors_info=&#8220;{}&#8220;][et_pb_divider show_divider=&#8220;off&#8220; _builder_version=&#8220;4.10.7&#8243; _module_preset=&#8220;default&#8220; global_colors_info=&#8220;{}&#8220;][\/et_pb_divider][\/et_pb_column][et_pb_column type=&#8220;1_2&#8243; _builder_version=&#8220;4.10.7&#8243; _module_preset=&#8220;default&#8220; background_color=&#8220;#343837&#8243; custom_padding=&#8220;130px|8%|130px|8%|true|true&#8220; global_colors_info=&#8220;{}&#8220;][et_pb_text _builder_version=&#8220;4.14.5&#8243; _module_preset=&#8220;default&#8220; background_layout=&#8220;dark&#8220; global_colors_info=&#8220;{}&#8220;]<\/p>\n<h3>Kiilop\u00e4\u00e4 mountain<\/h3>\n<p>Kiilop\u00e4\u00e4 (546 m) is one of the highest arctic mountains in the fell area of Saariselk\u00e4. Highest is Sokosti (717 m).<\/p>\n<p>Kiilop\u00e4\u00e4 is in <a href=\"https:\/\/www.nationalparks.fi\/urhokekkonennp\" target=\"_blank\" rel=\"noopener noreferrer\">Urho Kekkonen National Park.<\/a> From Suomen Latu Kiilop\u00e4\u00e4s parking place is a marked hiking route to the top of the Kiilop\u00e4\u00e4. Route is 2 km \/ one way.<br \/>\n[\/et_pb_text][\/et_pb_column][\/et_pb_row][\/et_pb_section][et_pb_section fb_built=&#8220;1&#8243; _builder_version=&#8220;4.10.7&#8243; _module_preset=&#8220;default&#8220; custom_padding=&#8220;0px||0px||false|false&#8220; locked=&#8220;off&#8220; global_colors_info=&#8220;{}&#8220;][et_pb_row column_structure=&#8220;1_2,1_2&#8243; use_custom_gutter=&#8220;on&#8220; gutter_width=&#8220;1&#8243; make_equal=&#8220;on&#8220; _builder_version=&#8220;4.14.2&#8243; _module_preset=&#8220;default&#8220; width=&#8220;100%&#8220; max_width=&#8220;100%&#8220; custom_padding=&#8220;0px||0px||false|false&#8220; global_colors_info=&#8220;{}&#8220;][et_pb_column type=&#8220;1_2&#8243; _builder_version=&#8220;4.10.7&#8243; _module_preset=&#8220;default&#8220; background_color=&#8220;#F4F4F4&#8243; custom_padding=&#8220;130px|8%|130px|8%|true|true&#8220; global_colors_info=&#8220;{}&#8220;][et_pb_text _builder_version=&#8220;4.14.5&#8243; _module_preset=&#8220;default&#8220; global_colors_info=&#8220;{}&#8220;]<\/p>\n<h3>Suomen Latu Kiilop\u00e4\u00e4<\/h3>\n<p>Suomen Latu is a non-profit organization whose goal has been &#8222;Promoting Finnish sports and health sports&#8220; for fifty years.<\/p>\n<p>Suomen Latu Kiilop\u00e4\u00e4 &#8211; nature sports center, is located 16 km south of the center of Saariselk\u00e4, 10 km as the crow flies. The paths and trails of the Saariselk\u00e4 fell area can be reached right from Kiilop\u00e4\u00e4&#8217;s yard, where there is also one gate to Urho Kekkonen National Park.<br \/>\n[\/et_pb_text][\/et_pb_column][et_pb_column type=&#8220;1_2&#8243; _builder_version=&#8220;4.14.2&#8243; _module_preset=&#8220;default&#8220; background_image=&#8220;https:\/\/saariselka.com\/wp-content\/uploads\/2021\/12\/Kiilopaa02-1024&#215;680.jpg&#8220; custom_padding=&#8220;160px||160px||true|false&#8220; global_colors_info=&#8220;{}&#8220;][et_pb_divider show_divider=&#8220;off&#8220; _builder_version=&#8220;4.10.7&#8243; _module_preset=&#8220;default&#8220; global_colors_info=&#8220;{}&#8220;][\/et_pb_divider][\/et_pb_column][\/et_pb_row][\/et_pb_section][et_pb_section fb_built=&#8220;1&#8243; _builder_version=&#8220;4.10.7&#8243; _module_preset=&#8220;default&#8220; custom_padding=&#8220;0px||0px||false|false&#8220; locked=&#8220;off&#8220; global_colors_info=&#8220;{}&#8220;][et_pb_row column_structure=&#8220;1_2,1_2&#8243; use_custom_gutter=&#8220;on&#8220; gutter_width=&#8220;1&#8243; make_equal=&#8220;on&#8220; _builder_version=&#8220;4.14.2&#8243; _module_preset=&#8220;default&#8220; width=&#8220;100%&#8220; max_width=&#8220;100%&#8220; custom_padding=&#8220;0px||0px||false|false&#8220; global_colors_info=&#8220;{}&#8220;][et_pb_column type=&#8220;1_2&#8243; _builder_version=&#8220;4.14.2&#8243; _module_preset=&#8220;default&#8220; background_image=&#8220;https:\/\/saariselka.com\/wp-content\/uploads\/2021\/05\/red-lingonberry-berries-tasty-berries-in-woman-han-L93YUXE-1024&#215;683.jpg&#8220; custom_padding=&#8220;160px||160px||true|false&#8220; global_colors_info=&#8220;{}&#8220;][et_pb_divider show_divider=&#8220;off&#8220; _builder_version=&#8220;4.10.7&#8243; _module_preset=&#8220;default&#8220; global_colors_info=&#8220;{}&#8220;][\/et_pb_divider][\/et_pb_column][et_pb_column type=&#8220;1_2&#8243; _builder_version=&#8220;4.10.7&#8243; _module_preset=&#8220;default&#8220; background_color=&#8220;#343837&#8243; custom_padding=&#8220;130px|8%|130px|8%|true|true&#8220; global_colors_info=&#8220;{}&#8220;][et_pb_text _builder_version=&#8220;4.14.5&#8243; _module_preset=&#8220;default&#8220; background_layout=&#8220;dark&#8220; global_colors_info=&#8220;{}&#8220;]<\/p>\n<h3>Food and dining in Kiilop\u00e4\u00e4<\/h3>\n<ul>\n<li>Cafe-restaurant in main building<\/li>\n<li>Small shop in reception<\/li>\n<\/ul>\n<p>[\/et_pb_text][\/et_pb_column][\/et_pb_row][\/et_pb_section][et_pb_section fb_built=&#8220;1&#8243; _builder_version=&#8220;4.14.2&#8243; _module_preset=&#8220;default&#8220; background_color=&#8220;#FFFFFF&#8220; custom_padding=&#8220;0px||0px||false|false&#8220; locked=&#8220;off&#8220; global_colors_info=&#8220;{}&#8220;][et_pb_row column_structure=&#8220;1_2,1_2&#8243; use_custom_gutter=&#8220;on&#8220; gutter_width=&#8220;1&#8243; make_equal=&#8220;on&#8220; _builder_version=&#8220;4.14.2&#8243; _module_preset=&#8220;default&#8220; background_color=&#8220;#F2F2F2&#8243; width=&#8220;100%&#8220; max_width=&#8220;100%&#8220; custom_padding=&#8220;0px||0px||false|false&#8220; global_colors_info=&#8220;{}&#8220;][et_pb_column type=&#8220;1_2&#8243; _builder_version=&#8220;4.14.2&#8243; _module_preset=&#8220;default&#8220; background_color=&#8220;#F2F2F2&#8243; custom_padding=&#8220;130px|8%|130px|8%|true|true&#8220; global_colors_info=&#8220;{}&#8220;][et_pb_text _builder_version=&#8220;4.14.5&#8243; _module_preset=&#8220;default&#8220; background_color=&#8220;#F2F2F2&#8243; global_colors_info=&#8220;{}&#8220;]<\/p>\n<h3>Things to do and other services<\/h3>\n<ul>\n<li><a href=\"https:\/\/www.kiilopaa.fi\/en\/services-and-experiences\/\" target=\"_blank\" rel=\"noopener noreferrer\">Ice swimming.<\/a> During the wintertime the temperature of the water is approximately \u20131 \u00baC.<\/li>\n<li><a href=\"https:\/\/www.kiilopaa.fi\/en\/services-and-experiences\/saunas\/\" target=\"_blank\" rel=\"noopener noreferrer\">Smoke sauna and electrically heated sauna<\/a><\/li>\n<li title=\"Ohjelmakalenteri\"><a href=\"https:\/\/www.kiilopaa.fi\/en\/services-and-experiences\/\" target=\"_blank\" rel=\"noopener noreferrer\">Daily programme from weekly calender<\/a><\/li>\n<\/ul>\n<p>[\/et_pb_text][\/et_pb_column][et_pb_column type=&#8220;1_2&#8243; _builder_version=&#8220;4.10.7&#8243; _module_preset=&#8220;default&#8220; background_image=&#8220;https:\/\/saariselka.com\/wp-content\/uploads\/2021\/08\/119527462_3239482032754393_378521852870964543_n.jpeg&#8220; custom_padding=&#8220;160px||160px||true|false&#8220; global_colors_info=&#8220;{}&#8220;][et_pb_divider show_divider=&#8220;off&#8220; _builder_version=&#8220;4.10.7&#8243; _module_preset=&#8220;default&#8220; global_colors_info=&#8220;{}&#8220;][\/et_pb_divider][\/et_pb_column][\/et_pb_row][\/et_pb_section][et_pb_section fb_built=&#8220;1&#8243; _builder_version=&#8220;4.14.2&#8243; _module_preset=&#8220;default&#8220; background_color=&#8220;#333333&#8243; global_colors_info=&#8220;{}&#8220;][et_pb_row _builder_version=&#8220;4.10.7&#8243; _module_preset=&#8220;default&#8220; global_colors_info=&#8220;{}&#8220;][et_pb_column type=&#8220;4_4&#8243; _builder_version=&#8220;4.10.7&#8243; _module_preset=&#8220;default&#8220; global_colors_info=&#8220;{}&#8220;][et_pb_text _builder_version=&#8220;4.14.5&#8243; _module_preset=&#8220;default&#8220; background_layout=&#8220;dark&#8220; global_colors_info=&#8220;{}&#8220;]<\/p>\n<h2 style=\"text-align: center;\">Kiilop\u00e4\u00e4 on a map<\/h2>\n<p>[\/et_pb_text][\/et_pb_column][\/et_pb_row][et_pb_row _builder_version=&#8220;4.10.7&#8243; _module_preset=&#8220;default&#8220; global_colors_info=&#8220;{}&#8220;][et_pb_column type=&#8220;4_4&#8243; _builder_version=&#8220;4.10.7&#8243; _module_preset=&#8220;default&#8220; global_colors_info=&#8220;{}&#8220;][et_pb_text _builder_version=&#8220;4.10.7&#8243; _module_preset=&#8220;default&#8220; box_shadow_style=&#8220;preset3&#8243; global_colors_info=&#8220;{}&#8220;]<iframe loading=\"lazy\" style=\"border: 0;\" src=\"https:\/\/www.google.com\/maps\/embed?pb=!1m18!1m12!1m3!1d1472.2210212290818!2d27.45839811646619!3d68.34638106510491!2m3!1f0!2f0!3f0!3m2!1i1024!2i768!4f13.1!3m3!1m2!1s0x45cd5b14f3ecdccd%3A0x8b4a57d358c8f242!2sKiilop%C3%A4%C3%A4ntie+620%2C+99830+Inari%2C+Suomi!5e0!3m2!1sfi!2sus!4v1451304081652\" width=\"100%\" height=\"450\" frameborder=\"0\" allowfullscreen=\"allowfullscreen\" data-mce-fragment=\"1\"><\/iframe><br \/>\n[\/et_pb_text][\/et_pb_column][\/et_pb_row][\/et_pb_section][et_pb_section fb_built=&#8220;1&#8243; _builder_version=&#8220;4.10.5&#8243; _module_preset=&#8220;default&#8220; background_color=&#8220;#F4F4F4&#8243; locked=&#8220;off&#8220; global_colors_info=&#8220;{}&#8220;][et_pb_row _builder_version=&#8220;4.10.5&#8243; _module_preset=&#8220;default&#8220; global_colors_info=&#8220;{}&#8220;][et_pb_column type=&#8220;4_4&#8243; _builder_version=&#8220;4.10.5&#8243; _module_preset=&#8220;default&#8220; global_colors_info=&#8220;{}&#8220;][et_pb_text _builder_version=&#8220;4.14.5&#8243; _module_preset=&#8220;default&#8220; header_4_text_color=&#8220;#1552F0&#8243; text_orientation=&#8220;center&#8220; global_colors_info=&#8220;{}&#8220;]<\/p>\n<h3>Wetter Ivalo<\/h3>\n<p>[\/et_pb_text][et_pb_code _builder_version=&#8220;4.14.5&#8243; _module_preset=&#8220;default&#8220; text_orientation=&#8220;center&#8220; global_colors_info=&#8220;{}&#8220;]<div id=\"simple-weather--0be13eff8827bb96588edb5847151f2f\" class=\"simple-weather simple-weather--vue\" :style=\"atts.inline_css\">\r\n  <template v-if=\"style !== 'widget'\">\r\n    <span v-if=\"hasCurrentWeather()\" class=\"simple-weather__day simple-weather__day--current\">\r\n      <span v-if=\"filter_var(atts.show_units)\" class=\"simple-weather__date\">{{current_weather.dt | momentjs( atts.date )}}<\/span>\r\n      <i class=\"sw\" :class=\"getWeatherIcon(current_weather)\"><\/i>\r\n      <em class=\"simple-weather__temp\">{{current_weather.temp | temp}} &deg;<template v-if=\"filter_var(atts.show_units)\">{{units}}<\/template>\r\n      <\/em>\r\n    <\/span>\r\n    <template v-if=\"weather_feed\">\r\n      <span v-for=\"(day, index) in weather_feed\" v-if=\"isDayVisible(index, day)\" class=\"simple-weather__day\">\r\n        <span v-if=\"filter_var(atts.show_units)\" class=\"simple-weather__date\">{{day.dt | momentjs(atts.date)}}<\/span>\r\n        <i class=\"sw\" :class=\"getWeatherIcon(day)\"><\/i>\r\n        <em class=\"simple-weather__temp\">{{day.temp | temp}} &deg;<em class=\"simple-weather__temp-min\" v-if=\"filter_var(atts.night)\">{{day.temp_min | temp}} &deg;<\/em><template v-if=\"filter_var(atts.show_units)\">{{units}}<\/template><\/em>\r\n      <\/span>\r\n    <\/template>\r\n    <template v-else>\r\n      <span v-html=\"error\" class=\"error\"><\/span>\r\n    <\/template>\r\n  <\/template>\r\n  <template v-else>\r\n    <div class=\"simple-weather-widget\" v-if=\"current_weather.name || weather_feed\" :class=\"atts.inline_css ? 'simple-weather-widget--bg' : ''\">\r\n      <h4 class='widget_title' v-if=\"atts.title || current_weather.name\" v-text=\"atts.title ? atts.title : current_weather.name\"><\/h4>\r\n      <div class=\"temp\">\r\n        <span v-if=\"current_weather.temp\" class=\"degrees\">{{current_weather.temp | temp}} &deg;<\/span>\r\n        <span class=\"details\">\r\n          <template v-if=\"current_weather.humidity\">Humidity: <em class=\"float-right\">{{current_weather.humidity}}%<\/em><br><\/template>\r\n          <template v-if=\"current_weather.clouds\">Clouds: <em class=\"float-right\">{{current_weather.clouds}}%<\/em><br><\/template>\r\n          <template v-if=\"current_weather.wind\">Wind <small>({{current_weather.wind.deg}})<\/small>:\r\n          <em class=\"float-right\">{{current_weather.wind.speed}}<small>{{units_wind}}<\/small><\/em><\/template>\r\n        <\/span>\r\n      <\/div>\r\n      <div class=\"summary\">{{current_weather.desc}}<\/div>\r\n      <div class=\"simple-weather-table\" v-if=\"weather_feed\">\r\n        <div v-for=\"(day, index) in weather_feed\" v-if=\"index < atts.days\" class=\"simple-weather-table__row\">\r\n\t\t\t\t\t<div class=\"simple-weather-table__date\">{{day.dt | momentjs(atts.date)}}<\/div>\r\n\t\t\t\t\t<div class=\"simple-weather-table__icon\"><i class=\"sw\" :class=\"getWeatherIcon(day)\"><\/i><\/div>\r\n\t\t\t\t\t<div class=\"simple-weather-table__temp\">\r\n            {{day.temp | temp}}&deg;\r\n            <span class=\"simple-weather-table__temp-min\">{{day.temp_min | temp}} &deg;<\/span>\r\n          <\/div>\r\n        <\/div>\r\n      <\/div>\r\n    <\/div>\r\n  <\/template>\r\n<\/div>\r\n[\/et_pb_code][\/et_pb_column][\/et_pb_row][\/et_pb_section]<\/p>\n","protected":false},"excerpt":{"rendered":"<p>Kiilop\u00e4\u00e4, hiking centre and mountain Kiilop\u00e4\u00e4 is both, a hiking center and a mountain in Lapland. Kiilop\u00e4\u00e4 is located 16 km (by road) and beeline 10 km to south from Saariselk\u00e4 village. Kiilop\u00e4\u00e4 has a longest hiking and camping history in the Saariselk\u00e4 tourism area. First road was made in year 1963. Mostly it is [&hellip;]<\/p>\n","protected":false},"author":3,"featured_media":8410,"parent":10850,"menu_order":0,"comment_status":"closed","ping_status":"closed","template":"","meta":{"_et_pb_use_builder":"on","_et_pb_old_content":"","_et_gb_content_width":"","footnotes":""},"class_list":["post-10888","page","type-page","status-publish","has-post-thumbnail","hentry"],"_links":{"self":[{"href":"https:\/\/saariselka.com\/de\/wp-json\/wp\/v2\/pages\/10888","targetHints":{"allow":["GET"]}}],"collection":[{"href":"https:\/\/saariselka.com\/de\/wp-json\/wp\/v2\/pages"}],"about":[{"href":"https:\/\/saariselka.com\/de\/wp-json\/wp\/v2\/types\/page"}],"author":[{"embeddable":true,"href":"https:\/\/saariselka.com\/de\/wp-json\/wp\/v2\/users\/3"}],"replies":[{"embeddable":true,"href":"https:\/\/saariselka.com\/de\/wp-json\/wp\/v2\/comments?post=10888"}],"version-history":[{"count":5,"href":"https:\/\/saariselka.com\/de\/wp-json\/wp\/v2\/pages\/10888\/revisions"}],"predecessor-version":[{"id":14249,"href":"https:\/\/saariselka.com\/de\/wp-json\/wp\/v2\/pages\/10888\/revisions\/14249"}],"up":[{"embeddable":true,"href":"https:\/\/saariselka.com\/de\/wp-json\/wp\/v2\/pages\/10850"}],"wp:featuredmedia":[{"embeddable":true,"href":"https:\/\/saariselka.com\/de\/wp-json\/wp\/v2\/media\/8410"}],"wp:attachment":[{"href":"https:\/\/saariselka.com\/de\/wp-json\/wp\/v2\/media?parent=10888"}],"curies":[{"name":"wp","href":"https:\/\/api.w.org\/{rel}","templated":true}]}}