{"id":10850,"date":"2022-01-11T14:12:18","date_gmt":"2022-01-11T12:12:18","guid":{"rendered":"https:\/\/saariselka.com\/?page_id=10850"},"modified":"2022-03-11T15:38:13","modified_gmt":"2022-03-11T13:38:13","slug":"about-area","status":"publish","type":"page","link":"https:\/\/saariselka.com\/de\/info\/about-area\/","title":{"rendered":"\u00dcber die Region"},"content":{"rendered":"<p>[et_pb_section fb_built=&#8220;1&#8243; _builder_version=&#8220;4.14.5&#8243; _module_preset=&#8220;default&#8220; background_color=&#8220;rgba(52,56,55,0.2)&#8220; background_image=&#8220;https:\/\/saariselka.com\/wp-content\/uploads\/2022\/01\/alueet-revontulet-scaled.jpg&#8220; background_blend=&#8220;overlay&#8220; custom_padding=&#8220;199px||199px||true|false&#8220; saved_tabs=&#8220;all&#8220; locked=&#8220;off&#8220; global_colors_info=&#8220;{}&#8220;][et_pb_row _builder_version=&#8220;4.9.4&#8243; _module_preset=&#8220;default&#8220; global_colors_info=&#8220;{}&#8220;][et_pb_column type=&#8220;4_4&#8243; _builder_version=&#8220;4.9.4&#8243; _module_preset=&#8220;default&#8220; global_colors_info=&#8220;{}&#8220;][et_pb_text _builder_version=&#8220;4.10.4&#8243; _dynamic_attributes=&#8220;content&#8220; _module_preset=&#8220;default&#8220; text_orientation=&#8220;center&#8220; background_layout=&#8220;dark&#8220; custom_margin=&#8220;0px||0px||true|false&#8220; custom_padding=&#8220;||||true|false&#8220; global_colors_info=&#8220;{}&#8220;]@ET-DC@eyJkeW5hbWljIjp0cnVlLCJjb250ZW50IjoicG9zdF90aXRsZSIsInNldHRpbmdzIjp7ImJlZm9yZSI6IjxoMT4iLCJhZnRlciI6IjwvaDE+In19@[\/et_pb_text][et_pb_text _builder_version=&#8220;4.14.5&#8243; _module_preset=&#8220;default&#8220; text_font=&#8220;|800||on|||||&#8220; text_font_size=&#8220;20px&#8220; text_line_height=&#8220;25px&#8220; text_orientation=&#8220;center&#8220; background_layout=&#8220;dark&#8220; global_colors_info=&#8220;{}&#8220;]<\/p>\n<p>Inari-Saariselk\u00e4<\/p>\n<p>[\/et_pb_text][\/et_pb_column][\/et_pb_row][\/et_pb_section][et_pb_section fb_built=&#8220;1&#8243; _builder_version=&#8220;4.9.4&#8243; _module_preset=&#8220;default&#8220; background_color=&#8220;#FFFFFF&#8220; locked=&#8220;off&#8220; global_colors_info=&#8220;{}&#8220;][et_pb_row _builder_version=&#8220;4.9.4&#8243; _module_preset=&#8220;default&#8220; global_colors_info=&#8220;{}&#8220;][et_pb_column type=&#8220;4_4&#8243; _builder_version=&#8220;4.9.4&#8243; _module_preset=&#8220;default&#8220; global_colors_info=&#8220;{}&#8220;][et_pb_text _builder_version=&#8220;4.14.5&#8243; _module_preset=&#8220;default&#8220; text_orientation=&#8220;center&#8220; global_colors_info=&#8220;{}&#8220;]<\/p>\n<h2><strong>F\u00fchl dich im Norden wie zuhause!<\/strong><\/h2>\n<p>[\/et_pb_text][et_pb_text _builder_version=&#8220;4.14.5&#8243; _module_preset=&#8220;default&#8220; text_orientation=&#8220;center&#8220; global_colors_info=&#8220;{}&#8220;]<\/p>\n<p>Wir haben die weiteste Wildnis Europas. Der Urho Kekkonen Nationalpark ist eines der gr\u00f6ssten Naturschutzgebiete und ein sehr beliebtes Wander-\/Outdoorziel: die Seen und Fl\u00fcsse, hunderte von Fj\u00e4llen, H\u00fcgeln, S\u00fcmpfe und Moore, die Magie der Lichter der verschiedenen Jahreszeiten. Die unber\u00fchrte Natur ist von B\u00e4ren, Vielfrass, W\u00f6lfen und anderen Lebewesen bewohnt.<\/p>\n<p>Saariselk\u00e4 ist ein Fj\u00e4lldorf mit hohem Standard, Dienstleistungen, Hotels, Restaurants und Aktivit\u00e4ten sind alle zu Fuss erreichbar. Die besten M\u00f6glichkeiten f\u00fcr einen spannenden, erfrischenden und erholsamen Urlaub!<\/p>\n<p><img loading=\"lazy\" decoding=\"async\" src=\"https:\/\/saariselka.com\/wp-content\/uploads\/2021\/12\/pohjois_lapin_kartta-1024x683.jpg\" width=\"1024\" height=\"683\" alt=\"pohjois_lapin_kartta\" class=\"wp-image-7619 alignnone size-large\" srcset=\"https:\/\/saariselka.com\/wp-content\/uploads\/2021\/12\/pohjois_lapin_kartta-1024x683.jpg 1024w, https:\/\/saariselka.com\/wp-content\/uploads\/2021\/12\/pohjois_lapin_kartta-980x653.jpg 980w, https:\/\/saariselka.com\/wp-content\/uploads\/2021\/12\/pohjois_lapin_kartta-480x320.jpg 480w\" sizes=\"(min-width: 0px) and (max-width: 480px) 480px, (min-width: 481px) and (max-width: 980px) 980px, (min-width: 981px) 1024px, 100vw\" \/><\/p>\n<p>[\/et_pb_text][\/et_pb_column][\/et_pb_row][et_pb_row column_structure=&#8220;1_6,1_6,1_6,1_6,1_6,1_6&#8243; _builder_version=&#8220;4.14.7&#8243; _module_preset=&#8220;default&#8220; locked=&#8220;off&#8220; global_colors_info=&#8220;{}&#8220;][et_pb_column type=&#8220;1_6&#8243; _builder_version=&#8220;4.14.7&#8243; _module_preset=&#8220;default&#8220; global_colors_info=&#8220;{}&#8220;][et_pb_button button_url=&#8220;https:\/\/saariselka.com\/de\/region\/saariselka\/&#8220; button_text=&#8220;Saariselk\u00e4&#8220; _builder_version=&#8220;4.14.7&#8243; _module_preset=&#8220;default&#8220; global_colors_info=&#8220;{}&#8220;][\/et_pb_button][\/et_pb_column][et_pb_column type=&#8220;1_6&#8243; _builder_version=&#8220;4.14.7&#8243; _module_preset=&#8220;default&#8220; global_colors_info=&#8220;{}&#8220;][et_pb_button button_url=&#8220;https:\/\/saariselka.com\/de\/region\/inari\/&#8220; button_text=&#8220;Inari&#8220; _builder_version=&#8220;4.14.7&#8243; _module_preset=&#8220;default&#8220; global_colors_info=&#8220;{}&#8220;][\/et_pb_button][\/et_pb_column][et_pb_column type=&#8220;1_6&#8243; _builder_version=&#8220;4.14.7&#8243; _module_preset=&#8220;default&#8220; global_colors_info=&#8220;{}&#8220;][et_pb_button button_url=&#8220;https:\/\/saariselka.com\/de\/region\/ivalo\/&#8220; button_text=&#8220;Ivalo&#8220; _builder_version=&#8220;4.14.7&#8243; _module_preset=&#8220;default&#8220; global_colors_info=&#8220;{}&#8220;][\/et_pb_button][\/et_pb_column][et_pb_column type=&#8220;1_6&#8243; _builder_version=&#8220;4.14.7&#8243; _module_preset=&#8220;default&#8220; global_colors_info=&#8220;{}&#8220;][et_pb_button button_url=&#8220;https:\/\/saariselka.com\/de\/region\/kiilopaa\/&#8220; button_text=&#8220;Kiilop\u00e4\u00e4&#8220; _builder_version=&#8220;4.14.7&#8243; _module_preset=&#8220;default&#8220; global_colors_info=&#8220;{}&#8220;][\/et_pb_button][\/et_pb_column][et_pb_column type=&#8220;1_6&#8243; _builder_version=&#8220;4.14.7&#8243; _module_preset=&#8220;default&#8220; global_colors_info=&#8220;{}&#8220;][et_pb_button button_url=&#8220;https:\/\/saariselka.com\/de\/region\/lemmenjoki\/&#8220; button_text=&#8220;Lemmenjoki&#8220; _builder_version=&#8220;4.14.7&#8243; _module_preset=&#8220;default&#8220; global_colors_info=&#8220;{}&#8220;][\/et_pb_button][\/et_pb_column][et_pb_column type=&#8220;1_6&#8243; _builder_version=&#8220;4.14.7&#8243; _module_preset=&#8220;default&#8220; global_colors_info=&#8220;{}&#8220;][et_pb_button button_url=&#8220;https:\/\/saariselka.com\/de\/region\/utsjoki\/&#8220; button_text=&#8220;Utsjoki&#8220; _builder_version=&#8220;4.14.7&#8243; _module_preset=&#8220;default&#8220; global_colors_info=&#8220;{}&#8220;][\/et_pb_button][\/et_pb_column][\/et_pb_row][\/et_pb_section]<\/p>\n","protected":false},"excerpt":{"rendered":"<p>Inari-Saariselk\u00e4F\u00fchl dich im Norden wie zuhause!Wir haben die weiteste Wildnis Europas. Der Urho Kekkonen Nationalpark ist eines der gr\u00f6ssten Naturschutzgebiete und ein sehr beliebtes Wander-\/Outdoorziel: die Seen und Fl\u00fcsse, hunderte von Fj\u00e4llen, H\u00fcgeln, S\u00fcmpfe und Moore, die Magie der Lichter der verschiedenen Jahreszeiten. Die unber\u00fchrte Natur ist von B\u00e4ren, Vielfrass, W\u00f6lfen und anderen Lebewesen bewohnt. [&hellip;]<\/p>\n","protected":false},"author":3,"featured_media":0,"parent":10689,"menu_order":0,"comment_status":"closed","ping_status":"closed","template":"","meta":{"_et_pb_use_builder":"on","_et_pb_old_content":"","_et_gb_content_width":"","footnotes":""},"class_list":["post-10850","page","type-page","status-publish","hentry"],"_links":{"self":[{"href":"https:\/\/saariselka.com\/de\/wp-json\/wp\/v2\/pages\/10850","targetHints":{"allow":["GET"]}}],"collection":[{"href":"https:\/\/saariselka.com\/de\/wp-json\/wp\/v2\/pages"}],"about":[{"href":"https:\/\/saariselka.com\/de\/wp-json\/wp\/v2\/types\/page"}],"author":[{"embeddable":true,"href":"https:\/\/saariselka.com\/de\/wp-json\/wp\/v2\/users\/3"}],"replies":[{"embeddable":true,"href":"https:\/\/saariselka.com\/de\/wp-json\/wp\/v2\/comments?post=10850"}],"version-history":[{"count":7,"href":"https:\/\/saariselka.com\/de\/wp-json\/wp\/v2\/pages\/10850\/revisions"}],"predecessor-version":[{"id":14244,"href":"https:\/\/saariselka.com\/de\/wp-json\/wp\/v2\/pages\/10850\/revisions\/14244"}],"up":[{"embeddable":true,"href":"https:\/\/saariselka.com\/de\/wp-json\/wp\/v2\/pages\/10689"}],"wp:attachment":[{"href":"https:\/\/saariselka.com\/de\/wp-json\/wp\/v2\/media?parent=10850"}],"curies":[{"name":"wp","href":"https:\/\/api.w.org\/{rel}","templated":true}]}}