{"id":10717,"date":"2022-01-07T14:15:52","date_gmt":"2022-01-07T12:15:52","guid":{"rendered":"https:\/\/saariselka.com\/?page_id=10717"},"modified":"2023-06-02T11:07:29","modified_gmt":"2023-06-02T08:07:29","slug":"privacy-policy-and-statement","status":"publish","type":"page","link":"https:\/\/saariselka.com\/de\/info\/about-us\/privacy-policy-and-statement\/","title":{"rendered":"Privacy policy and statement"},"content":{"rendered":"[et_pb_section fb_built=&#8220;1&#8243; _builder_version=&#8220;4.16&#8243; background_color=&#8220;#FFFFFF&#8220; custom_padding=&#8220;30px||30px||false|false&#8220; locked=&#8220;off&#8220; global_colors_info=&#8220;{}&#8220;][et_pb_row _builder_version=&#8220;4.16&#8243; background_size=&#8220;initial&#8220; background_position=&#8220;top_left&#8220; background_repeat=&#8220;repeat&#8220; global_colors_info=&#8220;{}&#8220;][et_pb_column type=&#8220;4_4&#8243; _builder_version=&#8220;4.16&#8243; custom_padding=&#8220;|||&#8220; global_colors_info=&#8220;{}&#8220; custom_padding__hover=&#8220;|||&#8220;][et_pb_text _builder_version=&#8220;4.17.1&#8243; _module_preset=&#8220;default&#8220; global_colors_info=&#8220;{}&#8220;]<h2>Saariselk\u00e4 Booking Ltd, Privacy policy and statement<\/h2>[\/et_pb_text][et_pb_text _builder_version=&#8220;4.17.1&#8243; _module_preset=&#8220;default&#8220; global_colors_info=&#8220;{}&#8220;]<p>This is Saariselk\u00e4 Booking\u2019s (<a href=\"https:\/\/saariselka.com\/de\/info\/about-us\/\">Saarisel\u00e4n Keskusvaraamo Ltd<\/a>) Privacy policy and statement -document according to Personal Data Act (<a href=\"https:\/\/www.finlex.fi\/en\/laki\/kaannokset\/2018\/en20181050.pdf\" target=\"_blank\" rel=\"noopener\">1050<\/a>), and General Data Protection Regulation (<a href=\"https:\/\/eur-lex.europa.eu\/eli\/reg\/2016\/679\/oj\" target=\"_blank\" rel=\"noopener\">GDPR<\/a>). The Privacy policy and statement -document includes information about processing of the personal data and about the rights of the data subject (the person whose data is being processed).<\/p>[\/et_pb_text][\/et_pb_column][\/et_pb_row][\/et_pb_section][et_pb_section fb_built=&#8220;1&#8243; _builder_version=&#8220;4.16&#8243; background_color=&#8220;#F2F2F2&#8243; custom_padding=&#8220;30px||30px||false|false&#8220; locked=&#8220;off&#8220; global_colors_info=&#8220;{}&#8220;][et_pb_row _builder_version=&#8220;4.16&#8243; background_size=&#8220;initial&#8220; background_position=&#8220;top_left&#8220; background_repeat=&#8220;repeat&#8220; global_colors_info=&#8220;{}&#8220;][et_pb_column type=&#8220;4_4&#8243; _builder_version=&#8220;4.16&#8243; custom_padding=&#8220;|||&#8220; global_colors_info=&#8220;{}&#8220; custom_padding__hover=&#8220;|||&#8220;][et_pb_text admin_label=&#8220;Tietosuojaseloste&#8220; _builder_version=&#8220;4.21.0&#8243; background_size=&#8220;initial&#8220; background_position=&#8220;top_left&#8220; background_repeat=&#8220;repeat&#8220; custom_padding=&#8220;||4px|||&#8220; hover_enabled=&#8220;0&#8243; global_colors_info=&#8220;{}&#8220; sticky_enabled=&#8220;0&#8243;]<h3>Dates<\/h3>\n<ul>\n<li>Updated 24<sup>th<\/sup> Feb 2021<\/li>\n<li>Updated 26<sup>th<\/sup> Mar 2018<\/li>\n<li>Created 11<sup>th<\/sup> Apr 2009<\/li>\n<\/ul>\n<h3>The name of the register<\/h3>\n<ul>\n<li>Saariselka.com -register<\/li>\n<\/ul>\n<h3>Data controller<\/h3>\n<p>Saariselk\u00e4 Booking (Saarisel\u00e4n Keskusvaraamo Ltd.)<br \/>Business id: 0651213-8<br \/>Honkapolku 2, FI-99830 Saariselk\u00e4<br \/>sales@saariselka.com<\/p>[\/et_pb_text][\/et_pb_column][\/et_pb_row][\/et_pb_section][et_pb_section fb_built=&#8220;1&#8243; _builder_version=&#8220;4.16&#8243; background_color=&#8220;#FFFFFF&#8220; custom_padding=&#8220;30px||30px||false|false&#8220; locked=&#8220;off&#8220; global_colors_info=&#8220;{}&#8220;][et_pb_row _builder_version=&#8220;4.16&#8243; background_size=&#8220;initial&#8220; background_position=&#8220;top_left&#8220; background_repeat=&#8220;repeat&#8220; global_colors_info=&#8220;{}&#8220;][et_pb_column type=&#8220;4_4&#8243; _builder_version=&#8220;4.16&#8243; custom_padding=&#8220;|||&#8220; global_colors_info=&#8220;{}&#8220; custom_padding__hover=&#8220;|||&#8220;][et_pb_text admin_label=&#8220;Tietosuojaseloste&#8220; _builder_version=&#8220;4.17.1&#8243; background_size=&#8220;initial&#8220; background_position=&#8220;top_left&#8220; background_repeat=&#8220;repeat&#8220; custom_padding=&#8220;||4px|||&#8220; global_colors_info=&#8220;{}&#8220;]<h3>The aim of processing personal data<\/h3>\n<p>The meaning of processing personal data is to properly implement to share information, deliver products, access to the internet services, surveys and campaigns as well as to do marketing and advertising properly at the all channels used for this purpose.<\/p>\n<h4>In other words the personal data is used for:<\/h4>\n<ul>\n<li>Start and maintain of the customer relationship.<\/li>\n<li>Communication with the customer for example invoicing language, booking confirmation and discussion with the customer by phone or by e-mail.<\/li>\n<li>Identify the customer who will take a part to the competition or the campaign.<\/li>\n<li>Design and development the new services and products.<\/li>\n<li>Target marketing operations.<\/li>\n<\/ul>\n<p>The aim is to be customer-oriented service provider.<\/p>\n<h3>Legal basis for processing personal data<\/h3>\n<ul>\n<li><a href=\"https:\/\/eur-lex.europa.eu\/eli\/reg\/2016\/679\/oj\" target=\"_blank\" rel=\"noopener\">GDPR<\/a> Article 6 (1), chapter b, c and f:\n<ul>\n<li>A contract where the data subject is a party.<\/li>\n<li>Processing is necessary for compliance with a legal obligation to the data controller.<\/li>\n<li>Processing is necessary for the legal rights of the data controller or third party.<\/li>\n<\/ul>\n<\/li>\n<li>Finnish law <a href=\"https:\/\/finlex.fi\/en\/laki\/kaannokset\/2006\/en20060308.pdf\" target=\"_blank\" rel=\"noopener\">2006\/308<\/a> obligates the data controller to store passenger cards.<\/li>\n<\/ul>\n<p>The data subject has the right at any time, free of charge, to prohibit the processing of personal data for marketing purposes or to withdraw the consent previously given.<\/p>[\/et_pb_text][\/et_pb_column][\/et_pb_row][\/et_pb_section][et_pb_section fb_built=&#8220;1&#8243; _builder_version=&#8220;4.16&#8243; background_color=&#8220;#F2F2F2&#8243; custom_padding=&#8220;30px||30px||false|false&#8220; locked=&#8220;off&#8220; global_colors_info=&#8220;{}&#8220;][et_pb_row _builder_version=&#8220;4.16&#8243; background_size=&#8220;initial&#8220; background_position=&#8220;top_left&#8220; background_repeat=&#8220;repeat&#8220; global_colors_info=&#8220;{}&#8220;][et_pb_column type=&#8220;4_4&#8243; _builder_version=&#8220;4.16&#8243; custom_padding=&#8220;|||&#8220; global_colors_info=&#8220;{}&#8220; custom_padding__hover=&#8220;|||&#8220;][et_pb_text admin_label=&#8220;Tietosuojaseloste&#8220; _builder_version=&#8220;4.16&#8243; background_size=&#8220;initial&#8220; background_position=&#8220;top_left&#8220; background_repeat=&#8220;repeat&#8220; custom_padding=&#8220;||4px|||&#8220; global_colors_info=&#8220;{}&#8220;]<h3>The aim of processing personal data<\/h3>\n<p>The meaning of processing personal data is to properly implement to share information, deliver products, access to the internet services, surveys and campaigns as well as to do marketing and advertising properly at the all channels used for this purpose.<\/p>[\/et_pb_text][\/et_pb_column][\/et_pb_row][et_pb_row column_structure=&#8220;1_2,1_2&#8243; _builder_version=&#8220;4.16&#8243; background_size=&#8220;initial&#8220; background_position=&#8220;top_left&#8220; background_repeat=&#8220;repeat&#8220; global_colors_info=&#8220;{}&#8220;][et_pb_column type=&#8220;1_2&#8243; _builder_version=&#8220;4.16&#8243; custom_padding=&#8220;|||&#8220; global_colors_info=&#8220;{}&#8220; custom_padding__hover=&#8220;|||&#8220;][et_pb_text admin_label=&#8220;Tietosuojaseloste&#8220; _builder_version=&#8220;4.16&#8243; background_size=&#8220;initial&#8220; background_position=&#8220;top_left&#8220; background_repeat=&#8220;repeat&#8220; custom_padding=&#8220;||4px|||&#8220; global_colors_info=&#8220;{}&#8220;]<h4>When make booking following data will be stored<\/h4>\n<ul>\n<li>First name and family name<\/li>\n<li>Address<\/li>\n<li>Country<\/li>\n<li>Language<\/li>\n<li>Phone number<\/li>\n<li>E-mail<\/li>\n<li>Customer number<\/li>\n<li>Online service\n<ul>\n<li>user ID<\/li>\n<li>password<\/li>\n<\/ul>\n<\/li>\n<\/ul>\n<p>In addition, in some cases:<\/p>\n<ul>\n<li>Name of the company<\/li>\n<li>Company ID<\/li>\n<li>Account number<\/li>\n<li>VAT duty and VAT %<\/li>\n<li>Personal identity code<\/li>\n<\/ul>\n<p>Additionally some profiling data may be stored. Profiling data may be used on target marketing and improve customer service.<\/p>[\/et_pb_text][\/et_pb_column][et_pb_column type=&#8220;1_2&#8243; _builder_version=&#8220;4.16&#8243; custom_padding=&#8220;|||&#8220; global_colors_info=&#8220;{}&#8220; custom_padding__hover=&#8220;|||&#8220;][et_pb_text admin_label=&#8220;Tietosuojaseloste&#8220; _builder_version=&#8220;4.16&#8243; background_size=&#8220;initial&#8220; background_position=&#8220;top_left&#8220; background_repeat=&#8220;repeat&#8220; custom_padding=&#8220;||4px|||&#8220; global_colors_info=&#8220;{}&#8220;]<h4>Profiling information<\/h4>\n<ul>\n<li>Private \/ company<\/li>\n<li>First visit in the area \/ contact \/ family \/ couple \/ skier \/ nature lover \/ with friends<\/li>\n<li>Season: winter \/ spring \/ summer \/ autumn<\/li>\n<li>Criteria: cross country ski \/ trekking \/ slalom ski \/ mtb \/ snowmobile \/ peace full \/ event \/<\/li>\n<\/ul>\n<h4>Information concerning the purchased product\/service<\/h4>\n<p>Part of the products or the services needs more information. Example snowmobile and husky safaris or slalom school needs following information to safely operate the activity.<\/p>\n<ul>\n<li>Size for the clothes and for the shoes<\/li>\n<li>Limitations with the food (food allergies)<\/li>\n<li>Some other personal detail which is important to notice during the safari<\/li>\n<li>Skill level<\/li>\n<\/ul>\n<h4>Information fill into the passenger card<\/h4>\n<ul>\n<li>First name, family name, address and signature<\/li>\n<li>Date of birth<\/li>\n<li>Nationality<\/li>\n<li>Passport number (except the Nordic citizens and persons who live in Finland)<\/li>\n<li>Country of the entry to Finland<\/li>\n<li>The name and the day of birth for child and others, who is accommodating in the same cabin<\/li>\n<li>The day of arrival and departure<\/li>\n<\/ul>[\/et_pb_text][\/et_pb_column][\/et_pb_row][\/et_pb_section][et_pb_section fb_built=&#8220;1&#8243; _builder_version=&#8220;4.16&#8243; background_color=&#8220;#FFFFFF&#8220; custom_padding=&#8220;30px||30px||false|false&#8220; locked=&#8220;off&#8220; global_colors_info=&#8220;{}&#8220;][et_pb_row _builder_version=&#8220;4.16&#8243; background_size=&#8220;initial&#8220; background_position=&#8220;top_left&#8220; background_repeat=&#8220;repeat&#8220; global_colors_info=&#8220;{}&#8220;][et_pb_column type=&#8220;4_4&#8243; _builder_version=&#8220;4.16&#8243; custom_padding=&#8220;|||&#8220; global_colors_info=&#8220;{}&#8220; custom_padding__hover=&#8220;|||&#8220;][et_pb_text admin_label=&#8220;Tietosuojaseloste&#8220; _builder_version=&#8220;4.16&#8243; background_size=&#8220;initial&#8220; background_position=&#8220;top_left&#8220; background_repeat=&#8220;repeat&#8220; custom_padding=&#8220;||4px|||&#8220; global_colors_info=&#8220;{}&#8220;]<h3>Regular sources of information<\/h3>\nInformation is collected from the data subject in the following situations: when register to the online shop, using the web site and when booking services\/products from the front desk of Saariselk\u00e4 Booking, by e-mail or by phone. In addition to this information may be collected from the feedback form.\n\nThe information from visitors and from the visits in the web site and the online shop will be collected automatically. Such information is IP-address, device, internet browser, operating system, language, time (date + hours), pages displayed and information from clicks. The information is collected by analytics program. This information will be used to develop internet services and customer care.\n\nThe web site uses cookies to improve the user experience.\n<h3>The data transfers obligated by the law<\/h3>\nThe personal data is disclosed with a legal obligation to the public authorities for them to do their official mission. The data in the register will not transfer to the outside of the EU or EEA.[\/et_pb_text][\/et_pb_column][\/et_pb_row][\/et_pb_section][et_pb_section fb_built=&#8220;1&#8243; _builder_version=&#8220;4.16&#8243; background_color=&#8220;#F2F2F2&#8243; custom_margin=&#8220;||0px||false|false&#8220; custom_padding=&#8220;30px||30px||false|false&#8220; locked=&#8220;off&#8220; global_colors_info=&#8220;{}&#8220;][et_pb_row _builder_version=&#8220;4.16&#8243; background_size=&#8220;initial&#8220; background_position=&#8220;top_left&#8220; background_repeat=&#8220;repeat&#8220; global_colors_info=&#8220;{}&#8220;][et_pb_column type=&#8220;4_4&#8243; _builder_version=&#8220;4.16&#8243; custom_padding=&#8220;|||&#8220; global_colors_info=&#8220;{}&#8220; custom_padding__hover=&#8220;|||&#8220;][et_pb_text admin_label=&#8220;Tietosuojaseloste&#8220; _builder_version=&#8220;4.16&#8243; background_size=&#8220;initial&#8220; background_position=&#8220;top_left&#8220; background_repeat=&#8220;repeat&#8220; custom_padding=&#8220;||4px|||&#8220; global_colors_info=&#8220;{}&#8220;]<h3>The principles for protection of the data<\/h3>\n<p>The principles of protecting the data in the register are following:<br \/>The data is used only by the employees who need the data in their work assignments. The data is stored in the database. The database is protected by firewalls and passwords as well as other technical &#8211; and virtual systems. The servers are located in the high security server rooms.<\/p>\n<p>The data controller is not responsible for information collected and stored by third parties, for example the travel agencies or internet booking-platforms, who offers Saariselk\u00e4 Booking\u2019s services\/products to his own customers. The data controller is responsible only for the data delivered directly into the Saariselk\u00e4 Booking.<\/p>[\/et_pb_text][\/et_pb_column][\/et_pb_row][\/et_pb_section][et_pb_section fb_built=&#8220;1&#8243; _builder_version=&#8220;4.16&#8243; background_color=&#8220;#FFFFFF&#8220; custom_padding=&#8220;30px||30px||false|false&#8220; locked=&#8220;off&#8220; global_colors_info=&#8220;{}&#8220;][et_pb_row _builder_version=&#8220;4.16&#8243; background_size=&#8220;initial&#8220; background_position=&#8220;top_left&#8220; background_repeat=&#8220;repeat&#8220; global_colors_info=&#8220;{}&#8220;][et_pb_column type=&#8220;4_4&#8243; _builder_version=&#8220;4.16&#8243; custom_padding=&#8220;|||&#8220; global_colors_info=&#8220;{}&#8220; custom_padding__hover=&#8220;|||&#8220;][et_pb_text admin_label=&#8220;Tietosuojaseloste&#8220; _builder_version=&#8220;4.17.1&#8243; background_size=&#8220;initial&#8220; background_position=&#8220;top_left&#8220; background_repeat=&#8220;repeat&#8220; custom_padding=&#8220;||4px|||&#8220; global_colors_info=&#8220;{}&#8220;]<h3>Right to rectification and erasure the data and \u2019right to be forgotten\u2019<\/h3>\n<p>The data subject has a right to review and amend incorrect data from\/to the register. The data subject has also a right to erasure the data from the register as known as \u2018right to be forgotten\u2019. Exception is Saariselk\u00e4 Booking\u2019s legal obligations to store the data for example data concerning accounting Act (<a href=\"https:\/\/www.finlex.fi\/fi\/laki\/ajantasa\/1997\/19971336\" target=\"_blank\" rel=\"noopener\">1997\/1336<\/a>) and passenger card forms (when customers check-in) by the law <a href=\"https:\/\/finlex.fi\/en\/laki\/kaannokset\/2006\/en20060308.pdf\" target=\"_blank\" rel=\"noopener\">2006\/308<\/a>. The request for any amendment should be made written.<\/p>\n<h3 style=\"text-align: left;\">Guidance, controlling and more information<\/h3>\n<p>The Office of the Data Protection Ombudsman (Tietosuojavaltuutettu) is the official authority in Finland in case of the data security. It provides guidance and advising as well as supervising and controlling in case of the data security. More about: <a href=\"https:\/\/tietosuoja.fi\/en\/home\" target=\"_blank\" rel=\"noopener noreferrer\">https:\/\/tietosuoja.fi\/en\/home<\/a>.<\/p>\n<p>&nbsp;<\/p>[\/et_pb_text][\/et_pb_column][\/et_pb_row][\/et_pb_section][et_pb_section fb_built=&#8220;1&#8243; _builder_version=&#8220;4.16&#8243; _module_preset=&#8220;default&#8220; background_color=&#8220;#343837&#8243; global_colors_info=&#8220;{}&#8220;][et_pb_row _builder_version=&#8220;4.16&#8243; background_enable_color=&#8220;off&#8220; background_size=&#8220;initial&#8220; background_position=&#8220;top_left&#8220; background_repeat=&#8220;repeat&#8220; global_colors_info=&#8220;{}&#8220;][et_pb_column type=&#8220;4_4&#8243; _builder_version=&#8220;4.16&#8243; custom_padding=&#8220;|||&#8220; global_colors_info=&#8220;{}&#8220; custom_padding__hover=&#8220;|||&#8220;][et_pb_text admin_label=&#8220;Ev\u00e4steet&#8220; _builder_version=&#8220;4.16&#8243; background_size=&#8220;initial&#8220; background_position=&#8220;top_left&#8220; background_repeat=&#8220;repeat&#8220; background_layout=&#8220;dark&#8220; global_colors_info=&#8220;{}&#8220;]<h2>Ev\u00e4steet<\/h2>\r\nSivustomme k\u00e4ytt\u00e4\u00e4 ev\u00e4steit\u00e4 (\u201dcookies\u201d) k\u00e4vij\u00e4liikenteen tilastointiin sek\u00e4 mahdollistamaan ja helpottamaan verkkosivujen k\u00e4ytt\u00f6\u00e4. Ev\u00e4ste on pieni tekstitiedosto, joka l\u00e4hetet\u00e4\u00e4n asiakkaan verkkoselaimelle. Tiedostoon sis\u00e4ltyy yleens\u00e4 tunnistenumero, eik\u00e4 se vahingoita p\u00e4\u00e4telaitetta. T\u00e4t\u00e4 sivustoa k\u00e4ytt\u00e4m\u00e4ll\u00e4 hyv\u00e4ksyt ev\u00e4stek\u00e4yt\u00e4nt\u00f6mme sek\u00e4 ev\u00e4steiden asentamisen tietokoneellesi tai mobiililaitteeseesi.\r\n<h3><\/h3>\r\n<h3>1. Mit\u00e4 ev\u00e4steet ovat?<\/h3>\r\nEv\u00e4ste on pieni, nimet\u00f6n k\u00e4ytt\u00e4j\u00e4kohtainen tekstitiedosto, joka tallennetaan k\u00e4ytt\u00e4j\u00e4n verkkoselaimeen. Ainoastaan ev\u00e4steen asettanut palvelin voi my\u00f6hemmin lukea ev\u00e4steen ja tunnistaa selaimen esimerkiksi silloin, kun k\u00e4ytt\u00e4j\u00e4 palaa aiemmin vierailemalleen sivustolle. Ev\u00e4steist\u00e4 ei aiheudu vahinkoa k\u00e4ytt\u00e4j\u00e4n laitteelle, eik\u00e4 ev\u00e4steiden avulla yleens\u00e4 voida tunnistaa k\u00e4ytt\u00e4j\u00e4\u00e4 henkil\u00f6kohtaisesti.\r\n\r\nEv\u00e4steet jaetaan istuntokohtaisiin ja pysyviin ev\u00e4steisiin. Istuntokohtaiset ev\u00e4steet vanhenevat, kun k\u00e4ytt\u00e4j\u00e4 lopettaa istunnon palvelussa. Pysyv\u00e4t ev\u00e4steet s\u00e4ilyv\u00e4t selaimessa niille asetetun ajan tai kunnes k\u00e4ytt\u00e4j\u00e4 poistaa ne.\r\n\r\n&nbsp;\r\n<h3>2. Miksi ev\u00e4steit\u00e4 k\u00e4ytet\u00e4\u00e4n?<\/h3>\r\nEv\u00e4steill\u00e4 voi tehd\u00e4 sivustosta helpomman k\u00e4ytt\u00e4\u00e4. Ne mahdollistavat erilaisia toimintoja, kuten istunnon muistamisen, k\u00e4ytt\u00e4j\u00e4kohtaisen personoinnin, tunnistautumisen, kielivalinnan sek\u00e4 mainonnan kohdentamisen. Ev\u00e4steiden avulla pystyy esimerkiksi tunnistamaan k\u00e4ytt\u00e4j\u00e4n laitteet sek\u00e4 mukauttamaan mahdollisia mainoksia. Kun tulet sivustolle uudelleen, ev\u00e4steet tunnistavat tietokoneesi. Ne muistavat, mit\u00e4 valintoja aiemmalla k\u00e4ynnill\u00e4si teit ja mahdollistavat mukavamman k\u00e4ytt\u00f6kokemuksen.\r\n\r\n&nbsp;\r\n<h3>3. Mit\u00e4 ev\u00e4steit\u00e4 k\u00e4ytet\u00e4\u00e4n?<\/h3>\r\nJotkin ev\u00e4steet ovat v\u00e4ltt\u00e4m\u00e4tt\u00f6mi\u00e4, jotta sivusto toimii oikein. N\u00e4m\u00e4 ev\u00e4steet eiv\u00e4t muista k\u00e4ytt\u00e4j\u00e4n valitsemia sivustoja eiv\u00e4tk\u00e4 ker\u00e4\u00e4 tietoja, joita voitaisiin hy\u00f6dynt\u00e4\u00e4 markkinoinnissa.\r\n\r\nSuorituskyky\u00e4 mittaavat ev\u00e4steet ker\u00e4\u00e4v\u00e4t anonyymi\u00e4 tietoa siit\u00e4, miten k\u00e4vij\u00e4t k\u00e4ytt\u00e4v\u00e4t verkkosivujamme. T\u00e4m\u00e4n tyyppist\u00e4 tietoa ovat esimerkiksi eniten k\u00e4ytetyt sivut ja mahdolliset virheviestit. Ne eiv\u00e4t ker\u00e4\u00e4 k\u00e4ytt\u00e4jist\u00e4 tunnistettavia tietoja, vaan niit\u00e4 k\u00e4ytet\u00e4\u00e4n ainoastaan verkkosivujen toimivuuden parantamiseen.\r\n\r\nVerkkosivuilla olevat kolmansien osapuolten liit\u00e4nn\u00e4ispalvelut, kuten esimerkiksi mainokset, YouTube-videot, Google-tilastointi tai Facebook-liit\u00e4nn\u00e4iset voivat tallentaa k\u00e4ytt\u00e4j\u00e4n tunnistamiseen k\u00e4ytett\u00e4v\u00e4\u00e4 tietoa, johon emme voi vaikuttaa. Jos haluat est\u00e4\u00e4 niit\u00e4 seuraamasta liikkumistasi verkossa, voit kytke\u00e4 niin sanotut kolmannen osapuolen ev\u00e4steet pois k\u00e4yt\u00f6st\u00e4 verkkoselaimesi asetuksista. Lis\u00e4tietoa asetuksista l\u00f6yd\u00e4t verkkoselaimesi ohjesivulta.\r\n\r\nVerkkosivuillamme voi olla my\u00f6s painikkeita, jotka helpottavat sis\u00e4ll\u00f6n jakamista sosiaaliseen mediaan ja eri verkkoviestint\u00e4ymp\u00e4rist\u00f6ihin. Jos k\u00e4yt\u00e4t n\u00e4it\u00e4 painikkeita, valitsemasi palvelu voi asettaa ev\u00e4steen p\u00e4\u00e4telaitteellesi. N\u00e4m\u00e4 ev\u00e4steet eiv\u00e4t ole hallinnassamme. Lis\u00e4tietoja kolmannen osapuolen ev\u00e4steiden k\u00e4yt\u00f6st\u00e4 saat kyseisen organisaation verkkosivulta.\r\n\r\n&nbsp;\r\n<h3>4. Ev\u00e4steiden hallinta<\/h3>\r\nVerkkoselaimesi ev\u00e4steasetuksista p\u00e4\u00e4set hallitsemaan ev\u00e4steit\u00e4 ja halutessasi est\u00e4m\u00e4\u00e4n niiden k\u00e4yt\u00f6n. Voit asettaa selaimesi l\u00e4hett\u00e4m\u00e4\u00e4n ilmoituksen, kun ev\u00e4steit\u00e4 ollaan l\u00e4hett\u00e4m\u00e4ss\u00e4 tietokoneellesi. Ev\u00e4steiden est\u00e4minen voi vaikuttaa sivuston tai sen osien toimintaan.\r\n\r\n&nbsp;\r\n<h3>Lista t\u00e4m\u00e4n sivuston k\u00e4ytt\u00e4mist\u00e4 ev\u00e4steist\u00e4<\/h3>\r\nWillalumia.com k\u00e4ytt\u00e4\u00e4 ev\u00e4steit\u00e4 sivuston ja palvelujen tarjoamiseksi ja kehitt\u00e4miseksi sek\u00e4 sis\u00e4lt\u00f6jen ja viestinn\u00e4n kohdentamiseksi. Edell\u00e4 mainitut ev\u00e4stek\u00e4ynt\u00e4nt\u00f6tiedot kuvaavat, miten sivusto k\u00e4ytt\u00e4\u00e4 ev\u00e4steit\u00e4, sosiaalisia laajennuksia ja analytiikkaa sek\u00e4 hy\u00f6dynt\u00e4\u00e4 tietoja.\r\n\r\nSeuraavassa on lueteltu yritys.fi:in asiakasanalyysin ja sis\u00e4lt\u00f6suosittelun tukena k\u00e4ytt\u00e4m\u00e4t mittaus- ja tutkimusteknologiat, sek\u00e4 niiden selaimelle kirjoittamat ev\u00e4steet:\r\n\r\n&nbsp;\r\n<h4><strong>Suorituskykyyn ja k\u00e4ytt\u00f6kokemukseen liittyv\u00e4t ev\u00e4steet<\/strong><\/h4>\r\nCloudflare (ensimm\u00e4isen osapuolen ev\u00e4steet)\r\n\r\n&nbsp;\r\n<h4><strong>Kohdennusev\u00e4steet<\/strong><\/h4>\r\nGoogle Analytics (ensimm\u00e4isen osapuolen ev\u00e4steet)\r\nYouTube (kolmannen osapuolen ev\u00e4steet)\r\n\r\n\r[\/et_pb_text][\/et_pb_column][\/et_pb_row][\/et_pb_section]<!-- \/wp:post-content -->","protected":false},"excerpt":{"rendered":"<p>Saariselk\u00e4 Booking Ltd, Privacy policy and statementThis is Saariselk\u00e4 Booking\u2019s (Saarisel\u00e4n Keskusvaraamo Ltd) Privacy policy and statement -document according to Personal Data Act (1050), and General Data Protection Regulation (GDPR). The Privacy policy and statement -document includes information about processing of the personal data and about the rights of the data subject (the person whose [&hellip;]<\/p>\n","protected":false},"author":3,"featured_media":0,"parent":10696,"menu_order":0,"comment_status":"closed","ping_status":"closed","template":"","meta":{"_et_pb_use_builder":"on","_et_pb_old_content":"","_et_gb_content_width":"","footnotes":""},"class_list":["post-10717","page","type-page","status-publish","hentry"],"_links":{"self":[{"href":"https:\/\/saariselka.com\/de\/wp-json\/wp\/v2\/pages\/10717","targetHints":{"allow":["GET"]}}],"collection":[{"href":"https:\/\/saariselka.com\/de\/wp-json\/wp\/v2\/pages"}],"about":[{"href":"https:\/\/saariselka.com\/de\/wp-json\/wp\/v2\/types\/page"}],"author":[{"embeddable":true,"href":"https:\/\/saariselka.com\/de\/wp-json\/wp\/v2\/users\/3"}],"replies":[{"embeddable":true,"href":"https:\/\/saariselka.com\/de\/wp-json\/wp\/v2\/comments?post=10717"}],"version-history":[{"count":15,"href":"https:\/\/saariselka.com\/de\/wp-json\/wp\/v2\/pages\/10717\/revisions"}],"predecessor-version":[{"id":19062,"href":"https:\/\/saariselka.com\/de\/wp-json\/wp\/v2\/pages\/10717\/revisions\/19062"}],"up":[{"embeddable":true,"href":"https:\/\/saariselka.com\/de\/wp-json\/wp\/v2\/pages\/10696"}],"wp:attachment":[{"href":"https:\/\/saariselka.com\/de\/wp-json\/wp\/v2\/media?parent=10717"}],"curies":[{"name":"wp","href":"https:\/\/api.w.org\/{rel}","templated":true}]}}