{"id":10689,"date":"2022-01-11T13:52:37","date_gmt":"2022-01-11T11:52:37","guid":{"rendered":"https:\/\/saariselka.com\/?page_id=10689"},"modified":"2023-06-12T12:43:28","modified_gmt":"2023-06-12T09:43:28","slug":"info","status":"publish","type":"page","link":"https:\/\/saariselka.com\/de\/info\/","title":{"rendered":"Info"},"content":{"rendered":"<p>[et_pb_section fb_built=&#8220;1&#8243; _builder_version=&#8220;4.16&#8243; _module_preset=&#8220;default&#8220; background_color=&#8220;rgba(52,56,55,0.2)&#8220; background_image=&#8220;https:\/\/saariselka.com\/wp-content\/uploads\/2021\/10\/Saariselan-keskusvaraamo_revontulet_1.jpg&#8220; background_position=&#8220;top_center&#8220; background_blend=&#8220;overlay&#8220; custom_padding=&#8220;199px||199px||true|false&#8220; saved_tabs=&#8220;all&#8220; locked=&#8220;off&#8220; global_colors_info=&#8220;{}&#8220;][et_pb_row _builder_version=&#8220;4.16&#8243; _module_preset=&#8220;default&#8220; global_colors_info=&#8220;{}&#8220;][et_pb_column type=&#8220;4_4&#8243; _builder_version=&#8220;4.16&#8243; _module_preset=&#8220;default&#8220; global_colors_info=&#8220;{}&#8220;][et_pb_text _builder_version=&#8220;4.16&#8243; _dynamic_attributes=&#8220;content&#8220; _module_preset=&#8220;default&#8220; text_orientation=&#8220;center&#8220; background_layout=&#8220;dark&#8220; custom_margin=&#8220;0px||0px||true|false&#8220; custom_padding=&#8220;||||true|false&#8220; global_colors_info=&#8220;{}&#8220;]@ET-DC@eyJkeW5hbWljIjp0cnVlLCJjb250ZW50IjoicG9zdF90aXRsZSIsInNldHRpbmdzIjp7ImJlZm9yZSI6IjxoMT4iLCJhZnRlciI6IjwvaDE+In19@[\/et_pb_text][\/et_pb_column][\/et_pb_row][\/et_pb_section][et_pb_section fb_built=&#8220;1&#8243; _builder_version=&#8220;4.16&#8243; _module_preset=&#8220;default&#8220; global_colors_info=&#8220;{}&#8220;][et_pb_row _builder_version=&#8220;4.16&#8243; _module_preset=&#8220;default&#8220; global_colors_info=&#8220;{}&#8220;][et_pb_column type=&#8220;4_4&#8243; _builder_version=&#8220;4.16&#8243; _module_preset=&#8220;default&#8220; global_colors_info=&#8220;{}&#8220;][et_pb_text _builder_version=&#8220;4.16&#8243; _module_preset=&#8220;default&#8220; text_orientation=&#8220;center&#8220; global_colors_info=&#8220;{}&#8220;]<\/p>\n<h2 style=\"text-align: center;\">Willkommen zu Saariselk\u00e4<\/h2>\n<p>[\/et_pb_text][et_pb_text _builder_version=&#8220;4.16&#8243; _module_preset=&#8220;default&#8220; text_orientation=&#8220;center&#8220; global_colors_info=&#8220;{}&#8220;]<\/p>\n<p>Die n\u00f6rdliche Region ist sozusagen unser Garten. Unser Urlaubs- und Reiseshop bietet einen umfassenden Service im n\u00f6rdlichsten Resort in Finnland an. Unser Angebot besteht aus einer Vielfalt von Unterk\u00fcnften, Aktivit\u00e4ten, Transfers und Catering in Saariselk\u00e4 und Nordlappland f\u00fcr Unternehmen und Privatpersonen gleicherma\u00dfen.<\/p>\n<p>Wir bieten Ihnen individuelle Alternativen f\u00fcr Ihren Urlaub, Freizeitbesch\u00e4ftigung, Erholung und Entspannung, auf einer Hompage und einem Holidayshop. Wir \u00f6ffnen Ihnen zu T\u00fcren in Nordlappland!<\/p>\n<p>[\/et_pb_text][\/et_pb_column][\/et_pb_row][\/et_pb_section][et_pb_section fb_built=&#8220;1&#8243; _builder_version=&#8220;4.16&#8243; _module_preset=&#8220;default&#8220; custom_padding=&#8220;0px||0px||false|false&#8220; locked=&#8220;off&#8220; global_colors_info=&#8220;{}&#8220;][et_pb_row column_structure=&#8220;1_2,1_2&#8243; use_custom_gutter=&#8220;on&#8220; gutter_width=&#8220;1&#8243; make_equal=&#8220;on&#8220; _builder_version=&#8220;4.16&#8243; _module_preset=&#8220;default&#8220; width=&#8220;100%&#8220; max_width=&#8220;100%&#8220; custom_padding=&#8220;0px||0px||false|false&#8220; global_colors_info=&#8220;{}&#8220;][et_pb_column type=&#8220;1_2&#8243; _builder_version=&#8220;4.16&#8243; _module_preset=&#8220;default&#8220; background_enable_color=&#8220;off&#8220; background_image=&#8220;https:\/\/saariselka.com\/wp-content\/uploads\/2021\/08\/117636367_3139705246065406_6471040818552228421_n-1024&#215;672.jpeg&#8220; custom_padding=&#8220;160px||160px||true|false&#8220; global_colors_info=&#8220;{}&#8220;][et_pb_divider show_divider=&#8220;off&#8220; _builder_version=&#8220;4.16&#8243; _module_preset=&#8220;default&#8220; global_colors_info=&#8220;{}&#8220;][\/et_pb_divider][\/et_pb_column][et_pb_column type=&#8220;1_2&#8243; _builder_version=&#8220;4.16&#8243; _module_preset=&#8220;default&#8220; background_color=&#8220;#343837&#8243; custom_padding=&#8220;130px|8%|130px|8%|true|true&#8220; global_colors_info=&#8220;{}&#8220;][et_pb_button button_url=&#8220;https:\/\/saariselka.com\/de\/info\/about-us\/&#8220; button_text=&#8220;Unternehmen&#8220; _builder_version=&#8220;4.21.0&#8243; _module_preset=&#8220;default&#8220; custom_margin=&#8220;10px||10px||false|false&#8220; hover_enabled=&#8220;0&#8243; global_colors_info=&#8220;{}&#8220; sticky_enabled=&#8220;0&#8243;][\/et_pb_button][et_pb_button button_url=&#8220;https:\/\/saariselka.com\/de\/info\/about-area\/&#8220; button_text=&#8220;\u00dcber die Region&#8220; _builder_version=&#8220;4.21.0&#8243; _module_preset=&#8220;default&#8220; custom_margin=&#8220;10px||10px||false|false&#8220; hover_enabled=&#8220;0&#8243; global_colors_info=&#8220;{}&#8220; sticky_enabled=&#8220;0&#8243;][\/et_pb_button][et_pb_button button_url=&#8220;https:\/\/saariselka.com\/de\/info\/activity-enthusiasts\/&#8220; button_text=&#8220;Natursport Enthusiasten&#8220; _builder_version=&#8220;4.21.0&#8243; _module_preset=&#8220;default&#8220; custom_margin=&#8220;10px||10px||false|false&#8220; hover_enabled=&#8220;0&#8243; global_colors_info=&#8220;{}&#8220; sticky_enabled=&#8220;0&#8243;][\/et_pb_button][\/et_pb_column][\/et_pb_row][\/et_pb_section]<\/p>\n","protected":false},"excerpt":{"rendered":"<p>Willkommen zu Saariselk\u00e4Die n\u00f6rdliche Region ist sozusagen unser Garten. Unser Urlaubs- und Reiseshop bietet einen umfassenden Service im n\u00f6rdlichsten Resort in Finnland an. Unser Angebot besteht aus einer Vielfalt von Unterk\u00fcnften, Aktivit\u00e4ten, Transfers und Catering in Saariselk\u00e4 und Nordlappland f\u00fcr Unternehmen und Privatpersonen gleicherma\u00dfen. Wir bieten Ihnen individuelle Alternativen f\u00fcr Ihren Urlaub, Freizeitbesch\u00e4ftigung, Erholung und [&hellip;]<\/p>\n","protected":false},"author":3,"featured_media":0,"parent":0,"menu_order":0,"comment_status":"closed","ping_status":"closed","template":"","meta":{"_et_pb_use_builder":"on","_et_pb_old_content":"","_et_gb_content_width":"","footnotes":""},"class_list":["post-10689","page","type-page","status-publish","hentry"],"_links":{"self":[{"href":"https:\/\/saariselka.com\/de\/wp-json\/wp\/v2\/pages\/10689","targetHints":{"allow":["GET"]}}],"collection":[{"href":"https:\/\/saariselka.com\/de\/wp-json\/wp\/v2\/pages"}],"about":[{"href":"https:\/\/saariselka.com\/de\/wp-json\/wp\/v2\/types\/page"}],"author":[{"embeddable":true,"href":"https:\/\/saariselka.com\/de\/wp-json\/wp\/v2\/users\/3"}],"replies":[{"embeddable":true,"href":"https:\/\/saariselka.com\/de\/wp-json\/wp\/v2\/comments?post=10689"}],"version-history":[{"count":15,"href":"https:\/\/saariselka.com\/de\/wp-json\/wp\/v2\/pages\/10689\/revisions"}],"predecessor-version":[{"id":19193,"href":"https:\/\/saariselka.com\/de\/wp-json\/wp\/v2\/pages\/10689\/revisions\/19193"}],"wp:attachment":[{"href":"https:\/\/saariselka.com\/de\/wp-json\/wp\/v2\/media?parent=10689"}],"curies":[{"name":"wp","href":"https:\/\/api.w.org\/{rel}","templated":true}]}}