{"id":10683,"date":"2022-01-11T13:51:44","date_gmt":"2022-01-11T11:51:44","guid":{"rendered":"https:\/\/saariselka.com\/?page_id=10683"},"modified":"2023-06-12T11:31:12","modified_gmt":"2023-06-12T08:31:12","slug":"home","status":"publish","type":"page","link":"https:\/\/saariselka.com\/de\/","title":{"rendered":"Home"},"content":{"rendered":"<p>[et_pb_section fb_built=&#8220;1&#8243; _builder_version=&#8220;4.21.0&#8243; _module_preset=&#8220;default&#8220; background_image=&#8220;https:\/\/saariselka.com\/wp-content\/uploads\/2023\/05\/Header_talvi.jpg&#8220; custom_padding=&#8220;100px||160px||false|false&#8220; locked=&#8220;off&#8220; global_colors_info=&#8220;{}&#8220;][et_pb_row column_structure=&#8220;1_2,1_2&#8243; _builder_version=&#8220;4.16&#8243; _module_preset=&#8220;default&#8220; global_colors_info=&#8220;{}&#8220;][et_pb_column type=&#8220;1_2&#8243; _builder_version=&#8220;4.16&#8243; _module_preset=&#8220;default&#8220; global_colors_info=&#8220;{}&#8220;][et_pb_text _builder_version=&#8220;4.21.0&#8243; _module_preset=&#8220;default&#8220; text_font=&#8220;|700|||||||&#8220; text_font_size=&#8220;20px&#8220; header_font=&#8220;||||||||&#8220; header_text_align=&#8220;center&#8220; text_orientation=&#8220;center&#8220; background_layout=&#8220;dark&#8220; header_font_size_tablet=&#8220;40px&#8220; header_font_size_last_edited=&#8220;off|desktop&#8220; header_text_shadow_style=&#8220;preset3&#8243; header_text_shadow_blur_strength=&#8220;1.44em&#8220; header_text_shadow_color=&#8220;rgba(0,0,43,0.4)&#8220; global_colors_info=&#8220;{}&#8220; header_font_size__hover_enabled=&#8220;off|desktop&#8220;]<\/p>\n<h1>Aktivit\u00e4ten<\/h1>\n<p>Lapponia Tours bietet die Erlebnisse f\u00fcr Ihren Urlaub in Saariselk\u00e4<\/p>\n<p>[\/et_pb_text][et_pb_button button_url=&#8220;https:\/\/fareharbor.com\/embeds\/book\/saariselkabooking\/?full-items=yes&#8220; button_text=&#8220;B\u00fcchen Sie Aktivit\u00e4ten&#8220; button_alignment=&#8220;center&#8220; _builder_version=&#8220;4.21.0&#8243; _module_preset=&#8220;default&#8220; box_shadow_style=&#8220;preset1&#8243; global_colors_info=&#8220;{}&#8220;][\/et_pb_button][\/et_pb_column][et_pb_column type=&#8220;1_2&#8243; _builder_version=&#8220;4.16&#8243; _module_preset=&#8220;default&#8220; global_colors_info=&#8220;{}&#8220;][et_pb_text _builder_version=&#8220;4.21.0&#8243; _module_preset=&#8220;default&#8220; text_font=&#8220;|700|||||||&#8220; text_font_size=&#8220;20px&#8220; header_font=&#8220;||||||||&#8220; header_text_align=&#8220;center&#8220; text_orientation=&#8220;center&#8220; background_layout=&#8220;dark&#8220; header_font_size_tablet=&#8220;40px&#8220; header_font_size_last_edited=&#8220;off|desktop&#8220; header_text_shadow_style=&#8220;preset3&#8243; header_text_shadow_blur_strength=&#8220;1.44em&#8220; header_text_shadow_color=&#8220;rgba(0,0,43,0.4)&#8220; global_colors_info=&#8220;{}&#8220; header_font_size__hover_enabled=&#8220;off|desktop&#8220;]<\/p>\n<h1>Ferienh\u00e4user<\/h1>\n<p>W\u00e4hlen Sie die beste Unterkunft in Saariselk\u00e4 aus Lomarengas<\/p>\n<p>[\/et_pb_text][et_pb_button button_url=&#8220;https:\/\/www.lomarengas.fi\/en\/cottage-search\/lappi\/ski-resort\/saariselka?utm_source=saariselkacom_fi&#038;utm_medium=organic&#8220; button_text=&#8220;B\u00fcchen Sie Unterkunft&#8220; button_alignment=&#8220;center&#8220; _builder_version=&#8220;4.21.0&#8243; _module_preset=&#8220;default&#8220; box_shadow_style=&#8220;preset1&#8243; global_colors_info=&#8220;{}&#8220;][\/et_pb_button][\/et_pb_column][\/et_pb_row][\/et_pb_section][et_pb_section fb_built=&#8220;1&#8243; _builder_version=&#8220;4.20.4&#8243; _module_preset=&#8220;default&#8220; background_color=&#8220;#768d93&#8243; height=&#8220;51px&#8220; custom_margin=&#8220;0px||0px||false|false&#8220; custom_padding=&#8220;0px||0px||true|false&#8220; box_shadow_style=&#8220;preset6&#8243; locked=&#8220;off&#8220; global_colors_info=&#8220;{}&#8220;][et_pb_row column_structure=&#8220;1_2,1_2&#8243; _builder_version=&#8220;4.20.4&#8243; _module_preset=&#8220;default&#8220; custom_padding=&#8220;13px||13px||true|false&#8220; global_colors_info=&#8220;{}&#8220;][et_pb_column type=&#8220;1_2&#8243; _builder_version=&#8220;4.16&#8243; _module_preset=&#8220;default&#8220; global_colors_info=&#8220;{}&#8220;][et_pb_text _builder_version=&#8220;4.21.0&#8243; _module_preset=&#8220;default&#8220; text_font=&#8220;|||on|||||&#8220; text_orientation=&#8220;center&#8220; background_layout=&#8220;dark&#8220; global_colors_info=&#8220;{}&#8220;][\/et_pb_text][\/et_pb_column][et_pb_column type=&#8220;1_2&#8243; _builder_version=&#8220;4.16&#8243; _module_preset=&#8220;default&#8220; global_colors_info=&#8220;{}&#8220;][et_pb_text _builder_version=&#8220;4.21.0&#8243; _module_preset=&#8220;default&#8220; text_font=&#8220;|700||on|||||&#8220; text_orientation=&#8220;center&#8220; background_layout=&#8220;dark&#8220; global_colors_info=&#8220;{}&#8220;][\/et_pb_text][\/et_pb_column][\/et_pb_row][\/et_pb_section][et_pb_section fb_built=&#8220;1&#8243; _builder_version=&#8220;4.16&#8243; _module_preset=&#8220;default&#8220; custom_margin=&#8220;3px||||false|false&#8220; custom_padding=&#8220;17px||43px||false|false&#8220; locked=&#8220;off&#8220; global_colors_info=&#8220;{}&#8220;][et_pb_row column_structure=&#8220;1_3,1_3,1_3&#8243; _builder_version=&#8220;4.16&#8243; _module_preset=&#8220;default&#8220; locked=&#8220;off&#8220; global_colors_info=&#8220;{}&#8220;][et_pb_column type=&#8220;1_3&#8243; _builder_version=&#8220;4.16&#8243; _module_preset=&#8220;default&#8220; global_colors_info=&#8220;{}&#8220;][et_pb_image src=&#8220;https:\/\/saariselka.com\/wp-content\/uploads\/2023\/05\/Aktiviteetit_frontpageDE.jpg&#8220; title_text=&#8220;Aktiviteetit_frontpageDE&#8220; url=&#8220;https:\/\/fareharbor.com\/embeds\/book\/saariselkabooking\/?full-items=yes&#8220; _builder_version=&#8220;4.21.0&#8243; _module_preset=&#8220;default&#8220; global_colors_info=&#8220;{}&#8220;][\/et_pb_image][\/et_pb_column][et_pb_column type=&#8220;1_3&#8243; _builder_version=&#8220;4.16&#8243; _module_preset=&#8220;default&#8220; global_colors_info=&#8220;{}&#8220;][et_pb_image src=&#8220;https:\/\/saariselka.com\/wp-content\/uploads\/2023\/05\/Lomarengas_frontpage.jpg&#8220; title_text=&#8220;Lomarengas_frontpage&#8220; url=&#8220;https:\/\/www.lomarengas.fi\/en\/cottage-search\/lappi\/ski-resort\/saariselka?utm_source=saariselkacom_fi&#038;utm_medium=organic&#8220; _builder_version=&#8220;4.21.0&#8243; _module_preset=&#8220;default&#8220; global_colors_info=&#8220;{}&#8220;][\/et_pb_image][\/et_pb_column][et_pb_column type=&#8220;1_3&#8243; _builder_version=&#8220;4.16&#8243; _module_preset=&#8220;default&#8220; global_colors_info=&#8220;{}&#8220;][et_pb_image src=&#8220;https:\/\/saariselka.com\/wp-content\/uploads\/2023\/05\/Valinevuokraus_frontpageDE.jpg&#8220; title_text=&#8220;Valinevuokraus_frontpageDE&#8220; url=&#8220;https:\/\/fareharbor.com\/embeds\/book\/saariselkabooking\/?full-items=yes&#038;flow=960515&#8243; _builder_version=&#8220;4.21.0&#8243; _module_preset=&#8220;default&#8220; global_colors_info=&#8220;{}&#8220;][\/et_pb_image][\/et_pb_column][\/et_pb_row][\/et_pb_section][et_pb_section fb_built=&#8220;1&#8243; _builder_version=&#8220;4.16&#8243; _module_preset=&#8220;default&#8220; custom_margin=&#8220;||||false|false&#8220; custom_padding=&#8220;0px||||false|false&#8220; locked=&#8220;off&#8220; global_colors_info=&#8220;{}&#8220;][et_pb_row _builder_version=&#8220;4.20.4&#8243; _module_preset=&#8220;default&#8220; background_color=&#8220;#343837&#8243; custom_padding=&#8220;30px||30px||true|false&#8220; global_colors_info=&#8220;{}&#8220;][et_pb_column type=&#8220;4_4&#8243; _builder_version=&#8220;4.20.4&#8243; _module_preset=&#8220;default&#8220; background_color=&#8220;RGBA(255,255,255,0)&#8220; global_colors_info=&#8220;{}&#8220;][et_pb_text _builder_version=&#8220;4.21.0&#8243; _module_preset=&#8220;default&#8220; text_orientation=&#8220;center&#8220; background_layout=&#8220;dark&#8220; custom_margin=&#8220;||10px||false|false&#8220; custom_padding=&#8220;||||false|false&#8220; global_colors_info=&#8220;{}&#8220;]<\/p>\n<h2>Ausr\u00fcstung zum Mieten<\/h2>\n<p>[\/et_pb_text][et_pb_button button_url=&#8220;https:\/\/fareharbor.com\/embeds\/book\/saariselkabooking\/?full-items=yes&#038;flow=960515&#8243; button_text=&#8220;Online&#8220; button_alignment=&#8220;center&#8220; _builder_version=&#8220;4.21.0&#8243; _module_preset=&#8220;default&#8220; box_shadow_style=&#8220;preset6&#8243; global_colors_info=&#8220;{}&#8220;][\/et_pb_button][\/et_pb_column][\/et_pb_row][\/et_pb_section][et_pb_section fb_built=&#8220;1&#8243; _builder_version=&#8220;4.16&#8243; _module_preset=&#8220;default&#8220; background_enable_color=&#8220;off&#8220; background_enable_image=&#8220;off&#8220; custom_padding=&#8220;0px||0px||true|false&#8220; global_colors_info=&#8220;{}&#8220;][et_pb_row column_structure=&#8220;1_2,1_2&#8243; use_custom_gutter=&#8220;on&#8220; gutter_width=&#8220;1&#8243; make_equal=&#8220;on&#8220; _builder_version=&#8220;4.16&#8243; _module_preset=&#8220;default&#8220; background_enable_color=&#8220;off&#8220; width=&#8220;100%&#8220; max_width=&#8220;100%&#8220; custom_padding=&#8220;0px||0px||true|false&#8220; global_colors_info=&#8220;{}&#8220;][et_pb_column type=&#8220;1_2&#8243; _builder_version=&#8220;4.16&#8243; _module_preset=&#8220;default&#8220; background_color=&#8220;rgba(52,56,55,0.5)&#8220; background_image=&#8220;https:\/\/saariselka.com\/wp-content\/uploads\/2022\/01\/harrastaja_lumikenkaily.jpg&#8220; background_blend=&#8220;overlay&#8220; custom_padding=&#8220;160px|100px|160px|100px|true|true&#8220; global_colors_info=&#8220;{}&#8220;][et_pb_text _builder_version=&#8220;4.16&#8243; _module_preset=&#8220;default&#8220; text_font=&#8220;|600|||||||&#8220; text_font_size=&#8220;20px&#8220; text_line_height=&#8220;26px&#8220; header_3_font_size=&#8220;32px&#8220; text_orientation=&#8220;center&#8220; background_layout=&#8220;dark&#8220; global_colors_info=&#8220;{}&#8220;]<\/p>\n<h3>Natursport Enthusiasts<\/h3>\n<p>Seite hat Informationen f\u00fcr Natursport Enthusiasten, besonders f\u00fcr Skilanflaufen,<\/p>\n<p>[\/et_pb_text][et_pb_button button_url=&#8220;\/de\/info\/activity-enthusiasts\/&#8220; button_text=&#8220;Sport zum Kennenlernen&#8220; button_alignment=&#8220;center&#8220; _builder_version=&#8220;4.16&#8243; _module_preset=&#8220;default&#8220; custom_margin=&#8220;30px||||false|false&#8220; global_colors_info=&#8220;{}&#8220;][\/et_pb_button][\/et_pb_column][et_pb_column type=&#8220;1_2&#8243; _builder_version=&#8220;4.16&#8243; _module_preset=&#8220;default&#8220; background_color=&#8220;rgba(52,56,55,0.5)&#8220; background_image=&#8220;https:\/\/saariselka.com\/wp-content\/uploads\/2021\/08\/117636367_3139705246065406_6471040818552228421_n.jpeg&#8220; background_blend=&#8220;overlay&#8220; custom_padding=&#8220;160px|100px|160px|100px|true|true&#8220; global_colors_info=&#8220;{}&#8220;][et_pb_text _builder_version=&#8220;4.17.1&#8243; _module_preset=&#8220;default&#8220; text_font=&#8220;|600|||||||&#8220; text_font_size=&#8220;20px&#8220; text_line_height=&#8220;26px&#8220; header_3_font_size=&#8220;32px&#8220; text_orientation=&#8220;center&#8220; background_layout=&#8220;dark&#8220; global_colors_info=&#8220;{}&#8220;]<\/p>\n<h3>Programme und Aktivit\u00e4ten<\/h3>\n<p>Buchen Sie t\u00e4gliche Safaris und Ausfl\u00fcge von hier<\/p>\n<p style=\"text-align: center;\"><a href=\"https:\/\/lapponiatours.com\/de\/activities\/\" target=\"_blank\" rel=\"noopener\"><img loading=\"lazy\" decoding=\"async\" src=\"https:\/\/saariselka.com\/wp-content\/uploads\/2021\/08\/Lapponia-Tours_Logo_Valk_300px.png\" alt=\"\" class=\"wp-image-8297 aligncenter size-full\" width=\"176\" height=\"144\" \/><\/a><\/p>\n<p>[\/et_pb_text][et_pb_button button_url=&#8220;https:\/\/fareharbor.com\/embeds\/book\/saariselkabooking\/?full-items=yes&#038;flow=64573&#8243; button_text=&#8220;Buchen Safaris und Aktivit\u00e4ten&#8220; button_alignment=&#8220;center&#8220; _builder_version=&#8220;4.21.0&#8243; _module_preset=&#8220;default&#8220; custom_margin=&#8220;30px||||false|false&#8220; custom_padding=&#8220;||||false|false&#8220; global_colors_info=&#8220;{}&#8220;][\/et_pb_button][\/et_pb_column][\/et_pb_row][\/et_pb_section][et_pb_section fb_built=&#8220;1&#8243; _builder_version=&#8220;4.16&#8243; _module_preset=&#8220;default&#8220; background_enable_color=&#8220;off&#8220; background_image=&#8220;https:\/\/saariselka.com\/wp-content\/uploads\/2022\/01\/taustakuva-vaalea_taivas-yleis_1900x.jpg&#8220; background_position=&#8220;top_center&#8220; custom_padding=&#8220;30px|||||&#8220; locked=&#8220;off&#8220; global_colors_info=&#8220;{}&#8220;][et_pb_row _builder_version=&#8220;4.16&#8243; _module_preset=&#8220;default&#8220; custom_padding=&#8220;17px|||||&#8220; global_colors_info=&#8220;{}&#8220;][et_pb_column type=&#8220;4_4&#8243; _builder_version=&#8220;4.16&#8243; _module_preset=&#8220;default&#8220; global_colors_info=&#8220;{}&#8220;][et_pb_text _builder_version=&#8220;4.19.4&#8243; _module_preset=&#8220;default&#8220; text_font=&#8220;|600|||||||&#8220; text_font_size=&#8220;18px&#8220; text_line_height=&#8220;26px&#8220; text_orientation=&#8220;center&#8220; background_layout=&#8220;dark&#8220; global_colors_info=&#8220;{}&#8220;]<\/p>\n<h2>Lapponia Tours Online<\/h2>\n<p>Buchen Sie Aktivit\u00e4ten f\u00fcr ein perfektes Urlaubserlebnis<\/p>\n<p>[\/et_pb_text][\/et_pb_column][\/et_pb_row][et_pb_row _builder_version=&#8220;4.16&#8243; _module_preset=&#8220;default&#8220; locked=&#8220;off&#8220; global_colors_info=&#8220;{}&#8220;][et_pb_column type=&#8220;4_4&#8243; _builder_version=&#8220;4.16&#8243; _module_preset=&#8220;default&#8220; global_colors_info=&#8220;{}&#8220;][et_pb_code _builder_version=&#8220;4.21.0&#8243; _module_preset=&#8220;default&#8220; global_colors_info=&#8220;{}&#8220;]<iframe loading=\"lazy\" frameborder=\"0\" src=\"https:\/\/fareharbor.com\/embeds\/book\/saariselkabooking\/?full-items=yes\" name=\"1630671430584\" class=\"cboxIframe\" allowfullscreen=\"true\" width=\"100%\" height=\"1200\"><\/iframe>[\/et_pb_code][\/et_pb_column][\/et_pb_row][\/et_pb_section][et_pb_section fb_built=&#8220;1&#8243; _builder_version=&#8220;4.16&#8243; _module_preset=&#8220;default&#8220; background_color=&#8220;#F4F4F4&#8243; locked=&#8220;off&#8220; global_colors_info=&#8220;{}&#8220;][et_pb_row _builder_version=&#8220;4.16&#8243; _module_preset=&#8220;default&#8220; global_colors_info=&#8220;{}&#8220;][et_pb_column type=&#8220;4_4&#8243; _builder_version=&#8220;4.16&#8243; _module_preset=&#8220;default&#8220; global_colors_info=&#8220;{}&#8220;][et_pb_text _builder_version=&#8220;4.16&#8243; _module_preset=&#8220;default&#8220; header_4_text_color=&#8220;#1552F0&#8243; text_orientation=&#8220;center&#8220; global_colors_info=&#8220;{}&#8220;]<\/p>\n<h3>Wetter Ivalo<\/h3>\n<p>[\/et_pb_text][et_pb_code _builder_version=&#8220;4.16&#8243; _module_preset=&#8220;default&#8220; text_orientation=&#8220;center&#8220; global_colors_info=&#8220;{}&#8220;]<div id=\"simple-weather--0be13eff8827bb96588edb5847151f2f\" class=\"simple-weather simple-weather--vue\" :style=\"atts.inline_css\">\r\n  <template v-if=\"style !== 'widget'\">\r\n    <span v-if=\"hasCurrentWeather()\" class=\"simple-weather__day simple-weather__day--current\">\r\n      <span v-if=\"filter_var(atts.show_units)\" class=\"simple-weather__date\">{{current_weather.dt | momentjs( atts.date )}}<\/span>\r\n      <i class=\"sw\" :class=\"getWeatherIcon(current_weather)\"><\/i>\r\n      <em class=\"simple-weather__temp\">{{current_weather.temp | temp}} &deg;<template v-if=\"filter_var(atts.show_units)\">{{units}}<\/template>\r\n      <\/em>\r\n    <\/span>\r\n    <template v-if=\"weather_feed\">\r\n      <span v-for=\"(day, index) in weather_feed\" v-if=\"isDayVisible(index, day)\" class=\"simple-weather__day\">\r\n        <span v-if=\"filter_var(atts.show_units)\" class=\"simple-weather__date\">{{day.dt | momentjs(atts.date)}}<\/span>\r\n        <i class=\"sw\" :class=\"getWeatherIcon(day)\"><\/i>\r\n        <em class=\"simple-weather__temp\">{{day.temp | temp}} &deg;<em class=\"simple-weather__temp-min\" v-if=\"filter_var(atts.night)\">{{day.temp_min | temp}} &deg;<\/em><template v-if=\"filter_var(atts.show_units)\">{{units}}<\/template><\/em>\r\n      <\/span>\r\n    <\/template>\r\n    <template v-else>\r\n      <span v-html=\"error\" class=\"error\"><\/span>\r\n    <\/template>\r\n  <\/template>\r\n  <template v-else>\r\n    <div class=\"simple-weather-widget\" v-if=\"current_weather.name || weather_feed\" :class=\"atts.inline_css ? 'simple-weather-widget--bg' : ''\">\r\n      <h4 class='widget_title' v-if=\"atts.title || current_weather.name\" v-text=\"atts.title ? atts.title : current_weather.name\"><\/h4>\r\n      <div class=\"temp\">\r\n        <span v-if=\"current_weather.temp\" class=\"degrees\">{{current_weather.temp | temp}} &deg;<\/span>\r\n        <span class=\"details\">\r\n          <template v-if=\"current_weather.humidity\">Humidity: <em class=\"float-right\">{{current_weather.humidity}}%<\/em><br><\/template>\r\n          <template v-if=\"current_weather.clouds\">Clouds: <em class=\"float-right\">{{current_weather.clouds}}%<\/em><br><\/template>\r\n          <template v-if=\"current_weather.wind\">Wind <small>({{current_weather.wind.deg}})<\/small>:\r\n          <em class=\"float-right\">{{current_weather.wind.speed}}<small>{{units_wind}}<\/small><\/em><\/template>\r\n        <\/span>\r\n      <\/div>\r\n      <div class=\"summary\">{{current_weather.desc}}<\/div>\r\n      <div class=\"simple-weather-table\" v-if=\"weather_feed\">\r\n        <div v-for=\"(day, index) in weather_feed\" v-if=\"index < atts.days\" class=\"simple-weather-table__row\">\r\n\t\t\t\t\t<div class=\"simple-weather-table__date\">{{day.dt | momentjs(atts.date)}}<\/div>\r\n\t\t\t\t\t<div class=\"simple-weather-table__icon\"><i class=\"sw\" :class=\"getWeatherIcon(day)\"><\/i><\/div>\r\n\t\t\t\t\t<div class=\"simple-weather-table__temp\">\r\n            {{day.temp | temp}}&deg;\r\n            <span class=\"simple-weather-table__temp-min\">{{day.temp_min | temp}} &deg;<\/span>\r\n          <\/div>\r\n        <\/div>\r\n      <\/div>\r\n    <\/div>\r\n  <\/template>\r\n<\/div>\r\n[\/et_pb_code][\/et_pb_column][\/et_pb_row][et_pb_row column_structure=&#8220;1_3,1_3,1_3&#8243; _builder_version=&#8220;4.16&#8243; _module_preset=&#8220;default&#8220; global_colors_info=&#8220;{}&#8220;][et_pb_column type=&#8220;1_3&#8243; _builder_version=&#8220;4.16&#8243; _module_preset=&#8220;default&#8220; global_colors_info=&#8220;{}&#8220;][et_pb_button button_url=&#8220;https:\/\/www.ilmatieteenlaitos.fi\/saa\/inari\/saariselk%C3%A4&#8243; url_new_window=&#8220;on&#8220; button_text=&#8220;Ilmatieteenlaitos&#8220; button_alignment=&#8220;center&#8220; _builder_version=&#8220;4.16&#8243; _module_preset=&#8220;default&#8220; custom_css_main_element=&#8220;width:100%;&#8220; global_colors_info=&#8220;{}&#8220;][\/et_pb_button][\/et_pb_column][et_pb_column type=&#8220;1_3&#8243; _builder_version=&#8220;4.16&#8243; _module_preset=&#8220;default&#8220; global_colors_info=&#8220;{}&#8220;][et_pb_button button_url=&#8220;https:\/\/www.foreca.fi\/Finland\/Inari\/Saariselka&#8220; url_new_window=&#8220;on&#8220; button_text=&#8220;Foreca&#8220; button_alignment=&#8220;center&#8220; _builder_version=&#8220;4.16&#8243; _module_preset=&#8220;default&#8220; custom_css_main_element=&#8220;width:100%;&#8220; global_colors_info=&#8220;{}&#8220;][\/et_pb_button][\/et_pb_column][et_pb_column type=&#8220;1_3&#8243; _builder_version=&#8220;4.16&#8243; _module_preset=&#8220;default&#8220; global_colors_info=&#8220;{}&#8220;][et_pb_button button_url=&#8220;https:\/\/www.yr.no\/nb\/v%C3%A6rvarsel\/daglig-tabell\/2-656220\/Finland\/Lappland\/Pohjois-Lappi\/Ivalo&#8220; url_new_window=&#8220;on&#8220; button_text=&#8220;Yr.no&#8220; button_alignment=&#8220;center&#8220; _builder_version=&#8220;4.16&#8243; _module_preset=&#8220;default&#8220; custom_css_main_element=&#8220;width:100%;&#8220; global_colors_info=&#8220;{}&#8220;][\/et_pb_button][\/et_pb_column][\/et_pb_row][\/et_pb_section]<\/p>\n","protected":false},"excerpt":{"rendered":"<p>Aktivit\u00e4ten Lapponia Tours bietet die Erlebnisse f\u00fcr Ihren Urlaub in Saariselk\u00e4Ferienh\u00e4user W\u00e4hlen Sie die beste Unterkunft in Saariselk\u00e4 aus LomarengasAusr\u00fcstung zum MietenNatursport Enthusiasts Seite hat Informationen f\u00fcr Natursport Enthusiasten, besonders f\u00fcr Skilanflaufen,Programme und Aktivit\u00e4ten Buchen Sie t\u00e4gliche Safaris und Ausfl\u00fcge von hier Lapponia Tours Online Buchen Sie Aktivit\u00e4ten f\u00fcr ein perfektes UrlaubserlebnisWetter Ivalo<div id=\"simple-weather--7094e2b67ec937697a7fb2321b4548a0\" class=\"simple-weather simple-weather--vue\" :style=\"atts.inline_css\">\r\n  <template v-if=\"style !== 'widget'\">\r\n    <span v-if=\"hasCurrentWeather()\" class=\"simple-weather__day simple-weather__day--current\">\r\n      <span v-if=\"filter_var(atts.show_units)\" class=\"simple-weather__date\">{{current_weather.dt | momentjs( atts.date )}}<\/span>\r\n      <i class=\"sw\" :class=\"getWeatherIcon(current_weather)\"><\/i>\r\n      <em class=\"simple-weather__temp\">{{current_weather.temp | temp}} &deg;<template v-if=\"filter_var(atts.show_units)\">{{units}}<\/template>\r\n      <\/em>\r\n    <\/span>\r\n    <template v-if=\"weather_feed\">\r\n      <span v-for=\"(day, index) in weather_feed\" v-if=\"isDayVisible(index, day)\" class=\"simple-weather__day\">\r\n        <span v-if=\"filter_var(atts.show_units)\" class=\"simple-weather__date\">{{day.dt | momentjs(atts.date)}}<\/span>\r\n        <i class=\"sw\" :class=\"getWeatherIcon(day)\"><\/i>\r\n        <em class=\"simple-weather__temp\">{{day.temp | temp}} &deg;<em class=\"simple-weather__temp-min\" v-if=\"filter_var(atts.night)\">{{day.temp_min | temp}} &deg;<\/em><template v-if=\"filter_var(atts.show_units)\">{{units}}<\/template><\/em>\r\n      <\/span>\r\n    <\/template>\r\n    <template v-else>\r\n      <span v-html=\"error\" class=\"error\"><\/span>\r\n    <\/template>\r\n  <\/template>\r\n  <template v-else>\r\n    <div class=\"simple-weather-widget\" v-if=\"current_weather.name || weather_feed\" :class=\"atts.inline_css ? 'simple-weather-widget--bg' : ''\">\r\n      <h4 class='widget_title' v-if=\"atts.title || current_weather.name\" v-text=\"atts.title ? atts.title : current_weather.name\"><\/h4>\r\n      <div class=\"temp\">\r\n        <span v-if=\"current_weather.temp\" class=\"degrees\">{{current_weather.temp | temp}} &deg;<\/span>\r\n        <span class=\"details\">\r\n          <template v-if=\"current_weather.humidity\">Humidity: <em class=\"float-right\">{{current_weather.humidity}}%<\/em><br><\/template>\r\n          <template v-if=\"current_weather.clouds\">Clouds: <em class=\"float-right\">{{current_weather.clouds}}%<\/em><br><\/template>\r\n          <template v-if=\"current_weather.wind\">Wind <small>({{current_weather.wind.deg}})<\/small>:\r\n          <em class=\"float-right\">{{current_weather.wind.speed}}<small>{{units_wind}}<\/small><\/em><\/template>\r\n        <\/span>\r\n      <\/div>\r\n      <div class=\"summary\">{{current_weather.desc}}<\/div>\r\n      <div class=\"simple-weather-table\" v-if=\"weather_feed\">\r\n        <div v-for=\"(day, index) in weather_feed\" v-if=\"index < atts.days\" class=\"simple-weather-table__row\">\r\n\t\t\t\t\t<div class=\"simple-weather-table__date\">{{day.dt | momentjs(atts.date)}}<\/div>\r\n\t\t\t\t\t<div class=\"simple-weather-table__icon\"><i class=\"sw\" :class=\"getWeatherIcon(day)\"><\/i><\/div>\r\n\t\t\t\t\t<div class=\"simple-weather-table__temp\">\r\n            {{day.temp | temp}}&deg;\r\n            <span class=\"simple-weather-table__temp-min\">{{day.temp_min | temp}} &deg;<\/span>\r\n          <\/div>\r\n        <\/div>\r\n      <\/div>\r\n    <\/div>\r\n  <\/template>\r\n<\/div>\r\n<\/p>\n","protected":false},"author":3,"featured_media":0,"parent":0,"menu_order":0,"comment_status":"closed","ping_status":"closed","template":"","meta":{"_et_pb_use_builder":"on","_et_pb_old_content":"","_et_gb_content_width":"","footnotes":""},"class_list":["post-10683","page","type-page","status-publish","hentry"],"_links":{"self":[{"href":"https:\/\/saariselka.com\/de\/wp-json\/wp\/v2\/pages\/10683","targetHints":{"allow":["GET"]}}],"collection":[{"href":"https:\/\/saariselka.com\/de\/wp-json\/wp\/v2\/pages"}],"about":[{"href":"https:\/\/saariselka.com\/de\/wp-json\/wp\/v2\/types\/page"}],"author":[{"embeddable":true,"href":"https:\/\/saariselka.com\/de\/wp-json\/wp\/v2\/users\/3"}],"replies":[{"embeddable":true,"href":"https:\/\/saariselka.com\/de\/wp-json\/wp\/v2\/comments?post=10683"}],"version-history":[{"count":66,"href":"https:\/\/saariselka.com\/de\/wp-json\/wp\/v2\/pages\/10683\/revisions"}],"predecessor-version":[{"id":19176,"href":"https:\/\/saariselka.com\/de\/wp-json\/wp\/v2\/pages\/10683\/revisions\/19176"}],"wp:attachment":[{"href":"https:\/\/saariselka.com\/de\/wp-json\/wp\/v2\/media?parent=10683"}],"curies":[{"name":"wp","href":"https:\/\/api.w.org\/{rel}","templated":true}]}}