{"id":10633,"date":"2022-01-11T13:45:56","date_gmt":"2022-01-11T11:45:56","guid":{"rendered":"https:\/\/saariselka.com\/?page_id=10633"},"modified":"2023-06-12T12:56:16","modified_gmt":"2023-06-12T09:56:16","slug":"activities","status":"publish","type":"page","link":"https:\/\/saariselka.com\/de\/activities\/","title":{"rendered":"Aktivit\u00e4ten"},"content":{"rendered":"<p>[et_pb_section fb_built=&#8220;1&#8243; _builder_version=&#8220;4.21.0&#8243; _module_preset=&#8220;default&#8220; background_color=&#8220;rgba(52,56,55,0.2)&#8220; background_image=&#8220;https:\/\/saariselka.com\/wp-content\/uploads\/2021\/10\/Hiihto-scaled.jpg&#8220; background_blend=&#8220;overlay&#8220; custom_padding=&#8220;199px||199px||true|false&#8220; hover_enabled=&#8220;0&#8243; saved_tabs=&#8220;all&#8220; locked=&#8220;off&#8220; global_colors_info=&#8220;{}&#8220; alt=&#8220;hiihto, cross-coutry skiing&#8220; title_text=&#8220;Hiihto&#8220; sticky_enabled=&#8220;0&#8243;][et_pb_row _builder_version=&#8220;4.16&#8243; _module_preset=&#8220;default&#8220; global_colors_info=&#8220;{}&#8220;][et_pb_column type=&#8220;4_4&#8243; _builder_version=&#8220;4.16&#8243; _module_preset=&#8220;default&#8220; global_colors_info=&#8220;{}&#8220;][et_pb_text _builder_version=&#8220;4.16&#8243; _dynamic_attributes=&#8220;content&#8220; _module_preset=&#8220;default&#8220; text_orientation=&#8220;center&#8220; background_layout=&#8220;dark&#8220; custom_margin=&#8220;0px||0px||true|false&#8220; custom_padding=&#8220;||||true|false&#8220; global_colors_info=&#8220;{}&#8220;]@ET-DC@eyJkeW5hbWljIjp0cnVlLCJjb250ZW50IjoicG9zdF90aXRsZSIsInNldHRpbmdzIjp7ImJlZm9yZSI6IjxoMT4iLCJhZnRlciI6IjwvaDE+In19@[\/et_pb_text][et_pb_text _builder_version=&#8220;4.16&#8243; _module_preset=&#8220;default&#8220; text_font=&#8220;|800||on|||||&#8220; text_font_size=&#8220;20px&#8220; text_line_height=&#8220;25px&#8220; text_orientation=&#8220;center&#8220; background_layout=&#8220;dark&#8220; custom_padding=&#8220;||2px|||&#8220; global_colors_info=&#8220;{}&#8220;]<\/p>\n<p>Aktivit\u00e4ten, Safaris und Ausfl\u00fcge<\/p>\n<p>[\/et_pb_text][\/et_pb_column][\/et_pb_row][\/et_pb_section][et_pb_section fb_built=&#8220;1&#8243; _builder_version=&#8220;4.17.1&#8243; _module_preset=&#8220;default&#8220; background_color=&#8220;#FFFFFF&#8220; locked=&#8220;off&#8220; global_colors_info=&#8220;{}&#8220;][et_pb_row _builder_version=&#8220;4.16&#8243; _module_preset=&#8220;default&#8220; global_colors_info=&#8220;{}&#8220;][et_pb_column type=&#8220;4_4&#8243; _builder_version=&#8220;4.16&#8243; _module_preset=&#8220;default&#8220; global_colors_info=&#8220;{}&#8220;][et_pb_text _builder_version=&#8220;4.17.1&#8243; _module_preset=&#8220;default&#8220; text_orientation=&#8220;center&#8220; global_colors_info=&#8220;{}&#8220;]<\/p>\n<h2>Aktivit\u00e4ten in Inari-Saariselk\u00e4 gebiet<\/h2>\n<p>[\/et_pb_text][et_pb_button button_url=&#8220;https:\/\/lapponiatours.com\/de\/activities\/&#8220; button_text=&#8220;Inari-Saariselk\u00e4 Aktivit\u00e4ten&#8220; button_alignment=&#8220;center&#8220; module_class=&#8220;original-activity-button&#8220; _builder_version=&#8220;4.21.0&#8243; _module_preset=&#8220;default&#8220; locked=&#8220;off&#8220; global_colors_info=&#8220;{}&#8220;][\/et_pb_button][et_pb_button button_url=&#8220;https:\/\/fareharbor.com\/embeds\/book\/saariselkabooking\/?full-items=yes&#038;flow=64573&#8243; button_text=&#8220;Inari-Saariselk\u00e4 Aktivit\u00e4ten&#8220; button_alignment=&#8220;center&#8220; _builder_version=&#8220;4.21.0&#8243; _module_preset=&#8220;default&#8220; locked=&#8220;off&#8220; global_colors_info=&#8220;{}&#8220;][\/et_pb_button][\/et_pb_column][\/et_pb_row][\/et_pb_section][et_pb_section fb_built=&#8220;1&#8243; _builder_version=&#8220;4.20.2&#8243; _module_preset=&#8220;default&#8220; custom_padding=&#8220;0px|0px|0px|0px|false|false&#8220; locked=&#8220;off&#8220; global_colors_info=&#8220;{}&#8220;][et_pb_row column_structure=&#8220;1_2,1_2&#8243; use_custom_gutter=&#8220;on&#8220; gutter_width=&#8220;1&#8243; make_equal=&#8220;on&#8220; _builder_version=&#8220;4.21.0&#8243; _module_preset=&#8220;default&#8220; width=&#8220;100%&#8220; max_width=&#8220;100%&#8220; custom_margin=&#8220;0px|0px|0px|0px|false|false&#8220; custom_padding=&#8220;0px|0px|0px|0px|false|false&#8220; global_colors_info=&#8220;{}&#8220;][et_pb_column type=&#8220;1_2&#8243; _builder_version=&#8220;4.20.2&#8243; _module_preset=&#8220;default&#8220; background_color=&#8220;#F2F2F2&#8243; custom_padding=&#8220;40px|4%|40px|4%|true|true&#8220; global_colors_info=&#8220;{}&#8220;][et_pb_text _builder_version=&#8220;4.20.2&#8243; _module_preset=&#8220;default&#8220; custom_padding=&#8220;20px|20px|20px|20px|false|false&#8220; global_colors_info=&#8220;{}&#8220;]<iframe loading=\"lazy\" style=\"border: 0;\" src=\"https:\/\/www.google.com\/maps\/embed?pb=!1m18!1m12!1m3!1d1467.3873504020667!2d27.412957157177733!3d68.42104604512055!2m3!1f0!2f0!3f0!3m2!1i1024!2i768!4f13.1!3m3!1m2!1s0x45cd4312e5ac4c8f%3A0xf6d304c54a20c473!2sLapponia%20Tours%20(Top%20Safaris)!5e0!3m2!1sfi!2sfi!4v1669982471499!5m2!1sfi!2sfi\" width=\"600\" height=\"450\" allowfullscreen=\"allowfullscreen\" data-mce-fragment=\"1\"><\/iframe><br \/>\n[\/et_pb_text][\/et_pb_column][et_pb_column type=&#8220;1_2&#8243; _builder_version=&#8220;4.21.0&#8243; _module_preset=&#8220;default&#8220; background_color=&#8220;#343837&#8243; background_enable_image=&#8220;off&#8220; custom_padding=&#8220;40px|4%|40px|4%|true|true&#8220; global_colors_info=&#8220;{}&#8220;][et_pb_text _builder_version=&#8220;4.21.0&#8243; _module_preset=&#8220;default&#8220; background_layout=&#8220;dark&#8220; custom_padding=&#8220;20px|20px|20px|20px|false|false&#8220; global_colors_info=&#8220;{}&#8220;]<\/p>\n<h2>Lapponia Tours Safari House<\/h2>\n<p>&nbsp;<\/p>\n<blockquote>\n<h4>Walk-in address:\u00a0 Honkapolku 1, 99830 Saariselk\u00e4<\/h4>\n<\/blockquote>\n<p>Phone:\u00a0 +358 16 667 033<\/p>\n<p>Email:\u00a0 sales@lapponiatours.com<\/p>\n<p>[\/et_pb_text][et_pb_button button_url=&#8220;tel:+35816667033&#8243; button_text=&#8220;Call to safari house&#8220; module_class=&#8220;original-activity-button&#8220; _builder_version=&#8220;4.21.0&#8243; _module_preset=&#8220;default&#8220; custom_margin=&#8220;20px|40px|20px|40px|false|false&#8220; custom_padding=&#8220;||||false|false&#8220; global_colors_info=&#8220;{}&#8220;][\/et_pb_button][et_pb_button button_url=&#8220;mailto:sales@saariselka.com&#8220; button_text=&#8220;Sent email to Safari House&#8220; module_class=&#8220;original-activity-button&#8220; _builder_version=&#8220;4.21.0&#8243; _module_preset=&#8220;default&#8220; custom_margin=&#8220;20px|40px|20px|40px|false|false&#8220; global_colors_info=&#8220;{}&#8220;][\/et_pb_button][et_pb_button button_url=&#8220;https:\/\/fareharbor.com\/embeds\/book\/saariselkabooking\/?full-items=yes&#038;flow=960515&#8243; button_text=&#8220;ONLINE RENTAL SHOP&#8220; _builder_version=&#8220;4.21.0&#8243; _module_preset=&#8220;default&#8220; custom_margin=&#8220;20px|40px|20px|40px|false|false&#8220; global_colors_info=&#8220;{}&#8220;][\/et_pb_button][\/et_pb_column][\/et_pb_row][\/et_pb_section]<\/p>\n","protected":false},"excerpt":{"rendered":"<p>Aktivit\u00e4ten, Safaris und Ausfl\u00fcgeAktivit\u00e4ten in Inari-Saariselk\u00e4 gebiet Lapponia Tours Safari House &nbsp; Walk-in address:\u00a0 Honkapolku 1, 99830 Saariselk\u00e4 Phone:\u00a0 +358 16 667 033 Email:\u00a0 sales@lapponiatours.com<\/p>\n","protected":false},"author":3,"featured_media":0,"parent":0,"menu_order":0,"comment_status":"closed","ping_status":"closed","template":"saariselka-api-aktiviteetit.php","meta":{"_et_pb_use_builder":"on","_et_pb_old_content":"","_et_gb_content_width":"","footnotes":""},"class_list":["post-10633","page","type-page","status-publish","hentry"],"_links":{"self":[{"href":"https:\/\/saariselka.com\/de\/wp-json\/wp\/v2\/pages\/10633","targetHints":{"allow":["GET"]}}],"collection":[{"href":"https:\/\/saariselka.com\/de\/wp-json\/wp\/v2\/pages"}],"about":[{"href":"https:\/\/saariselka.com\/de\/wp-json\/wp\/v2\/types\/page"}],"author":[{"embeddable":true,"href":"https:\/\/saariselka.com\/de\/wp-json\/wp\/v2\/users\/3"}],"replies":[{"embeddable":true,"href":"https:\/\/saariselka.com\/de\/wp-json\/wp\/v2\/comments?post=10633"}],"version-history":[{"count":24,"href":"https:\/\/saariselka.com\/de\/wp-json\/wp\/v2\/pages\/10633\/revisions"}],"predecessor-version":[{"id":19196,"href":"https:\/\/saariselka.com\/de\/wp-json\/wp\/v2\/pages\/10633\/revisions\/19196"}],"wp:attachment":[{"href":"https:\/\/saariselka.com\/de\/wp-json\/wp\/v2\/media?parent=10633"}],"curies":[{"name":"wp","href":"https:\/\/api.w.org\/{rel}","templated":true}]}}